
{"id":10013,"date":"2025-02-23T16:25:00","date_gmt":"2025-02-23T16:25:00","guid":{"rendered":"https:\/\/www.overline-design.de\/poetry\/?page_id=10013"},"modified":"2025-03-20T07:18:00","modified_gmt":"2025-03-20T07:18:00","slug":"ist-besser-nicht-mehr-zu-regieren-als-wieder-falsch-zu-regieren","status":"publish","type":"page","link":"https:\/\/www.overline-design.de\/poetry\/?page_id=10013","title":{"rendered":"Ist besser nicht (mehr) zu regieren, als (wieder) falsch zu regieren!"},"content":{"rendered":"\n<p>Als einzig erfreulich nach der Bundestagswahl habe ich empfunden,<br>dass die <strong>FDP<\/strong> und das <strong>BSW<\/strong> wurden der \u201eVerantwortung\u201c entbunden.<br>Das sich die <strong>AFD<\/strong> mit Stimmengewinn auf das Doppelte hat verst\u00e4rkt,<br>weil aus Vergangenem nichts gelernt, habe ich als negativ vermerkt.<br><br>Die \u00c4lteren die \u201eh\u00e4ssliche Fratze des Nationalismus\u201c kennen gelernt<br>und h\u00e4tten gerne die &#8222;braune <strong>AFD<\/strong>-Saat&#8220; aus unserer Politik entfernt.<br>Die J\u00fcngeren sich politisch nur \u00fcber die TikTok-Website informieren,<br>weil gut gemacht, kritiklos Haltung und Politik der <strong>AFD<\/strong> konsumieren.<br><br><strong>Christian Lindner<\/strong> hat sich schon als Z\u00fcnglein an der Waage gesehen<br>und er w\u00e4re der Wichtigste in einer Koalition, gab er zu verstehen.<br>Prozentual wurde dem <strong>Christian Lindner<\/strong> seine Erwartung gek\u00fcrzt,<br>durch die Reaktionen in der Vergangenheit seine Politik \u201e\u00fcberw\u00fcrzt\u201c.<br><br>So wurde <strong>Christian Lindner<\/strong> als \u201eKoalitionscrasher\u201c negativ bekannt,<br>denn durch seine \u201e\u00d6ffentlichkeitsarbeit\u201c, hat er sich selbst &#8222;verrannt&#8220;.<br>Wer will wieder den \u201epolitischen Stillstand\u201c in einer Koalition erleben,<br>wo es nur Streit und keine Schlichtung durch den Kanzler gegeben.<br><br>Auch <strong>Sahra Wagenknecht<\/strong>, von der selbsternannten \u201eFriedenspartei\u201c,<br>ist in den n\u00e4chsten vier Jahren oder auch l\u00e4nger, nicht mehr dabei.<br>Sie kann den Stimmenabsturz f\u00fcr sich immer noch nicht verstehen,<br>sie nur alleine ist f\u00fcr den Frieden und wie soll es jetzt weitergehen?<br><br><strong>Sahra Wagenknecht<\/strong> von der \u201etotgeglaubten\u201c <strong>Linke<\/strong> \u201elinks\u201c \u00fcberholt,<br>denn mit neuer Besetzung war die Glaubw\u00fcrdigkeit \u201erichtig gepolt\u201c.<br>Anders als bei dem <strong>BSW<\/strong> die russischen Gebetsm\u00fchlen abgeschafft,<br>die Ziele Gerechtigkeit, Frieden und nat\u00fcrlich auch Wirtschaftskraft.<br><br>Koalitionsparteien wurden vom W\u00e4hler ohne Auswahl vorgegeben!<br>Ohne die abgelehnte <strong>AFD<\/strong> k\u00f6nnen wir <strong>CDU<\/strong> und <strong>SPD<\/strong> als Paar erleben.<br>Hoffnung: Beim politischen Agieren &#8222;bleiben die T\u00fcren verschlossen&#8220;,<br>so dass die <strong>AFD<\/strong> wird wieder in die Bedeutungslosigkeit geschossen!<br><br>\u00a9 Rainer Dambroth &#8211; 23.02.2025 &#8211; www.overline-poetry.de<\/p>\n","protected":false},"excerpt":{"rendered":"<p>Als einzig erfreulich nach der Bundestagswahl habe ich empfunden,dass die FDP und das BSW wurden der \u201eVerantwortung\u201c entbunden.Das sich die AFD mit Stimmengewinn auf das Doppelte hat verst\u00e4rkt,weil aus Vergangenem nichts gelernt, habe ich als negativ vermerkt. Die \u00c4lteren die \u201eh\u00e4ssliche Fratze des Nationalismus\u201c kennen gelerntund h\u00e4tten gerne die &#8222;braune AFD-Saat&#8220; aus unserer Politik entfernt.Die [&hellip;]<\/p>\n","protected":false},"author":3,"featured_media":0,"parent":0,"menu_order":0,"comment_status":"closed","ping_status":"closed","template":"","meta":{"footnotes":""},"class_list":["post-10013","page","type-page","status-publish","hentry"],"jetpack_sharing_enabled":true,"_links":{"self":[{"href":"https:\/\/www.overline-design.de\/poetry\/index.php?rest_route=\/wp\/v2\/pages\/10013","targetHints":{"allow":["GET"]}}],"collection":[{"href":"https:\/\/www.overline-design.de\/poetry\/index.php?rest_route=\/wp\/v2\/pages"}],"about":[{"href":"https:\/\/www.overline-design.de\/poetry\/index.php?rest_route=\/wp\/v2\/types\/page"}],"author":[{"embeddable":true,"href":"https:\/\/www.overline-design.de\/poetry\/index.php?rest_route=\/wp\/v2\/users\/3"}],"replies":[{"embeddable":true,"href":"https:\/\/www.overline-design.de\/poetry\/index.php?rest_route=%2Fwp%2Fv2%2Fcomments&post=10013"}],"version-history":[{"count":7,"href":"https:\/\/www.overline-design.de\/poetry\/index.php?rest_route=\/wp\/v2\/pages\/10013\/revisions"}],"predecessor-version":[{"id":10061,"href":"https:\/\/www.overline-design.de\/poetry\/index.php?rest_route=\/wp\/v2\/pages\/10013\/revisions\/10061"}],"wp:attachment":[{"href":"https:\/\/www.overline-design.de\/poetry\/index.php?rest_route=%2Fwp%2Fv2%2Fmedia&parent=10013"}],"curies":[{"name":"wp","href":"https:\/\/api.w.org\/{rel}","templated":true}]}}