
{"id":10023,"date":"2025-03-07T00:02:00","date_gmt":"2025-03-07T00:02:00","guid":{"rendered":"https:\/\/www.overline-design.de\/poetry\/?page_id=10023"},"modified":"2025-03-07T07:36:37","modified_gmt":"2025-03-07T07:36:37","slug":"ukraine-frieden-inszenierung-von-donald-trump","status":"publish","type":"page","link":"https:\/\/www.overline-design.de\/poetry\/?page_id=10023","title":{"rendered":"Ukraine Frieden? &#8211; Inszenierung von Donald Trump"},"content":{"rendered":"\n<p><strong>Donald Trump<\/strong> erwartete von der Ukraine Demut und Dankbarkeit.<br><strong>Selensky<\/strong> wollte eine Friedensgarantie, dazu war <strong>Trump<\/strong> nicht bereit.<br><strong>Trump<\/strong> wollte sich als \u201eFriedensstifter\u201c vor den Medien inszenieren,<br>aber er wollte, als Gewinn, den Vertrag f\u00fcr die Rohstoffe signieren.<br><br>Das Treffen mit <strong>Selensky<\/strong> hat <strong>Donald Trump<\/strong> st\u00fcmperhaft inszeniert.<br>Beabsichtigt, das der ukrainische Pr\u00e4sident <strong>Selensky<\/strong> \u201evorgef\u00fchrt\u201c?<br><strong>Selensky<\/strong> nur geladen zur Vertragsunterzeichnung im wei\u00dfen Haus,<br>aber als <strong>Selensky<\/strong> eine Garantie f\u00fcr Frieden wollte, <strong>da kam das Aus<\/strong>.<br><br><strong>Donald Trump<\/strong> nur an Rohstoffausbeutung der Ukraine interessiert,<br>aber ohne einen \u201eFriedensw\u00e4chter\u201c die Ukraine den Krieg verliert.<br>Den Frieden in der Ukraine soll Europa ohne Amerika \u00fcberwachen,<br>dann kann <strong>Donald Trump<\/strong> mit Russland gemeinsame Sache machen.<br><br>Das gro\u00dfe verl\u00e4ssliche Amerika gibt es f\u00fcr die n\u00e4chsten Jahre nicht<br>und auch danach per Dekret gibt von <strong>Donald Trump<\/strong> keinen Verzicht<br>Er hat schnell von dem Despoten <strong>Putin<\/strong> gelernt autorit\u00e4res Verhalten<br>und er wird Amerika als sein autorit\u00e4res \u201eK\u00f6nigsreich\u201c umgestalten.<br><br>Amerika fr\u00fcher eine Weltmacht und Inbegriff f\u00fcr grenzenlose Freiheit<br>heute ist <strong>Donald Trump<\/strong>, eine \u201eKr\u00e4merseele\u201c, nur f\u00fcr den Deal bereit.<br><strong>Donald Trump<\/strong> als ein \u201eDealmaker\u201c sieht \u00fcberall nur seinen Gewinn,<br>aber das unsere Erde zerbrechlich ist, kommt <strong>Trump<\/strong> nicht in den Sinn.<br><br><strong>Donald Trump<\/strong> ist ein &#8222;Schaumschl\u00e4ger&#8220; und ein Meister der Rhetorik <br>und beifallsheischend kreist bei seinen Reden in die Runde sein Blick.<br>So kann <strong>Trump<\/strong> den Verlauf der Rede bei den Zuh\u00f6rern kontrollieren<br>und seine Erfolge bei den republikanischen Anh\u00e4ngern positionieren.<br><br>Das freie Europa muss endlich lernen auf eigenen F\u00fcssen zu stehen<br>und in gel\u00f6ster Abh\u00e4ngigkeit von Amerika auch eigene Wege gehen.<br>Amerika unter <strong>Donalds Trumps<\/strong> Herrschaft nicht mehr zu kalkulieren,<br>so wird Europa, ohne eine Gemeinschaft, den Ukraine-Krieg verlieren<br><br><strong>\u00a9 Rainer Dambroth \u2013 07.03.2025 \u2013 www.overline-poetry.de<\/strong><br><br><br><\/p>\n","protected":false},"excerpt":{"rendered":"<p>Donald Trump erwartete von der Ukraine Demut und Dankbarkeit.Selensky wollte eine Friedensgarantie, dazu war Trump nicht bereit.Trump wollte sich als \u201eFriedensstifter\u201c vor den Medien inszenieren,aber er wollte, als Gewinn, den Vertrag f\u00fcr die Rohstoffe signieren. Das Treffen mit Selensky hat Donald Trump st\u00fcmperhaft inszeniert.Beabsichtigt, das der ukrainische Pr\u00e4sident Selensky \u201evorgef\u00fchrt\u201c?Selensky nur geladen zur Vertragsunterzeichnung im [&hellip;]<\/p>\n","protected":false},"author":3,"featured_media":0,"parent":0,"menu_order":0,"comment_status":"closed","ping_status":"closed","template":"","meta":{"footnotes":""},"class_list":["post-10023","page","type-page","status-publish","hentry"],"jetpack_sharing_enabled":true,"_links":{"self":[{"href":"https:\/\/www.overline-design.de\/poetry\/index.php?rest_route=\/wp\/v2\/pages\/10023","targetHints":{"allow":["GET"]}}],"collection":[{"href":"https:\/\/www.overline-design.de\/poetry\/index.php?rest_route=\/wp\/v2\/pages"}],"about":[{"href":"https:\/\/www.overline-design.de\/poetry\/index.php?rest_route=\/wp\/v2\/types\/page"}],"author":[{"embeddable":true,"href":"https:\/\/www.overline-design.de\/poetry\/index.php?rest_route=\/wp\/v2\/users\/3"}],"replies":[{"embeddable":true,"href":"https:\/\/www.overline-design.de\/poetry\/index.php?rest_route=%2Fwp%2Fv2%2Fcomments&post=10023"}],"version-history":[{"count":13,"href":"https:\/\/www.overline-design.de\/poetry\/index.php?rest_route=\/wp\/v2\/pages\/10023\/revisions"}],"predecessor-version":[{"id":10038,"href":"https:\/\/www.overline-design.de\/poetry\/index.php?rest_route=\/wp\/v2\/pages\/10023\/revisions\/10038"}],"wp:attachment":[{"href":"https:\/\/www.overline-design.de\/poetry\/index.php?rest_route=%2Fwp%2Fv2%2Fmedia&parent=10023"}],"curies":[{"name":"wp","href":"https:\/\/api.w.org\/{rel}","templated":true}]}}