
{"id":10043,"date":"2025-03-12T07:47:08","date_gmt":"2025-03-12T07:47:08","guid":{"rendered":"https:\/\/www.overline-design.de\/poetry\/?page_id=10043"},"modified":"2025-04-20T15:22:14","modified_gmt":"2025-04-20T15:22:14","slug":"mit-donald-trump-wird-amerika-vom-freund-zum-feind","status":"publish","type":"page","link":"https:\/\/www.overline-design.de\/poetry\/?page_id=10043","title":{"rendered":"Mit Donald Trump wird Amerika vom Freund zum Feind?"},"content":{"rendered":"\n<p>Amerika, als der starke Nato Partner f\u00fcr Europa, wird uns verlassen,<br>denn der Egomane <strong>Donald Trump<\/strong> scheint Europa jetzt zu \u201ehassen\u201c.<br>F\u00fcr die Ukraine wurden von Amerika die Unterst\u00fctzungen eingestellt,<br>weil dem <strong>Donald Trump<\/strong> der Ton von Pr\u00e4sident <strong>Selensky<\/strong> nicht gef\u00e4llt.<br><br>Pr\u00e4sident <strong>Selensky<\/strong> gegen\u00fcber dem <strong>Donald Trump<\/strong> \u201eSt\u00e4rke gezeigt\u201c,<br>so dass dieser einer weiteren Waffenunterst\u00fctzung dann abgeneigt.<br><strong>Selensky&#8217;s<\/strong> Besuch wurde von Trump \u201emedial vorbereitet\u201c inszeniert<br>und die Absicht, das <strong>Selensky<\/strong> von <strong>Donald<\/strong> <strong>Trump<\/strong> wird &#8222;vorgef\u00fchrt&#8220;.<br><br>Selensky hat es gewagt, von <strong>Donald Trump<\/strong> Sicherheiten zu fordern,<br>aber <strong>Donald Trump<\/strong> wollte nur Rohstoffe ohne Gegenleistung ordern.<br><strong>Selensky<\/strong> hat dem Herrscher <strong>Donald Trump <\/strong>\u201enicht die F\u00fc\u00dfe gek\u00fcsst\u201c.<br>Eine Missachtung von \u201e<strong>King Donald<\/strong>\u201c, denn er den Respekt vermisst!<br><br><strong>Trump<\/strong> wurde mit der roten Basecap, der Herrscher-Krone, gesegnet.<br>Vorsicht geboten, wenn einem <strong>Trump<\/strong> mit roter Basecap begegnet!<br>Amerika zu einem \u201eautorit\u00e4ren Staat\u201c von <strong>Donald Trump<\/strong> umgebaut!<br>In ein Land der \u201ebegrenzten Unm\u00f6glichkeiten\u201c, wovor einem graut.<br><br>Ein zu Russland geneigter Pr\u00e4sident soll f\u00fcr die <strong>Ukraine<\/strong> nominiert,<br>so man keinen Widerstand bei der Kapitulation der <strong>Ukraine<\/strong> riskiert.<br>Wie in <strong>Belarus<\/strong>, soll die Demokratisierung der <strong>Ukraine<\/strong> unterbunden,<br>f\u00fcr <strong>Belarus<\/strong> der russlandtreue <strong>Lukaschenko<\/strong> als Pr\u00e4sident gefunden.<br><br>Wenn die <strong>Ukrane<\/strong> durch dann zu Rest-Europa wird erst abgeschottet,<br>dann werden die Widerst\u00e4ndler von <strong>Putin<\/strong> systematisch ausgerottet.<br><strong>Ukrainer<\/strong> sollen als Sklaven f\u00fcr die &#8222;russische Autokratie&#8220; eingesetzt,<br>aber wurden in einem demokratischen freien Europa wertgesch\u00e4tzt!<br><br><strong>\u00a9<\/strong> Rainer Dambroth &#8211; 11.03.2025 &#8211; <strong><a href=\"http:\/\/www.overline-poetry.de\/\">www.overline-poetry.de<\/a><\/strong><br><br><strong>Wer den Hut auf hat<\/strong> <strong>(in diesem Fall die Basecap)<\/strong><br>Die Redewendung \u201eden Hut aufhaben\u201c steht sinnbildlich f\u00fcr Verantwortung und Entscheidungsgewalt. Wer \u201eden Hut aufhat\u201c, ist die Person, die das Sagen hat, die F\u00fchrung \u00fcbernimmt oder f\u00fcr etwas verantwortlich ist.<br><em>&#8211; Internet &#8211;<\/em><br><br><\/p>\n","protected":false},"excerpt":{"rendered":"<p>Amerika, als der starke Nato Partner f\u00fcr Europa, wird uns verlassen,denn der Egomane Donald Trump scheint Europa jetzt zu \u201ehassen\u201c.F\u00fcr die Ukraine wurden von Amerika die Unterst\u00fctzungen eingestellt,weil dem Donald Trump der Ton von Pr\u00e4sident Selensky nicht gef\u00e4llt. Pr\u00e4sident Selensky gegen\u00fcber dem Donald Trump \u201eSt\u00e4rke gezeigt\u201c,so dass dieser einer weiteren Waffenunterst\u00fctzung dann abgeneigt.Selensky&#8217;s Besuch wurde [&hellip;]<\/p>\n","protected":false},"author":3,"featured_media":0,"parent":0,"menu_order":0,"comment_status":"closed","ping_status":"closed","template":"","meta":{"footnotes":""},"class_list":["post-10043","page","type-page","status-publish","hentry"],"jetpack_sharing_enabled":true,"_links":{"self":[{"href":"https:\/\/www.overline-design.de\/poetry\/index.php?rest_route=\/wp\/v2\/pages\/10043","targetHints":{"allow":["GET"]}}],"collection":[{"href":"https:\/\/www.overline-design.de\/poetry\/index.php?rest_route=\/wp\/v2\/pages"}],"about":[{"href":"https:\/\/www.overline-design.de\/poetry\/index.php?rest_route=\/wp\/v2\/types\/page"}],"author":[{"embeddable":true,"href":"https:\/\/www.overline-design.de\/poetry\/index.php?rest_route=\/wp\/v2\/users\/3"}],"replies":[{"embeddable":true,"href":"https:\/\/www.overline-design.de\/poetry\/index.php?rest_route=%2Fwp%2Fv2%2Fcomments&post=10043"}],"version-history":[{"count":6,"href":"https:\/\/www.overline-design.de\/poetry\/index.php?rest_route=\/wp\/v2\/pages\/10043\/revisions"}],"predecessor-version":[{"id":10187,"href":"https:\/\/www.overline-design.de\/poetry\/index.php?rest_route=\/wp\/v2\/pages\/10043\/revisions\/10187"}],"wp:attachment":[{"href":"https:\/\/www.overline-design.de\/poetry\/index.php?rest_route=%2Fwp%2Fv2%2Fmedia&parent=10043"}],"curies":[{"name":"wp","href":"https:\/\/api.w.org\/{rel}","templated":true}]}}