
{"id":10062,"date":"2025-03-21T17:47:54","date_gmt":"2025-03-21T17:47:54","guid":{"rendered":"https:\/\/www.overline-design.de\/poetry\/?page_id=10062"},"modified":"2025-03-23T08:18:06","modified_gmt":"2025-03-23T08:18:06","slug":"der-merz-taktiert-sich-im-maerz-mit-schulden-an-die-macht","status":"publish","type":"page","link":"https:\/\/www.overline-design.de\/poetry\/?page_id=10062","title":{"rendered":"Der Merz taktiert sich im M\u00e4rz mit Schulden an die Macht"},"content":{"rendered":"\n<p>Von Alt-Regierungen, als Erinnerung, eine <strong>schwarze Null<\/strong> geblieben,<br>wie vom <strong>CDU-Finanzminister,<\/strong> \u201e<strong>Die schwarze Null<\/strong>\u201c, vorgeschrieben.<br>Sonst w\u00fcrde der nachfolgenden Generation nur Schulden vermacht,<br>wurde dabei auch an die maroden Geb\u00e4ude und Br\u00fccken gedacht?<br><br>\u00dcber Jahrzehnte wurde gespart und dadurch die Infrastruktur kaputt.<br>Damit folgende Generationen schuldenfrei, vieles nur noch &#8222;Schutt&#8220;.<br>Viele Geb\u00e4ude, Br\u00fccken und Stra\u00dfen sind in einem desolaten Stand,<br>ziehen sich als \u201edesastr\u00f6sen Bauruinen\u201c quer durch das ganze Land.<br><br>Auch bei Geb\u00e4uden, Br\u00fccken, Stra\u00dfen gibt es &#8222;Mindesthaltbarkeit&#8220;,<br>aber wenn nicht repariert, verliert sich die Substanz \u201emit der Zeit\u201c.<br>R\u00fcckstellungen f\u00fcr Reparaturen sind im Bundeshaushalt vorzusehen,<br>warum \u201e<strong>Die schwarze Null<\/strong>\u201c nicht daran gedacht, nicht zu verstehen<br><br>Unsere Landesverteidigung wurde auf friedliche Zeiten umgestellt,<br>durch Kriege in Europa und Nahost, dieses uns &#8222;auf die F\u00fc\u00dfe f\u00e4llt\u201c.<br>Rechtspopulistische Autokraten wollen die Welt unter sich aufteilen,<br>um unser demokratisches Europa zu retten, m\u00fcssen wir uns beeilen.<br><br>Bei der Bundestagswahl wurden die Stimmen f\u00fcr die <strong>CDU<\/strong> gez\u00e4hlt.<br>Die <strong>SPD<\/strong>, die <strong>Gr\u00fcnen<\/strong> und Koalitionscrasher <strong>FDP<\/strong> wurden abgew\u00e4hlt.<br>Die rechtspopulistische <strong>AFD<\/strong> hat leider an St\u00e4rke weiter gewonnen,<br>aber f\u00fcr <strong>BSW<\/strong> und <strong>FDP<\/strong> Hoffnung auf Bundestagseinzug zerronnen.<br><br>Mit dem alten Bundestag musste die \u201e<strong>Schuldenbremse<\/strong>\u201c reformiert,<br>mit dem neuen Bundestag w\u00e4re diese Abstimmung so nicht passiert.<br>Mit dieser &#8222;Finanzspritze&#8220; wieder die Wirtschaft in Bereichen floriert<br>und auch f\u00fcr die R\u00fcstungsindustrie wird Umsatzzuwachs regisstriert.<br><br>Die Eigendynamik der <strong>B\u00fcrokratie<\/strong> auf das n\u00f6tige Ma\u00df \u201egeschraubt\u201c!<br>Erst dann kann wieder an eine produktive Wirtschaftskraft geglaubt.<br>Wieder auf Eigenverantwortung der produzierenden Firmen gesetzt,<br>denn bei dieser <strong>\u00dcberregulierung<\/strong> die Leistungsf\u00e4higkeit \u00fcbersch\u00e4tzt.<br><br>Viele Gewerke durch die Reformierung werden so wieder reanimiert,<br>durch die Steuer der Staat Geld f\u00fcr Tilgung und Zinsdienst &#8222;kassiert&#8220;.<br>Kolatition zwischen <strong>CDU<\/strong> und <strong>SPD<\/strong> werden mit Hoffnung geschlossen.<br>St\u00f6rfeuer durch Rechtsextrem und Linksextrem machen verdrossen!<br><br><strong>\u00a9 Rainer Dambroth \u2013 18.03.2025 \u2013 www.overline-poetry.de<\/strong><br><br><\/p>\n","protected":false},"excerpt":{"rendered":"<p>Von Alt-Regierungen, als Erinnerung, eine schwarze Null geblieben,wie vom CDU-Finanzminister, \u201eDie schwarze Null\u201c, vorgeschrieben.Sonst w\u00fcrde der nachfolgenden Generation nur Schulden vermacht,wurde dabei auch an die maroden Geb\u00e4ude und Br\u00fccken gedacht? \u00dcber Jahrzehnte wurde gespart und dadurch die Infrastruktur kaputt.Damit folgende Generationen schuldenfrei, vieles nur noch &#8222;Schutt&#8220;.Viele Geb\u00e4ude, Br\u00fccken und Stra\u00dfen sind in einem desolaten Stand,ziehen [&hellip;]<\/p>\n","protected":false},"author":3,"featured_media":0,"parent":0,"menu_order":0,"comment_status":"closed","ping_status":"closed","template":"","meta":{"footnotes":""},"class_list":["post-10062","page","type-page","status-publish","hentry"],"jetpack_sharing_enabled":true,"_links":{"self":[{"href":"https:\/\/www.overline-design.de\/poetry\/index.php?rest_route=\/wp\/v2\/pages\/10062","targetHints":{"allow":["GET"]}}],"collection":[{"href":"https:\/\/www.overline-design.de\/poetry\/index.php?rest_route=\/wp\/v2\/pages"}],"about":[{"href":"https:\/\/www.overline-design.de\/poetry\/index.php?rest_route=\/wp\/v2\/types\/page"}],"author":[{"embeddable":true,"href":"https:\/\/www.overline-design.de\/poetry\/index.php?rest_route=\/wp\/v2\/users\/3"}],"replies":[{"embeddable":true,"href":"https:\/\/www.overline-design.de\/poetry\/index.php?rest_route=%2Fwp%2Fv2%2Fcomments&post=10062"}],"version-history":[{"count":9,"href":"https:\/\/www.overline-design.de\/poetry\/index.php?rest_route=\/wp\/v2\/pages\/10062\/revisions"}],"predecessor-version":[{"id":10077,"href":"https:\/\/www.overline-design.de\/poetry\/index.php?rest_route=\/wp\/v2\/pages\/10062\/revisions\/10077"}],"wp:attachment":[{"href":"https:\/\/www.overline-design.de\/poetry\/index.php?rest_route=%2Fwp%2Fv2%2Fmedia&parent=10062"}],"curies":[{"name":"wp","href":"https:\/\/api.w.org\/{rel}","templated":true}]}}