
{"id":10078,"date":"2025-03-23T10:08:16","date_gmt":"2025-03-23T10:08:16","guid":{"rendered":"https:\/\/www.overline-design.de\/poetry\/?page_id=10078"},"modified":"2025-03-28T07:35:14","modified_gmt":"2025-03-28T07:35:14","slug":"erdogan-laesst-seinen-konkurrenten-einsperren","status":"publish","type":"page","link":"https:\/\/www.overline-design.de\/poetry\/?page_id=10078","title":{"rendered":"Erdogan l\u00e4sst seinen Konkurrenten einsperren!"},"content":{"rendered":"\n<p><strong>Erdogan<\/strong> l\u00e4sst <strong>Imamoglu<\/strong>, B\u00fcrgermeister von Istanbul, inhaftieren,<br>denn dieser, weil sehr beliebt, l\u00e4sst dem <strong>Erdogan<\/strong> die Wahl verlieren.<br>Universit\u00e4tsabschluss wurde <strong>Imamoglu<\/strong> nach 30 Jahren(?) aberkannt,<br>ohne den Abschluss kann er als Pr\u00e4sidentenkandidat nicht benannt.<br><br>Pr\u00e4sident <strong>Erdogan<\/strong> m\u00f6gliche Konkurrenten \u201eaus dem Wege r\u00e4umt\u201c,<br>so der Traum der demokratischen Meinungsfreiheit \u201eausgetr\u00e4umt\u201c.<br>Hat sich der Pr\u00e4sident <strong>Erdogan<\/strong> an den Despoten <strong>Putin<\/strong> angelehnt?<br>Auch der l\u00e4sst Konkurrenz \u201eaus dem Wege r\u00e4umen\u201c, hier erw\u00e4hnt!<br><br><strong>Erdogan<\/strong> gegen\u00fcber seinen W\u00e4hlern strategisch geschickt taktiert,<br>denn ohne einen Mitbewerber, er die Pr\u00e4sidentenwahl nicht verliert.<br>B\u00fcrger gegen die Inhaftierung von <strong>Ekrem Imamoglu<\/strong> demonstrieren,<br>sie wollen ihre Entscheidungsfreiheit bei den Wahlen nicht verlieren.<br><br>Korruption und Terror wurde bei Imamoglu als den Vorwurf benannt?<br>Hat Erdogan beim Vorwurf Korruption sich selbst im Spiegel erkannt?<br>Die <strong>AKP-Partei<\/strong> wurde f\u00fcr Gerechtigkeit und Aufschwung gegr\u00fcndet,<br>aber man die <strong>AKP<\/strong> rechtspopulistisch und herrschs\u00fcchtig empfindet.<br><br>T\u00fcrken, die im Ausland wohnen und in der T\u00fcrkei nur Urlaub erleben,<br>sind ihren Sultan aus Ankara, <strong>Recipe Erdogan<\/strong>, immer noch ergeben.<br>Sie nur den Ausspr\u00fcchen von ihrem Pr\u00e4sidenten <strong>Erdogan<\/strong> vertrauen,<br>aber wie die Demokratie abgeschafft, \u201eist doch eine Tat des Grauen\u201c!<br><br>Der Richter von <strong>Erdogan<\/strong> zu einer Inhaftierung Imamoglus &#8222;bewegt&#8220;,<br>obwohl Tatsachen von Terror und Korruption k\u00f6nnen nicht belegt.<br>Pr\u00e4sident <strong>Erdogan<\/strong> bestimmt in der T\u00fcrkei Ordnung und das Recht<br>und wer nicht &#8222;nach seiner Pfeife tanzt&#8220;, dem geht es dann schlecht.<br><br>Der Sultan von Ankara wird wohl von einer gro\u00dfen Angst getrieben,<br>dass bei der Pr\u00e4sidentenwahl k\u00f6nnten ihn W\u00e4hler nicht mehr lieben.<br>So dreht der Sultan von Ankara, <strong>Recipe Erdogan<\/strong>, f\u00fcr sich \u201eam Rad\u201c.<br>Hat er Bef\u00fcrchtungen, dass die <strong>AKP<\/strong> bald nichts mehr zu sagen hat?<br><br><strong>\u00a9 Rainer Dambroth \u2013 19.03.2025 \u2013 <a href=\"http:\/\/www.overline-poetry.de\/\">www.overline-poetry.de<\/a><br><br><\/strong><em><strong>Getreu dem Sprichwort:<br>Was ich selber denk und tu&#8216;,<br>trau ich auch dem anderen zu.<\/strong><\/em><br><br><strong><a href=\"https:\/\/www.overline-design.de\/poetry\/wp-admin\/post.php?post=7439&amp;action=edit\">Die T\u00fcrkei hat eine Chance vertan<\/a><\/strong><br><strong><a href=\"https:\/\/www.overline-design.de\/poetry\/wp-admin\/post.php?post=6927&amp;action=edit\">Erdbebenkatastrophe in der T\u00fcrkei und Syrien<\/a><\/strong><br><strong><a href=\"https:\/\/www.overline-design.de\/poetry\/wp-admin\/post.php?post=6824&amp;action=edit\">Trennung von Religion und Staat \u2013 S\u00e4kularismus<\/a><\/strong><\/p>\n","protected":false},"excerpt":{"rendered":"<p>Erdogan l\u00e4sst Imamoglu, B\u00fcrgermeister von Istanbul, inhaftieren,denn dieser, weil sehr beliebt, l\u00e4sst dem Erdogan die Wahl verlieren.Universit\u00e4tsabschluss wurde Imamoglu nach 30 Jahren(?) aberkannt,ohne den Abschluss kann er als Pr\u00e4sidentenkandidat nicht benannt. Pr\u00e4sident Erdogan m\u00f6gliche Konkurrenten \u201eaus dem Wege r\u00e4umt\u201c,so der Traum der demokratischen Meinungsfreiheit \u201eausgetr\u00e4umt\u201c.Hat sich der Pr\u00e4sident Erdogan an den Despoten Putin angelehnt?Auch der [&hellip;]<\/p>\n","protected":false},"author":3,"featured_media":0,"parent":0,"menu_order":0,"comment_status":"closed","ping_status":"closed","template":"","meta":{"footnotes":""},"class_list":["post-10078","page","type-page","status-publish","hentry"],"jetpack_sharing_enabled":true,"_links":{"self":[{"href":"https:\/\/www.overline-design.de\/poetry\/index.php?rest_route=\/wp\/v2\/pages\/10078","targetHints":{"allow":["GET"]}}],"collection":[{"href":"https:\/\/www.overline-design.de\/poetry\/index.php?rest_route=\/wp\/v2\/pages"}],"about":[{"href":"https:\/\/www.overline-design.de\/poetry\/index.php?rest_route=\/wp\/v2\/types\/page"}],"author":[{"embeddable":true,"href":"https:\/\/www.overline-design.de\/poetry\/index.php?rest_route=\/wp\/v2\/users\/3"}],"replies":[{"embeddable":true,"href":"https:\/\/www.overline-design.de\/poetry\/index.php?rest_route=%2Fwp%2Fv2%2Fcomments&post=10078"}],"version-history":[{"count":6,"href":"https:\/\/www.overline-design.de\/poetry\/index.php?rest_route=\/wp\/v2\/pages\/10078\/revisions"}],"predecessor-version":[{"id":10087,"href":"https:\/\/www.overline-design.de\/poetry\/index.php?rest_route=\/wp\/v2\/pages\/10078\/revisions\/10087"}],"wp:attachment":[{"href":"https:\/\/www.overline-design.de\/poetry\/index.php?rest_route=%2Fwp%2Fv2%2Fmedia&parent=10078"}],"curies":[{"name":"wp","href":"https:\/\/api.w.org\/{rel}","templated":true}]}}