
{"id":10088,"date":"2025-03-30T13:43:46","date_gmt":"2025-03-30T13:43:46","guid":{"rendered":"https:\/\/www.overline-design.de\/poetry\/?page_id=10088"},"modified":"2025-03-31T06:55:30","modified_gmt":"2025-03-31T06:55:30","slug":"die-sinnlose-ueberregierungswut-der-eu-kommission","status":"publish","type":"page","link":"https:\/\/www.overline-design.de\/poetry\/?page_id=10088","title":{"rendered":"Die sinnlose \u00dcberregierungswut der EU-Kommission"},"content":{"rendered":"\n<p>Ich bin ein Bef\u00fcrworter von Europa, der europ\u00e4ischen Gemeinschaft,<br>aber Gegner von einer <strong>\u00dcberregulierung<\/strong>, die nur Probleme schafft.<br>Es wird versucht, dass einheitliche europ\u00e4ische Standards erreicht,<br>aber daf\u00fcr die nationalen Produktstandards werden \u201eaufgeweicht\u201c.<br>Die EU-B\u00fcrger sind m\u00fcndig und beim Einkauf nicht davon besessen,<br>dass sie nur von der <strong>Kommission<\/strong> vorgeschriebene Produkte essen.<br><br>Der vorgeschriebene \u201eKr\u00fcmmungsgrad\u201c von Gurken und Bananen,<br>l\u00e4sst die \u00fcbertriebene <strong>Regulierungswut<\/strong> der <strong>EU-Kommission<\/strong> erahnen<br>Auch von der Kommission geforderte Gr\u00f6\u00dfe von \u00c4pfel und Tomaten,<br>l\u00e4sst den <strong>Regulierungswahn<\/strong> der eifrigen <strong>EU-Beh\u00f6rde<\/strong> schon erraten.<br>Unerw\u00fcnschte Formen und Gr\u00f6\u00dfen werden \u00fcber den Preis reguliert,<br>diese Vorgehensweise eine <strong>regulierende Beh\u00f6rde<\/strong> nicht interessiert!<br><br><strong>EU-Kommissionen<\/strong> sollen nur die Gesundheit der B\u00fcrger besch\u00fctzen<br>und Gifte verbieten, die die Staaten zur Zeit d\u00fcrfen noch ben\u00fctzen.<br>Aber in diesem Fall dann \u00fcberwachende <strong>EU-Beh\u00f6rden<\/strong> \u201eeinknicken\u201c<br>und Umweltgifte im Sinne der produzierenden Industrie \u201eabnicken\u201c.<br>Auch patentiertes Saatgut wird im Sinne der Produzenten verwaltet,<br>denn Lobbyisten sind vor Ort, so dieses entsprechend ausgestaltet.<br><br>Den <strong>EU-F\u00fchrerschein<\/strong> gibt es nur f\u00fcr einen Zeitraum von 15 Jahren,<br>zu der die <strong>EU-Kommission<\/strong> ist dazu bereit, so konnte man erfahren.<br>Danach m\u00fcssen durch Pr\u00fcfung nachgewiesen die Fahrtauglichkeit,<br>au\u00dferdem durch Gesundheitscheck beweisen, ob noch &#8222;fahrbereit&#8220;.<br>Die Fahrschulen und der T\u00dcV sich \u00fcber den Zugewinn schon freuen.<br>Vor dem Fahrtantritt ein \u00e4rztliches Attest, sonst wird man es bereuen! <br><br>Tausende <strong>EU-Mitarbeiter<\/strong> sind t\u00e4glich mit sinnlosem \u00dcbereifer dabei,<br>wie bekommt man regionale Produktionen mit Regulierung entzwei.<br>Da wird Aufbau und Funktion von einem Traktorsitz vorgeschrieben,<br>w\u00e4ren die Mitarbeiter mit den Vorschriften blo\u00df zu Hause geblieben!<br>Hier nur die Sicherheit f\u00fcr Handel in die EU ein \u00dcberwachungsgrund,<br>aber es wird reguliert: <strong>&#8222;Jahr f\u00fcr Jahr, Tag f\u00fcr Tag, Stund um Stund&#8220;!<\/strong><br><br><strong>\u00a9 Rainer Dambroth \u2013 28.03.2025 \u2013 www.overline-poetry.de<\/strong><br><br><strong><a href=\"https:\/\/www.overline-design.de\/poetry\/wp-admin\/post.php?post=7388&amp;action=edit\">Keine Gentechnik in der Nahrung und keine Patente auf Saatgut!<\/a><\/strong><br><br>Neben den Kommissarinnen und Kommissaren arbeiten noch <strong>mehr als 32.000 Menschen<\/strong> in verschiedenen Bereichen bei der Europ\u00e4ischen Kommission, darunter \u00dcbersetzerinnen und \u00dcbersetzer, Forschende und Verwaltungspersonal. Im Jahr 2023 arbeiteten 4.359 Menschen mit belgischer Nationalit\u00e4t f\u00fcr die Europ\u00e4ische Kommission.<br><strong>Internet<\/strong><\/p>\n","protected":false},"excerpt":{"rendered":"<p>Ich bin ein Bef\u00fcrworter von Europa, der europ\u00e4ischen Gemeinschaft,aber Gegner von einer \u00dcberregulierung, die nur Probleme schafft.Es wird versucht, dass einheitliche europ\u00e4ische Standards erreicht,aber daf\u00fcr die nationalen Produktstandards werden \u201eaufgeweicht\u201c.Die EU-B\u00fcrger sind m\u00fcndig und beim Einkauf nicht davon besessen,dass sie nur von der Kommission vorgeschriebene Produkte essen. Der vorgeschriebene \u201eKr\u00fcmmungsgrad\u201c von Gurken und Bananen,l\u00e4sst die [&hellip;]<\/p>\n","protected":false},"author":3,"featured_media":0,"parent":0,"menu_order":0,"comment_status":"closed","ping_status":"closed","template":"","meta":{"footnotes":""},"class_list":["post-10088","page","type-page","status-publish","hentry"],"jetpack_sharing_enabled":true,"_links":{"self":[{"href":"https:\/\/www.overline-design.de\/poetry\/index.php?rest_route=\/wp\/v2\/pages\/10088","targetHints":{"allow":["GET"]}}],"collection":[{"href":"https:\/\/www.overline-design.de\/poetry\/index.php?rest_route=\/wp\/v2\/pages"}],"about":[{"href":"https:\/\/www.overline-design.de\/poetry\/index.php?rest_route=\/wp\/v2\/types\/page"}],"author":[{"embeddable":true,"href":"https:\/\/www.overline-design.de\/poetry\/index.php?rest_route=\/wp\/v2\/users\/3"}],"replies":[{"embeddable":true,"href":"https:\/\/www.overline-design.de\/poetry\/index.php?rest_route=%2Fwp%2Fv2%2Fcomments&post=10088"}],"version-history":[{"count":6,"href":"https:\/\/www.overline-design.de\/poetry\/index.php?rest_route=\/wp\/v2\/pages\/10088\/revisions"}],"predecessor-version":[{"id":10098,"href":"https:\/\/www.overline-design.de\/poetry\/index.php?rest_route=\/wp\/v2\/pages\/10088\/revisions\/10098"}],"wp:attachment":[{"href":"https:\/\/www.overline-design.de\/poetry\/index.php?rest_route=%2Fwp%2Fv2%2Fmedia&parent=10088"}],"curies":[{"name":"wp","href":"https:\/\/api.w.org\/{rel}","templated":true}]}}