
{"id":10120,"date":"2025-04-05T07:29:46","date_gmt":"2025-04-05T07:29:46","guid":{"rendered":"https:\/\/www.overline-design.de\/poetry\/?page_id=10120"},"modified":"2025-08-22T06:01:57","modified_gmt":"2025-08-22T06:01:57","slug":"terminplanung-bei-fachaerzten-kardiologen","status":"publish","type":"page","link":"https:\/\/www.overline-design.de\/poetry\/?page_id=10120","title":{"rendered":"Terminplanung bei Fach\u00e4rzten (Kardiologen)"},"content":{"rendered":"\n<p>Wirst du von deinem <strong>Hausarzt<\/strong> zu einem Spezialisten \u00fcberwiesen,<br>dann bleibe gelassen und lass dir deine Stimmung nicht vermiesen.<br>Wenn du glaubst, dein geplanter <strong>Termin<\/strong> ist schon in n\u00e4chster Zeit,<br>halte dich in einem Jahr f\u00fcr den <strong>Termin<\/strong> einer Untersuchung bereit.<br><br>Bei \u201eHerzensangelegenheiten\u201c mache jetzt nichts mehr \u00fcberhastet,<br>denn auch der <strong>Kardiologe<\/strong> scheint doch terminlich v\u00f6llig \u00fcberlastet.<br>Die \u00dcberweisung nur bis zum Folgequartal in Abrechnung gebracht,<br>so muss eine neue \u00dcberweisung erstellt, die dem <strong>Arzt<\/strong> Arbeit macht.<br><br>Bis zu drei Monate, die Wartezeit, das w\u00e4re noch vertretbar und OK,<br>aber auch viel zu lange, wenn es \u201erund um dein Herz\u201c, tut es dir weh.<br>Von Kassen\u00e4rztlichen Vereinigung wird nur ein <strong>Kardiologe<\/strong> akzeptiert. <br>W\u00fcrde bei den zwei <strong>Kardiologen<\/strong> in einem Quartal zu viel abkassiert?<br><br>Bei akuten Problemen wird vom <strong>Hausarzt <\/strong>vermerkt die Dringlichkeit.<br>So bekommt man den <strong>Termin<\/strong> beim <strong>Facharzt<\/strong> und dieses vor der Zeit.<br>Was ist, wenn jeder <strong>Hausarzt<\/strong> seine Patienten als dringlich markiert?<br>Wer verantwortlich, wenn zur\u00fcckgestellten Patienten etwas passiert?<br><br>Dieses <strong>Terminproblem<\/strong> ist doch bei fast allen <strong>Fach\u00e4rzten<\/strong> so gegeben,<br>man kann gl\u00fccklich sein, wenn man zum <strong>Termin<\/strong> ist noch am Leben.<br>Ich habe bei dem <strong>Facharzt<\/strong> zum Thema <strong>Terminplanung<\/strong> nachgefragt.<br>Viele Patienten w\u00fcrden gebuchte <strong>Termine<\/strong> nicht absagen, so geklagt.<br><br>Vielleicht hat der Patient mehrere Besuche f\u00fcr diesen Tag <strong>terminiert<\/strong>?<br>Vergessen, das der verbindliche <strong>Arzttermin<\/strong> nicht mehr interessiert?<br>Bei nicht freigegebenen <strong>Terminen<\/strong> sollte eine Strafgeb\u00fchr angesetzt,<br>denn grundlos nicht abgesagte <strong>Termine<\/strong> von Anderen wertgesch\u00e4tzt.<br><br><strong>\u00a9 Rainer Dambroth \u2013 03.04.2025 \u2013 <a href=\"http:\/\/www.overline-poetry.de\/\">www.overline-poetry.de<\/a><\/strong><br><br><strong>Beispiel:<\/strong><br>Anfrage 03\/2025 bei zwei <strong>Kadiologen<\/strong> ohne Dringlichkeitsvermerk: <br>1. Erster m\u00f6glicher Termin <strong>8 Monate<\/strong> (11.2025), <br>2. Bei dem zweiten Kardiologen <strong>12 Monate<\/strong> (03.2026)<strong><br><\/strong><br><\/p>\n","protected":false},"excerpt":{"rendered":"<p>Wirst du von deinem Hausarzt zu einem Spezialisten \u00fcberwiesen,dann bleibe gelassen und lass dir deine Stimmung nicht vermiesen.Wenn du glaubst, dein geplanter Termin ist schon in n\u00e4chster Zeit,halte dich in einem Jahr f\u00fcr den Termin einer Untersuchung bereit. Bei \u201eHerzensangelegenheiten\u201c mache jetzt nichts mehr \u00fcberhastet,denn auch der Kardiologe scheint doch terminlich v\u00f6llig \u00fcberlastet.Die \u00dcberweisung nur [&hellip;]<\/p>\n","protected":false},"author":3,"featured_media":0,"parent":0,"menu_order":0,"comment_status":"closed","ping_status":"closed","template":"","meta":{"footnotes":""},"class_list":["post-10120","page","type-page","status-publish","hentry"],"jetpack_sharing_enabled":true,"_links":{"self":[{"href":"https:\/\/www.overline-design.de\/poetry\/index.php?rest_route=\/wp\/v2\/pages\/10120","targetHints":{"allow":["GET"]}}],"collection":[{"href":"https:\/\/www.overline-design.de\/poetry\/index.php?rest_route=\/wp\/v2\/pages"}],"about":[{"href":"https:\/\/www.overline-design.de\/poetry\/index.php?rest_route=\/wp\/v2\/types\/page"}],"author":[{"embeddable":true,"href":"https:\/\/www.overline-design.de\/poetry\/index.php?rest_route=\/wp\/v2\/users\/3"}],"replies":[{"embeddable":true,"href":"https:\/\/www.overline-design.de\/poetry\/index.php?rest_route=%2Fwp%2Fv2%2Fcomments&post=10120"}],"version-history":[{"count":4,"href":"https:\/\/www.overline-design.de\/poetry\/index.php?rest_route=\/wp\/v2\/pages\/10120\/revisions"}],"predecessor-version":[{"id":10486,"href":"https:\/\/www.overline-design.de\/poetry\/index.php?rest_route=\/wp\/v2\/pages\/10120\/revisions\/10486"}],"wp:attachment":[{"href":"https:\/\/www.overline-design.de\/poetry\/index.php?rest_route=%2Fwp%2Fv2%2Fmedia&parent=10120"}],"curies":[{"name":"wp","href":"https:\/\/api.w.org\/{rel}","templated":true}]}}