
{"id":10126,"date":"2025-04-07T05:00:00","date_gmt":"2025-04-07T05:00:00","guid":{"rendered":"https:\/\/www.overline-design.de\/poetry\/?page_id=10126"},"modified":"2025-04-07T05:21:33","modified_gmt":"2025-04-07T05:21:33","slug":"willkommen-im-weissen-tollhaus","status":"publish","type":"page","link":"https:\/\/www.overline-design.de\/poetry\/?page_id=10126","title":{"rendered":"Willkommen im wei\u00dfen (Toll)Haus"},"content":{"rendered":"\n<p><strong>Donald Trump<\/strong> mit dem Wahlsieg nur seine W\u00e4hlerschaft \u00fcberzeugt,<br>Uncle Sam sich resigniert und frustriert vor <strong>Donald Trump<\/strong> verbeugt.<br>Die Verwaltung mit Dekreten und ohne System in Einzelteile zerlegt,<br>von <strong>Elon Musk<\/strong> auf Aktivit\u00e4t kontrolliert, bis sich nichts mehr bewegt.<br><br>Nun wird von <strong>Donald Trump<\/strong> \u201edas Kind mit dem Bade ausgesch\u00fcttet&#8220;,<br>mit der gegebenen Macht an den Pfeilern der Demokratie \u201eger\u00fcttet\u201c<br><strong>Donald Trump<\/strong> die Vereinigten Staaten zu einer Autokratie umbaut,<br>zusammen mit TEC-Milliard\u00e4ren, man in eine dunkle Zukunft schaut.<br><br>Wie beim <strong>Despoten Putin<\/strong> will <strong>Donald Trump<\/strong> \u201eLand\u201c hinzugewinnen,<br>wenn er seine Strategie offenbart, ist <strong>Donald Trump<\/strong> wie von Sinnen!<br>Bei so manchen Aktionen, fragt man, wo ist sein Verstand geblieben?<br><strong>Donald Trump<\/strong> glaubt, auch ohne Verstand die Menschen ihn lieben.<br><br><strong>Elon Musk<\/strong> will mit <strong>DOGE<\/strong> die amerikanische Verwaltung schlanken.<br>Ohne Verstand, die amerikanischen B\u00fcrger werden sich bedanken.<br>Denn so manche Bundesbeh\u00f6rde ist jetzt fast ohne jede Funktion.<br>Die \u00c4rmsten der Armen werden leiden, aber was macht das schon.<br><br>Die Kabinettsmitglieder sind handverlesen und <strong>Trump<\/strong> loyal ergeben,<br>denn <strong>Donald Trump<\/strong> will keine Kritik an seine Art zu Handeln erleben.<br>Aber auch sie haben wenig Erfahrung mit einer konstruktiven Politik<br>und handeln dilettantisch ohne jegliches diplomatisches Geschick.<br><br>Die B\u00fcrger Amerikas jetzt langsam aus der \u201eSchockstarre erwachen<br>und erkennen, was <strong>Donald Trump<\/strong> will aus ihrem Amerika machen.<br><strong>Donald Trump<\/strong> schon nach wenigen Tagen, die dritte Amtszeit plant,<br>aber er sollte wissen: <strong>Man st\u00fcrzt tiefer ab, als wie man zuvor geahnt&#8220;<\/strong>.<br><br><strong>\u00a9 Rainer Dambroth \u2013 05.04.2025 \u2013 <a href=\"http:\/\/www.overline-poetry.de\/\">www.overline-poetry.de<\/a><br><\/strong><br><em><strong>Tollhaus<\/strong><br><\/em><strong><em>Haus, in dem psychotische Menschen von der Gesellschaft abgesondert leben<\/em><br><em>&#8222;das Stadion in ein Tollhaus (in eine St\u00e4tte, wo Leute sich wild geb\u00e4rden, ausgelassen feiern) verwandeln&#8220;<br>&#8211; Internetfund<\/em> <em>&#8211;<\/em><\/strong><br><br><strong><a href=\"https:\/\/www.overline-design.de\/poetry\/wp-admin\/post.php?post=9907&amp;action=edit\">Donald Trump als Dealmaker eine Kr\u00e4merseele<\/a><\/strong><br><strong><a href=\"https:\/\/www.overline-design.de\/poetry\/wp-admin\/post.php?post=9637&amp;action=edit\">Donald Trump und sein Zauberlehrling Elon Musk<\/a><\/strong><br><strong><a href=\"https:\/\/www.overline-design.de\/poetry\/wp-admin\/post.php?post=9923&amp;action=edit\">Donald Trump regiert wie ein Elefant im Porzellanladen<\/a><\/strong><\/p>\n","protected":false},"excerpt":{"rendered":"<p>Donald Trump mit dem Wahlsieg nur seine W\u00e4hlerschaft \u00fcberzeugt,Uncle Sam sich resigniert und frustriert vor Donald Trump verbeugt.Die Verwaltung mit Dekreten und ohne System in Einzelteile zerlegt,von Elon Musk auf Aktivit\u00e4t kontrolliert, bis sich nichts mehr bewegt. Nun wird von Donald Trump \u201edas Kind mit dem Bade ausgesch\u00fcttet&#8220;,mit der gegebenen Macht an den Pfeilern der [&hellip;]<\/p>\n","protected":false},"author":3,"featured_media":0,"parent":0,"menu_order":0,"comment_status":"closed","ping_status":"closed","template":"","meta":{"footnotes":""},"class_list":["post-10126","page","type-page","status-publish","hentry"],"jetpack_sharing_enabled":true,"_links":{"self":[{"href":"https:\/\/www.overline-design.de\/poetry\/index.php?rest_route=\/wp\/v2\/pages\/10126","targetHints":{"allow":["GET"]}}],"collection":[{"href":"https:\/\/www.overline-design.de\/poetry\/index.php?rest_route=\/wp\/v2\/pages"}],"about":[{"href":"https:\/\/www.overline-design.de\/poetry\/index.php?rest_route=\/wp\/v2\/types\/page"}],"author":[{"embeddable":true,"href":"https:\/\/www.overline-design.de\/poetry\/index.php?rest_route=\/wp\/v2\/users\/3"}],"replies":[{"embeddable":true,"href":"https:\/\/www.overline-design.de\/poetry\/index.php?rest_route=%2Fwp%2Fv2%2Fcomments&post=10126"}],"version-history":[{"count":9,"href":"https:\/\/www.overline-design.de\/poetry\/index.php?rest_route=\/wp\/v2\/pages\/10126\/revisions"}],"predecessor-version":[{"id":10139,"href":"https:\/\/www.overline-design.de\/poetry\/index.php?rest_route=\/wp\/v2\/pages\/10126\/revisions\/10139"}],"wp:attachment":[{"href":"https:\/\/www.overline-design.de\/poetry\/index.php?rest_route=%2Fwp%2Fv2%2Fmedia&parent=10126"}],"curies":[{"name":"wp","href":"https:\/\/api.w.org\/{rel}","templated":true}]}}