
{"id":10165,"date":"2025-04-13T14:45:40","date_gmt":"2025-04-13T14:45:40","guid":{"rendered":"https:\/\/www.overline-design.de\/poetry\/?page_id=10165"},"modified":"2025-04-17T05:21:02","modified_gmt":"2025-04-17T05:21:02","slug":"das-osterlamm-als-traditionellen-osterbraten-frohe-ostern","status":"publish","type":"page","link":"https:\/\/www.overline-design.de\/poetry\/?page_id=10165","title":{"rendered":"Das Osterlamm als traditionellen Osterbraten &#8211; Frohe Ostern!?"},"content":{"rendered":"\n<p>Kaum werden die <strong>Osterl\u00e4mmer<\/strong> in diese Welt dann hinein geboren,<br>haben sie f\u00fcr den traditionellen <strong>Osterbraten<\/strong> zeitlich schon verloren.<br>Nach wenigen Wochen \u201espringende Freude\u201c in ihrem kurzen Leben,<br>wird es <strong>Osterlamm<\/strong> als Festmahl zur: \u201eAuferstehung Christi\u201c geben.<br><br>Die <strong>L\u00e4mmer<\/strong> in ihrem kurzen Leben noch auf der Wiese herumtollen<br>bevor man sie zur Schlachtung f\u00fcr den <strong>Osterbraten<\/strong> wird dann holen<br>Mit erteiltem kirchlichen Segen wird das <strong>Osterlamm<\/strong> \u201ehingerichtet\u201c,<br>bei den Kopfbildern an springende <strong>L\u00e4mmer<\/strong> man besser verzichtet.<br><br>Sie werden fr\u00fch ihren M\u00fcttern weggenommen oder brutal entrissen,<br>denn so mancher Tierhalter lebt ohne jedes \u201emitf\u00fchlende Gewissen\u201c<br>Sind die <strong>L\u00e4mmer<\/strong> beim Schlachter oder \u201eSch\u00e4chter\u201c angekommen,<br>wird ihnen wie am Flie\u00dfband ihr kurzes Leben wieder genommen.<br><br>In Gruppen stehen sie zur Hinrichtung an und auf ihr Ende warten,<br>in Gedanken bei ihrer Mutter und Erinnerung an Weide oder Garten.<br>Nach dem Bet\u00e4ubungsschuss, mit Gl\u00fcck, sich nichts mehr bewegt,<br>werden sie dann in Puzzle-St\u00fccke von einem ganzen <strong>Lamm<\/strong> zerlegt.<br><br>Beim Sch\u00e4chten oder \u201eHalal\u201c, dem \u201ebet\u00e4ubungslosen Kehlschnitt\u201c,<br>da bekommen die leidenden Tiere, bewusst ihr zeitliches Ende mit.<br>Hier nochmals, zum Schutz der Tiere, in aller Deutlichkeit erw\u00e4hnt,<br>im Koran und in der Thora eine Bet\u00e4ubung vorab nicht abgelehnt.<br><br>Der \u201eb\u00f6se Wolf\u201c wird als eine gro\u00dfe Gefahr f\u00fcr die Schafe benannt,<br>auch der Mensch ist als eine gro\u00dfe Gefahr f\u00fcr die <strong>L\u00e4mmer<\/strong> bekannt.<br>W\u00fcrde an der Fleischtheke Bilder von den <strong>L\u00e4mmern<\/strong> hinzu gesteckt,<br>so mancher Fleischesser von einem <strong>Lammbraten<\/strong> dann abgeschreckt<br><br><strong>\u00a9<\/strong> Rainer Dambroth &#8211; 13.04.2025 &#8211; <strong><a href=\"https:\/\/www.overline-poetry.de\/\">www.overline-poetry.de<\/a><\/strong><br><br><strong><a href=\"https:\/\/www.overline-design.de\/poetry\/wp-admin\/post.php?post=1727&amp;action=edit\">Bet\u00e4ubungsloses Sch\u00e4chten (Halal)<\/a><\/strong><\/p>\n\n\n\n<p><strong>Wie alt ist ein Osterlamm, wenn es geschlachtet wird?<\/strong><br>In den Handel kommt vor allem Lammfleisch von Milchl\u00e4mmern (bei der Schlachtung <strong>zwischen zwei und sechs Monaten alt<\/strong>) und Mastl\u00e4mmern (zwischen sechs und 12 Monaten alt). Der Name Milchlamm bezieht sich \u00fcbrigens darauf, dass sie im Alter der Schlachtung noch Muttermilch aufnehmen.<br>-Internetfund-<\/p>\n","protected":false},"excerpt":{"rendered":"<p>Kaum werden die Osterl\u00e4mmer in diese Welt dann hinein geboren,haben sie f\u00fcr den traditionellen Osterbraten zeitlich schon verloren.Nach wenigen Wochen \u201espringende Freude\u201c in ihrem kurzen Leben,wird es Osterlamm als Festmahl zur: \u201eAuferstehung Christi\u201c geben. Die L\u00e4mmer in ihrem kurzen Leben noch auf der Wiese herumtollenbevor man sie zur Schlachtung f\u00fcr den Osterbraten wird dann holenMit [&hellip;]<\/p>\n","protected":false},"author":3,"featured_media":0,"parent":0,"menu_order":0,"comment_status":"closed","ping_status":"closed","template":"","meta":{"footnotes":""},"class_list":["post-10165","page","type-page","status-publish","hentry"],"jetpack_sharing_enabled":true,"_links":{"self":[{"href":"https:\/\/www.overline-design.de\/poetry\/index.php?rest_route=\/wp\/v2\/pages\/10165","targetHints":{"allow":["GET"]}}],"collection":[{"href":"https:\/\/www.overline-design.de\/poetry\/index.php?rest_route=\/wp\/v2\/pages"}],"about":[{"href":"https:\/\/www.overline-design.de\/poetry\/index.php?rest_route=\/wp\/v2\/types\/page"}],"author":[{"embeddable":true,"href":"https:\/\/www.overline-design.de\/poetry\/index.php?rest_route=\/wp\/v2\/users\/3"}],"replies":[{"embeddable":true,"href":"https:\/\/www.overline-design.de\/poetry\/index.php?rest_route=%2Fwp%2Fv2%2Fcomments&post=10165"}],"version-history":[{"count":9,"href":"https:\/\/www.overline-design.de\/poetry\/index.php?rest_route=\/wp\/v2\/pages\/10165\/revisions"}],"predecessor-version":[{"id":10180,"href":"https:\/\/www.overline-design.de\/poetry\/index.php?rest_route=\/wp\/v2\/pages\/10165\/revisions\/10180"}],"wp:attachment":[{"href":"https:\/\/www.overline-design.de\/poetry\/index.php?rest_route=%2Fwp%2Fv2%2Fmedia&parent=10165"}],"curies":[{"name":"wp","href":"https:\/\/api.w.org\/{rel}","templated":true}]}}