
{"id":10222,"date":"2025-05-02T16:14:21","date_gmt":"2025-05-02T16:14:21","guid":{"rendered":"https:\/\/www.overline-design.de\/poetry\/?page_id=10222"},"modified":"2025-05-02T16:14:26","modified_gmt":"2025-05-02T16:14:26","slug":"donald-trump-reagiert-wie-eine-chemotherapie","status":"publish","type":"page","link":"https:\/\/www.overline-design.de\/poetry\/?page_id=10222","title":{"rendered":"Donald Trump re(a)giert wie eine Chemotherapie?"},"content":{"rendered":"\n<p>Ein <strong>Trump<\/strong>-Anh\u00e4nger sein Re(a)gieren mit Chemotherapie vergleicht.<br>Man muss diese Therapie durchleiden, dann wird alles wieder leicht.<br>Sind <strong>Trump<\/strong>-Fans, durch seine Reden und Erscheinung, so verblendet<br>und erahnen nicht, wie diese &#8222;Chemotherapie&#8220; f\u00fcr ihr Amerika endet.<br><br><strong>Donald Trump <\/strong>ist als b\u00f6ses &#8222;Krebs-Geschw\u00fcr&#8220; f\u00fcr Amerika zu sehen,<br>aber wie sie den <strong>Donald Trump<\/strong> verehren, kann man nicht verstehen.<br>Dieser <strong>Trump<\/strong>-Krebs ist bereits in allen Staats-Organen am &#8222;streuen&#8220;<br>und wenn dieser Krebs nicht behandelt, dann wird man es bereuen.<br><br>Egomane <strong>Donald Trump<\/strong>, sieht sich als wichtigste Person der Welt<br>und ihm ist es egal, wie Amerikaner leiden, mit noch weniger Geld.<br>Regierungsmotto: Erst wird geschossen und dann das Ziel anvisiert<br>und wenn wieder einmal daneben &#8222;geschossen&#8220;, nicht interessiert.<br><br>Bei Regierungsfehlern, bekommen die Anderen Schuld zugewiesen,<br>denn <strong>Donald Trump<\/strong> ist unfehlbar, so von ihm sein Ego angepriesen.<br>Die weltweite Zollpolitik funktioniert nicht, so wie von ihm gedacht,<br>bei China Importen, der chinesische Pr\u00e4sident nur dar\u00fcber gelacht.<br><br>Denn <strong>Donald Trump<\/strong> hatte bei seiner Zollpolitik vieles nicht bedacht,<br>auch seine Basecaps \u201eAmerican first\u201c werden doch in China gemacht.<br>Auch Smartphones werden mit Komponenten aus China hergestellt<br>und werden diese zu teuer, dieses dem Verbraucher so nicht gef\u00e4llt.<br><br>Amazon hat diese Zollaufschl\u00e4ge bei seiner Preisliste mit angezeigt.<br>So konnten Verbraucher erkennen, wohin <strong>Donald Trump<\/strong> sich neigt.<br>Dieses von <strong>Donald Trump<\/strong> mit dem Amazon Chef Jeff Bezos gekl\u00e4rt.<br><strong>Donald Trump<\/strong> will nicht, dass der Verbraucher von Pannen erf\u00e4hrt.<br><strong><br>\u00a9 Rainer Dambroth \u2013 02.05.2025 \u2013 <a href=\"http:\/\/www.overline-poetry.de\/\">www.overline-poetry.de<\/a><\/strong><br><br><strong>Die Aussage: &#8222;Donald Trump ist wie eine Chemotherapie&#8220; wurde von einer Donald Trump Anh\u00e4ngerin in einem Fernsehinterview gegeben.<\/strong><br><br><strong><a href=\"https:\/\/www.overline-design.de\/poetry\/wp-admin\/post.php?post=10188&amp;action=edit\">Donald Trump denkt und handelt kindlich naiv<\/a><\/strong><br><strong><a href=\"https:\/\/www.overline-design.de\/poetry\/wp-admin\/post.php?post=9907&amp;action=edit\">Donald Trump als Dealmaker eine Kr\u00e4merseele<\/a><\/strong><br><strong><a href=\"https:\/\/www.overline-design.de\/poetry\/wp-admin\/post.php?post=9923&amp;action=edit\">Donald Trump regiert wie ein Elefant im Porzellanladen<\/a><\/strong><br><strong><a href=\"https:\/\/www.overline-design.de\/poetry\/wp-admin\/post.php?post=10141&amp;action=edit\">Donald Trump der Dealmaker: \u201eSie k\u00fcssen meinen Arsch\u201c \/ \u201eThey\u2019re kissing my ass\u201c<\/a><\/strong><\/p>\n\n\n\n<p><em><strong>Trump vergleicht USA mit &#8222;Person, die an Krebs stirbt&#8220;<\/strong><br>19.12.2022 \u2014 \u201eUnser Land ist innerlich krank, so \u00e4hnlich wie ein Mensch, der an Krebs stirbt\u201c, schrieb der ehemalige Pr\u00e4sident am Samstag (17. Dezember). \u201e\u00a0<br>Frankfurter Rundschauhttps:\/\/www.fr.de > Panorama<\/em><br><br><em><strong>&#8222;Trump ist wie eine Chemotherapie&#8220;<\/strong><br>28.11.2019 \u2014 Victor Davis Hanson, Althistoriker, Bauer und Bestsellerautor, analysiert den ungew\u00f6hnlichsten Pr\u00e4sidenten der US-amerikanische Geschichte, Die Weltwoche\u00a0<br>weltwoche.chttps:\/\/weltwoche.ch > Ausland<\/em><br><\/p>\n","protected":false},"excerpt":{"rendered":"<p>Ein Trump-Anh\u00e4nger sein Re(a)gieren mit Chemotherapie vergleicht.Man muss diese Therapie durchleiden, dann wird alles wieder leicht.Sind Trump-Fans, durch seine Reden und Erscheinung, so verblendetund erahnen nicht, wie diese &#8222;Chemotherapie&#8220; f\u00fcr ihr Amerika endet. Donald Trump ist als b\u00f6ses &#8222;Krebs-Geschw\u00fcr&#8220; f\u00fcr Amerika zu sehen,aber wie sie den Donald Trump verehren, kann man nicht verstehen.Dieser Trump-Krebs ist [&hellip;]<\/p>\n","protected":false},"author":3,"featured_media":0,"parent":0,"menu_order":0,"comment_status":"closed","ping_status":"closed","template":"","meta":{"footnotes":""},"class_list":["post-10222","page","type-page","status-publish","hentry"],"jetpack_sharing_enabled":true,"_links":{"self":[{"href":"https:\/\/www.overline-design.de\/poetry\/index.php?rest_route=\/wp\/v2\/pages\/10222","targetHints":{"allow":["GET"]}}],"collection":[{"href":"https:\/\/www.overline-design.de\/poetry\/index.php?rest_route=\/wp\/v2\/pages"}],"about":[{"href":"https:\/\/www.overline-design.de\/poetry\/index.php?rest_route=\/wp\/v2\/types\/page"}],"author":[{"embeddable":true,"href":"https:\/\/www.overline-design.de\/poetry\/index.php?rest_route=\/wp\/v2\/users\/3"}],"replies":[{"embeddable":true,"href":"https:\/\/www.overline-design.de\/poetry\/index.php?rest_route=%2Fwp%2Fv2%2Fcomments&post=10222"}],"version-history":[{"count":6,"href":"https:\/\/www.overline-design.de\/poetry\/index.php?rest_route=\/wp\/v2\/pages\/10222\/revisions"}],"predecessor-version":[{"id":10228,"href":"https:\/\/www.overline-design.de\/poetry\/index.php?rest_route=\/wp\/v2\/pages\/10222\/revisions\/10228"}],"wp:attachment":[{"href":"https:\/\/www.overline-design.de\/poetry\/index.php?rest_route=%2Fwp%2Fv2%2Fmedia&parent=10222"}],"curies":[{"name":"wp","href":"https:\/\/api.w.org\/{rel}","templated":true}]}}