
{"id":1031,"date":"2020-11-12T10:16:40","date_gmt":"2020-11-12T10:16:40","guid":{"rendered":"https:\/\/overline-design.de\/poetry\/?page_id=1031"},"modified":"2021-04-05T15:56:36","modified_gmt":"2021-04-05T15:56:36","slug":"schlaf-und-schaf","status":"publish","type":"page","link":"https:\/\/www.overline-design.de\/poetry\/?page_id=1031","title":{"rendered":"Schlaf und Schaf"},"content":{"rendered":"\n<p>Geh ins Bett um zu schlafen.<br>Und damit ich kann schlafen,<br>z\u00e4hle ich in Gedanken Schafe<br>und das nur, damit ich schlafe.<br>Wenn ich dann endlich schlafe,<br>m\u00fcde vom Z\u00e4hlen der Schafe<br>und tr\u00e4ume ich von einem Schaf,<br>bringt mich das um meinen Schlaf.<br>Damit ich endlich wieder schlafe,<br>z\u00e4hle ich zum Schlafen viele Schafe.<br>Verz\u00e4hle ich mich bei den Schafen,<br>komme ich nicht zum Schlafen.<\/p>\n\n\n\n<p>\u00a9 Rainer Dambroth &#8211; 31.01.2015 &#8211; <strong><a href=\"https:\/\/www.overline-poetry.de\">www.overline-poetry.de<\/a><\/strong><br><br><br><\/p>\n","protected":false},"excerpt":{"rendered":"<p>Geh ins Bett um zu schlafen.Und damit ich kann schlafen,z\u00e4hle ich in Gedanken Schafeund das nur, damit ich schlafe.Wenn ich dann endlich schlafe,m\u00fcde vom Z\u00e4hlen der Schafeund tr\u00e4ume ich von einem Schaf,bringt mich das um meinen Schlaf.Damit ich endlich wieder schlafe,z\u00e4hle ich zum Schlafen viele Schafe.Verz\u00e4hle ich mich bei den Schafen,komme ich nicht zum Schlafen. [&hellip;]<\/p>\n","protected":false},"author":3,"featured_media":0,"parent":0,"menu_order":0,"comment_status":"closed","ping_status":"closed","template":"","meta":{"footnotes":""},"class_list":["post-1031","page","type-page","status-publish","hentry"],"jetpack_sharing_enabled":true,"_links":{"self":[{"href":"https:\/\/www.overline-design.de\/poetry\/index.php?rest_route=\/wp\/v2\/pages\/1031","targetHints":{"allow":["GET"]}}],"collection":[{"href":"https:\/\/www.overline-design.de\/poetry\/index.php?rest_route=\/wp\/v2\/pages"}],"about":[{"href":"https:\/\/www.overline-design.de\/poetry\/index.php?rest_route=\/wp\/v2\/types\/page"}],"author":[{"embeddable":true,"href":"https:\/\/www.overline-design.de\/poetry\/index.php?rest_route=\/wp\/v2\/users\/3"}],"replies":[{"embeddable":true,"href":"https:\/\/www.overline-design.de\/poetry\/index.php?rest_route=%2Fwp%2Fv2%2Fcomments&post=1031"}],"version-history":[{"count":10,"href":"https:\/\/www.overline-design.de\/poetry\/index.php?rest_route=\/wp\/v2\/pages\/1031\/revisions"}],"predecessor-version":[{"id":3394,"href":"https:\/\/www.overline-design.de\/poetry\/index.php?rest_route=\/wp\/v2\/pages\/1031\/revisions\/3394"}],"wp:attachment":[{"href":"https:\/\/www.overline-design.de\/poetry\/index.php?rest_route=%2Fwp%2Fv2%2Fmedia&parent=1031"}],"curies":[{"name":"wp","href":"https:\/\/api.w.org\/{rel}","templated":true}]}}