
{"id":10340,"date":"2025-07-24T00:05:00","date_gmt":"2025-07-24T00:05:00","guid":{"rendered":"https:\/\/www.overline-design.de\/poetry\/?page_id=10340"},"modified":"2025-12-17T15:17:41","modified_gmt":"2025-12-17T15:17:41","slug":"markus-soeder-und-die-csu-bundesminister","status":"publish","type":"page","link":"https:\/\/www.overline-design.de\/poetry\/?page_id=10340","title":{"rendered":"Markus S\u00f6der und die CSU-Bundesminister"},"content":{"rendered":"\n<p><strong>Markus S\u00f6der<\/strong> wollte die Besten f\u00fcr die Ministerposten entsenden.<br>Konnte man die &#8222;Entsendeten&#8220; nicht in Bayern besser verwenden?<br><strong>Alexander Dobrindt<\/strong>, war einst f\u00fcrs Verkehrsministerium zust\u00e4ndig,<br>durch <strong>Andreas Scheuer<\/strong> wurde dieses, mit der Maut, &#8222;zu aufw\u00e4ndig&#8220;.<br><br><strong>Dobrindt<\/strong> soll als <strong>CSU<\/strong>-Innenminister die illegale Migration regulieren,<br>um so die Stimmen f\u00fcr die Rechtspopulisten der <strong>AFD<\/strong> zu minimieren.<br>Aber die rechtsradikalen W\u00e4hler bleiben weiter an der <strong>AFD<\/strong> \u201ekleben\u201c,<br>sie wollen wohl die \u201eVogelschisszeit\u201c in Deutschland wieder erleben.<br><br>Es sind nicht die hellen Kerzen am Leuchter, die f\u00fcr die <strong>AFD<\/strong> brennen,<br>aber die, ohne das eigene Hirn zu nutzen, der <strong>AFD<\/strong> hinterher rennen.<br>So werden die Wahlversprechen der <strong>AFD<\/strong> kritiklos als wahr benannt,<br>aber alle Versprechungen der <strong>AFD<\/strong> enttarnt, somit als L\u00fcgen bekannt.<br><br><strong>Alois Rainer<\/strong> will mehr Fleisch, so dass die Landwirtschaft \u201egest\u00e4rkt\u201c,<br>aber den Widerstand gegen Massentierhaltung hat er nicht bemerkt.<br>Der Landwirtschaftsminister will mit mehr Fleisch, &#8222;den gro\u00dfen Sieg&#8220;<br>und gegen Fleischverzicht in Kinderg\u00e4rten und Schulen will er Krieg.<br><br>Ministerin <strong>Dorothee B\u00e4r<\/strong> f\u00fcr Forschung, Technologie und Raumfahrt,<br>die Verantwortung als Bundesministerin, h\u00e4tte ich uns gerne erspart.<br>\u00c4hnlich wie bei Digitalisierung, wird nur die Anwesenheit honoriert?<br>Oder ist das ein &#8222;B\u00e4rendienst&#8220; f\u00fcr die Quote, ohne das viel passiert?<br><br>Oder wurde von der <strong>CSU<\/strong> die &#8222;Problemb\u00e4rin&#8220; in dieses Amt platziert,<br>die daf\u00fcr sorgt, dass reichlich Gelder f\u00fcr Bayern k\u00f6nnen abkassiert?<br>So werden f\u00fcr Bayern dann Gelder f\u00fcr Flugtaxis \u201elocker gemacht\u201c,<br>\u00fcber Raketen f\u00fcr den Abschuss unbequemer Politiker nachgedacht.<br><strong><br>\u00a9 Rainer Dambroth \u2013 24.07.2025 \u2013 <a href=\"http:\/\/www.overline-poetry.de\/\">www.overline-poetry.de<\/a><\/strong><br><br><em><strong>Alois Rainer<\/strong> ist der <strong>CSU-Bundesminister f\u00fcr Landwirtschaft<\/strong> (seit Mai 2025), der von Markus S\u00f6der als Kontrast zu seinem gr\u00fcnen Vorg\u00e4nger Cem \u00d6zdemir als <strong>\u201eschwarzer Metzger\u201c<\/strong> bezeichnet wurde, da er selbst Metzgermeister ist und aus einer Metzgerfamilie stammt, was seine Position zur Ern\u00e4hrungspolitik symbolisiert, &#8230;&#8230;..<br>Internet KI<\/em><br><br><strong><a href=\"https:\/\/www.overline-design.de\/poetry\/wp-admin\/post.php?post=6068&amp;action=edit\">Die rechten Stimmungsmacher<\/a><\/strong><br><strong><a href=\"https:\/\/www.overline-design.de\/poetry\/wp-admin\/post.php?post=2496&amp;action=edit\">Andreas Scheuer \u2013 ein Desaster Minister<\/a><\/strong><br><strong><a href=\"https:\/\/www.overline-design.de\/poetry\/wp-admin\/post.php?post=8685&amp;action=edit\">Die AFD will mit Macht in die Vergangenheit!<\/a><\/strong><br><strong><a href=\"https:\/\/www.overline-design.de\/poetry\/wp-admin\/post.php?post=4247&amp;action=edit\">Dorothee B\u00e4r: \u201eDie Gr\u00fcnen braucht man nicht mehr\u201c<\/a><\/strong><br><strong><a href=\"https:\/\/www.overline-design.de\/poetry\/wp-admin\/post.php?post=6068&amp;action=edit\"><br><\/a><\/strong><em><strong>Umgang mit der AFD:<\/strong><\/em><br><em><strong>Man darf nicht warten, bis aus dem Schneeball eine Lawine geworden ist. Man muss den rollenden Schneeball zertreten. Die Lawine h\u00e4lt keiner mehr auf. Sie ruht erst, wenn sie alles unter sich begraben hat.<br>Erich K\u00e4stner<\/strong><\/em> <br><\/p>\n","protected":false},"excerpt":{"rendered":"<p>Markus S\u00f6der wollte die Besten f\u00fcr die Ministerposten entsenden.Konnte man die &#8222;Entsendeten&#8220; nicht in Bayern besser verwenden?Alexander Dobrindt, war einst f\u00fcrs Verkehrsministerium zust\u00e4ndig,durch Andreas Scheuer wurde dieses, mit der Maut, &#8222;zu aufw\u00e4ndig&#8220;. Dobrindt soll als CSU-Innenminister die illegale Migration regulieren,um so die Stimmen f\u00fcr die Rechtspopulisten der AFD zu minimieren.Aber die rechtsradikalen W\u00e4hler bleiben weiter [&hellip;]<\/p>\n","protected":false},"author":3,"featured_media":0,"parent":0,"menu_order":0,"comment_status":"closed","ping_status":"closed","template":"","meta":{"footnotes":""},"class_list":["post-10340","page","type-page","status-publish","hentry"],"jetpack_sharing_enabled":true,"_links":{"self":[{"href":"https:\/\/www.overline-design.de\/poetry\/index.php?rest_route=\/wp\/v2\/pages\/10340","targetHints":{"allow":["GET"]}}],"collection":[{"href":"https:\/\/www.overline-design.de\/poetry\/index.php?rest_route=\/wp\/v2\/pages"}],"about":[{"href":"https:\/\/www.overline-design.de\/poetry\/index.php?rest_route=\/wp\/v2\/types\/page"}],"author":[{"embeddable":true,"href":"https:\/\/www.overline-design.de\/poetry\/index.php?rest_route=\/wp\/v2\/users\/3"}],"replies":[{"embeddable":true,"href":"https:\/\/www.overline-design.de\/poetry\/index.php?rest_route=%2Fwp%2Fv2%2Fcomments&post=10340"}],"version-history":[{"count":21,"href":"https:\/\/www.overline-design.de\/poetry\/index.php?rest_route=\/wp\/v2\/pages\/10340\/revisions"}],"predecessor-version":[{"id":10879,"href":"https:\/\/www.overline-design.de\/poetry\/index.php?rest_route=\/wp\/v2\/pages\/10340\/revisions\/10879"}],"wp:attachment":[{"href":"https:\/\/www.overline-design.de\/poetry\/index.php?rest_route=%2Fwp%2Fv2%2Fmedia&parent=10340"}],"curies":[{"name":"wp","href":"https:\/\/api.w.org\/{rel}","templated":true}]}}