
{"id":1047,"date":"2020-11-12T18:16:48","date_gmt":"2020-11-12T18:16:48","guid":{"rendered":"https:\/\/overline-design.de\/poetry\/?page_id=1047"},"modified":"2021-01-08T18:18:48","modified_gmt":"2021-01-08T18:18:48","slug":"werder-fan-einkaufs-chip","status":"publish","type":"page","link":"https:\/\/www.overline-design.de\/poetry\/?page_id=1047","title":{"rendered":"Werder-Fan-Einkaufs-Chip"},"content":{"rendered":"\n<p>Holst du dir Dinge f\u00fcr Haushalt und Magen,<br>hier ein Werder-Chip f\u00fcr den Einkaufswagen.<br>Den hat ein Werderfan, das ist nicht zu fassen,<br>einfach in dem Einkaufswagen zur\u00fcck gelassen.<br>Habe sofort an dich gedacht, den &#8222;Werdertreuen&#8220;,<br>nun geht er auf die Reise, um dich zu erfreuen.<br>Ist er erst in deinen H\u00e4nden, dann ist er am Ziel.<br>Viel Freude beim Einkauf und Freude beim Spiel.<\/p>\n\n\n\n<p><strong>\u00a9<\/strong> Rainer Dambroth &#8211; 18.10.2016 &#8211; <strong><a href=\"https:\/\/www.overline-poetry.de\">www.overline-poetry.de<\/a><\/strong><br>gewidmet meinem Bruder G\u00fcnter, dem getreuen Werder-Fan<br><\/p>\n","protected":false},"excerpt":{"rendered":"<p>Holst du dir Dinge f\u00fcr Haushalt und Magen,hier ein Werder-Chip f\u00fcr den Einkaufswagen.Den hat ein Werderfan, das ist nicht zu fassen,einfach in dem Einkaufswagen zur\u00fcck gelassen.Habe sofort an dich gedacht, den &#8222;Werdertreuen&#8220;,nun geht er auf die Reise, um dich zu erfreuen.Ist er erst in deinen H\u00e4nden, dann ist er am Ziel.Viel Freude beim Einkauf und [&hellip;]<\/p>\n","protected":false},"author":3,"featured_media":0,"parent":0,"menu_order":0,"comment_status":"closed","ping_status":"closed","template":"","meta":{"footnotes":""},"class_list":["post-1047","page","type-page","status-publish","hentry"],"jetpack_sharing_enabled":true,"_links":{"self":[{"href":"https:\/\/www.overline-design.de\/poetry\/index.php?rest_route=\/wp\/v2\/pages\/1047","targetHints":{"allow":["GET"]}}],"collection":[{"href":"https:\/\/www.overline-design.de\/poetry\/index.php?rest_route=\/wp\/v2\/pages"}],"about":[{"href":"https:\/\/www.overline-design.de\/poetry\/index.php?rest_route=\/wp\/v2\/types\/page"}],"author":[{"embeddable":true,"href":"https:\/\/www.overline-design.de\/poetry\/index.php?rest_route=\/wp\/v2\/users\/3"}],"replies":[{"embeddable":true,"href":"https:\/\/www.overline-design.de\/poetry\/index.php?rest_route=%2Fwp%2Fv2%2Fcomments&post=1047"}],"version-history":[{"count":6,"href":"https:\/\/www.overline-design.de\/poetry\/index.php?rest_route=\/wp\/v2\/pages\/1047\/revisions"}],"predecessor-version":[{"id":2189,"href":"https:\/\/www.overline-design.de\/poetry\/index.php?rest_route=\/wp\/v2\/pages\/1047\/revisions\/2189"}],"wp:attachment":[{"href":"https:\/\/www.overline-design.de\/poetry\/index.php?rest_route=%2Fwp%2Fv2%2Fmedia&parent=1047"}],"curies":[{"name":"wp","href":"https:\/\/api.w.org\/{rel}","templated":true}]}}