
{"id":1056,"date":"2015-12-23T18:28:52","date_gmt":"2015-12-23T18:28:52","guid":{"rendered":"https:\/\/overline-design.de\/poetry\/?page_id=1056"},"modified":"2021-01-08T17:48:45","modified_gmt":"2021-01-08T17:48:45","slug":"der-faeller-mit-fehler","status":"publish","type":"page","link":"https:\/\/www.overline-design.de\/poetry\/?page_id=1056","title":{"rendered":"Der F\u00e4ller mit Fehler"},"content":{"rendered":"\n<p>Der F\u00e4ller hat einen Fehler gemacht,<br>weil er beim F\u00e4llen nicht nachgedacht.<br>F\u00fcr den Fall der F\u00e4lle dem F\u00e4ller fehlt,<br>die Einsicht, wie man ohne Fehler f\u00e4llt.<br>Wenn der Baum wird fehlerhaft gef\u00e4llt,<br>so dass er in die falsche Richtung f\u00e4llt.<br>Der Baum fiel nicht wie er fallen sollte,<br>so dass er nach dem F\u00e4llen weiter rollte.<br>Der Baum fiel auf den gefallenden F\u00e4ller,<br>das war nun vom F\u00e4ller der letzte Fehler.<\/p>\n\n\n\n<p>\u00a9 Rainer Dambroth &#8211; 23.12.2015 &#8211; <strong><a href=\"https:\/\/www.overline-poetry.de\">www.overline-poetry.de<\/a><\/strong><br><\/p>\n","protected":false},"excerpt":{"rendered":"<p>Der F\u00e4ller hat einen Fehler gemacht,weil er beim F\u00e4llen nicht nachgedacht.F\u00fcr den Fall der F\u00e4lle dem F\u00e4ller fehlt,die Einsicht, wie man ohne Fehler f\u00e4llt.Wenn der Baum wird fehlerhaft gef\u00e4llt,so dass er in die falsche Richtung f\u00e4llt.Der Baum fiel nicht wie er fallen sollte,so dass er nach dem F\u00e4llen weiter rollte.Der Baum fiel auf den gefallenden [&hellip;]<\/p>\n","protected":false},"author":3,"featured_media":0,"parent":0,"menu_order":0,"comment_status":"closed","ping_status":"closed","template":"","meta":{"footnotes":""},"class_list":["post-1056","page","type-page","status-publish","hentry"],"jetpack_sharing_enabled":true,"_links":{"self":[{"href":"https:\/\/www.overline-design.de\/poetry\/index.php?rest_route=\/wp\/v2\/pages\/1056","targetHints":{"allow":["GET"]}}],"collection":[{"href":"https:\/\/www.overline-design.de\/poetry\/index.php?rest_route=\/wp\/v2\/pages"}],"about":[{"href":"https:\/\/www.overline-design.de\/poetry\/index.php?rest_route=\/wp\/v2\/types\/page"}],"author":[{"embeddable":true,"href":"https:\/\/www.overline-design.de\/poetry\/index.php?rest_route=\/wp\/v2\/users\/3"}],"replies":[{"embeddable":true,"href":"https:\/\/www.overline-design.de\/poetry\/index.php?rest_route=%2Fwp%2Fv2%2Fcomments&post=1056"}],"version-history":[{"count":6,"href":"https:\/\/www.overline-design.de\/poetry\/index.php?rest_route=\/wp\/v2\/pages\/1056\/revisions"}],"predecessor-version":[{"id":2150,"href":"https:\/\/www.overline-design.de\/poetry\/index.php?rest_route=\/wp\/v2\/pages\/1056\/revisions\/2150"}],"wp:attachment":[{"href":"https:\/\/www.overline-design.de\/poetry\/index.php?rest_route=%2Fwp%2Fv2%2Fmedia&parent=1056"}],"curies":[{"name":"wp","href":"https:\/\/api.w.org\/{rel}","templated":true}]}}