
{"id":10723,"date":"2025-11-05T11:56:22","date_gmt":"2025-11-05T11:56:22","guid":{"rendered":"https:\/\/www.overline-design.de\/poetry\/?page_id=10723"},"modified":"2025-11-09T19:19:40","modified_gmt":"2025-11-09T19:19:40","slug":"donald-trump-und-die-buergermeisterwahl-in-new-york","status":"publish","type":"page","link":"https:\/\/www.overline-design.de\/poetry\/?page_id=10723","title":{"rendered":"Donald Trump und die B\u00fcrgermeisterwahl in New York"},"content":{"rendered":"\n<p>Mit <strong>Donald Trump<\/strong>, als Kandidat, h\u00e4tte man die Wahl nicht &#8222;verloren&#8220;,<br>denn <strong>Donald Trump<\/strong> sieht sich gottgleich und zum Erfolg auserkoren.<br>Der neue B\u00fcrgermeister von <strong>Donald Trump<\/strong> als Kommunist beleidigt<br>und bestimmt waren die Demokraten &#8222;als Wahlhelfer&#8220; daran beteiligt.<br>So will <strong>Donald Trump<\/strong> den Wahlerfolg des Kandidaten dann erkl\u00e4ren,<br>aber nicht, das Amerikaner wollen sich seiner &#8222;\u00dcbermacht&#8220; erwehren.<br><br><strong>Donald Trump<\/strong> sieht sich, als der von Gott gesandte, Retter der Welt<br>und er vermarktet die Marke: &#8222;<strong>Donald Trump<\/strong>&#8222;, so wie es ihm gef\u00e4llt.<br><strong>America First<\/strong>, aber nur f\u00fcr die &#8222;Reichsten der Reichen&#8220;, ist sein Ziel<br>und f\u00fcr die &#8222;\u00c4rmsten der Armen&#8220; bleibt dann nicht mehr ganz so viel.<br><strong>Donald Trump<\/strong> sieht sich auf dem \u201eHighway\u201c, &#8222;auf der \u00dcberholspur&#8220;,<br>aber sieht er auch die von ihm verursachten Katastrophen denn nur?<br><br>Als Amerikas <strong>grober Klotz<\/strong>: Demokraten und Republikaner zu sehen.<br>Dieses \u201ekomplizierte System\u201c k\u00f6nnen nur die Amerikaner verstehen?<br>Donald Trump wird als der <strong>grobe Keil<\/strong> Amerikas Bev\u00f6lkerung spalten<br>und will damit den <strong>groben Klotz<\/strong> Amerika dann in &#8222;Zwiespalt halten&#8220;.<br><strong>Donald Trump<\/strong> kann durch jetzige Verbindungen in Milliarden baden,<br>aber wird durch sein autorit\u00e4res Verhalten, Amerika massiv schaden.<br><br>Mit der Abrissbirne das historische <strong>Wei\u00dfe Haus<\/strong> f\u00fcr sich umgestaltet,<br>denn Trump ist der <strong>grobe Keil<\/strong>, der seine Bauprojekte so verwaltet.<br>Das <strong>Wei\u00dfe Haus<\/strong> geh\u00f6rt nicht ihm, sondern dem Volk von Amerika,<br>aber solch ein herrschs\u00fcchtiger Egozentriker, der war noch nicht da.<br><strong>Donald Trump<\/strong> baut sich, dem designierten K\u00f6nig, den Kr\u00f6nungssaal<br>und es interessiert ihn nicht, wenn Menschen leben in Not und Qual.<br><br><strong>Venezuela<\/strong> wird als Drogenland und Schiffe als &#8222;\u00dcberbringer&#8220; erkl\u00e4rt,<br>so werden den vorbeifahrenden Schiffen eine Weiterfahrt &#8222;verwehrt&#8220;.<br><strong>Donald Trump<\/strong> befiehlt: &#8222;Drogenschiffe&#8220; ohne Kontrolle zu versenken,<br>die Navi f\u00fchrt den Befehl aus, ohne an die Konsequenzen zu denken.<br>Dem <strong>Donald Trump<\/strong> nur seine Wahrheit und seine Beurteilung z\u00e4hlt.<br>Ohne zu Ende zu denken, die Mehrheit der Amerikaner sich verw\u00e4hlt!<br><br><strong>\u00a9 Rainer Dambroth \u2013 05.11.2025 \u2013 <a href=\"http:\/\/www.overline-poetry.de\/\">www.overline-poetry.de<\/a><\/strong><br><br><strong>Auf den groben Klotz<\/strong> Amerika <strong>geh\u00f6rt ein grober Keil<\/strong>: Donald Trump?<br><br><em>Zohran Mamdani gewinnt die Wahl in New York. Die meisten Reichen haben seine Gegner mit hohen Summen unterst\u00fctzt. Doch es gab auch Ausnahmen.<\/em> <em>Die Milliard\u00e4re Elizabeth Simons und Tom Preston-Werner haben beide an New Yorkers For Lower Costs gespendet, eine unabh\u00e4ngige Gruppe, die den B\u00fcrgermeisterwahlkampf von <br>Zohran Mamdani in New York City unterst\u00fctzt hat.<\/em><br><em>Internet<\/em><br><br><br><br><\/p>\n","protected":false},"excerpt":{"rendered":"<p>Mit Donald Trump, als Kandidat, h\u00e4tte man die Wahl nicht &#8222;verloren&#8220;,denn Donald Trump sieht sich gottgleich und zum Erfolg auserkoren.Der neue B\u00fcrgermeister von Donald Trump als Kommunist beleidigtund bestimmt waren die Demokraten &#8222;als Wahlhelfer&#8220; daran beteiligt.So will Donald Trump den Wahlerfolg des Kandidaten dann erkl\u00e4ren,aber nicht, das Amerikaner wollen sich seiner &#8222;\u00dcbermacht&#8220; erwehren. Donald Trump [&hellip;]<\/p>\n","protected":false},"author":3,"featured_media":0,"parent":0,"menu_order":0,"comment_status":"closed","ping_status":"closed","template":"","meta":{"footnotes":""},"class_list":["post-10723","page","type-page","status-publish","hentry"],"jetpack_sharing_enabled":true,"_links":{"self":[{"href":"https:\/\/www.overline-design.de\/poetry\/index.php?rest_route=\/wp\/v2\/pages\/10723","targetHints":{"allow":["GET"]}}],"collection":[{"href":"https:\/\/www.overline-design.de\/poetry\/index.php?rest_route=\/wp\/v2\/pages"}],"about":[{"href":"https:\/\/www.overline-design.de\/poetry\/index.php?rest_route=\/wp\/v2\/types\/page"}],"author":[{"embeddable":true,"href":"https:\/\/www.overline-design.de\/poetry\/index.php?rest_route=\/wp\/v2\/users\/3"}],"replies":[{"embeddable":true,"href":"https:\/\/www.overline-design.de\/poetry\/index.php?rest_route=%2Fwp%2Fv2%2Fcomments&post=10723"}],"version-history":[{"count":8,"href":"https:\/\/www.overline-design.de\/poetry\/index.php?rest_route=\/wp\/v2\/pages\/10723\/revisions"}],"predecessor-version":[{"id":10732,"href":"https:\/\/www.overline-design.de\/poetry\/index.php?rest_route=\/wp\/v2\/pages\/10723\/revisions\/10732"}],"wp:attachment":[{"href":"https:\/\/www.overline-design.de\/poetry\/index.php?rest_route=%2Fwp%2Fv2%2Fmedia&parent=10723"}],"curies":[{"name":"wp","href":"https:\/\/api.w.org\/{rel}","templated":true}]}}