
{"id":10737,"date":"2025-11-14T18:10:00","date_gmt":"2025-11-14T18:10:00","guid":{"rendered":"https:\/\/www.overline-design.de\/poetry\/?page_id=10737"},"modified":"2026-01-23T06:25:22","modified_gmt":"2026-01-23T06:25:22","slug":"sahra-wagenknecht-gibt-auf-und-die-fuehrung-ab","status":"publish","type":"page","link":"https:\/\/www.overline-design.de\/poetry\/?page_id=10737","title":{"rendered":"Sahra Wagenknecht gibt auf und die F\u00fchrung ab"},"content":{"rendered":"\n<p>Erkennt <strong>Sahra Wagenknecht<\/strong> ihre aussichtslose Comeback-Situation,<br>beendet ihren Vorsitz im <strong>B\u00fcndnis Sahra Wagenknecht<\/strong> jetzt schon.<br><strong>Die Linke<\/strong> mit starker F\u00fchrung die \u201ekritisierende Rolle\u201c \u00fcbernommen<br>und behindern damit der <strong>Sahra Wagenknecht<\/strong> ihr \u201eVorw\u00e4rtskommen&#8220;.<br><br>Noch in den Zeiten der DDR h\u00e4ngen gebliebene <strong>Sahra Wagenknecht<\/strong>,<br>die ihren W\u00e4hlern stetig verk\u00fcndet: \u201eUnsere Politik regiere schlecht!&#8220;<br><strong>Sahra Wagenknecht<\/strong>, die in Talkrunden als <strong>Putins Sprachrohr<\/strong> spricht,<br>eine solche russisch ausgerichtete Talkerin will ich in Talkrunden nicht.<br><br>Den Vorsitz von dem B\u00fcndnis \u00fcbernimmt <strong>Amira Mohamed Ali<\/strong> nun,<br>aber sie wird, wie die <strong>Sahra Wagenknecht<\/strong>, den gleichen Fehler tun.<br><strong>Mohamed Ali<\/strong> wird <strong>Wladimir Putin<\/strong> mit dem Heiligenschein versehen.<br>Den Angriff auf die <strong>Ukraine<\/strong>, als Kampf f\u00fcr den Weltfrieden verstehen.<br><br>Wir sollten die <strong>Ukraine<\/strong> nicht weiter mit Kriegsmaterial unterst\u00fctzen,<br>um die Demokratie und Unabh\u00e4ngigkeit der <strong>Ukraine<\/strong> zu besch\u00fctzen.<br>Denn so muss <strong>Putins Armee<\/strong> gegen eine wehrhafte <strong>Ukraine<\/strong> k\u00e4mpfen,<br>dieses wird auch russische Opfer fordern und seinen Erfolg d\u00e4mpfen<br><br>Wir sollten doch diplomatisch verhandeln, mit <strong>Putin<\/strong> dem Despoten.<br>Das funktioniert, wenn Putin will, oder man macht sich zum Idioten.<br>Der <strong>Despot Putin<\/strong> will die gesamte <strong>Ukraine<\/strong> f\u00fcr Russland annektieren<br>und scheint ihm egal, ob viele Menschen ihr Leben dabei verlieren.<br><br><strong>Wladimir Putin<\/strong> sieht sich als Herrscher, gleich wie ein <strong>russischer Zar<\/strong>.<br><strong>Russland<\/strong> als eine <strong>zaristische Gro\u00dfmacht<\/strong>, wie sie fr\u00fcher es mal war.<br>F\u00fcr <strong>Wladimir Putin<\/strong> ist sein Sieg \u00fcber die <strong>Ukraine<\/strong> \u00fcberlebenswichtig,<br>sonst ist seine Autorit\u00e4t als der <strong>russischer Pr\u00e4sident<\/strong> Null und nichtig.<br><br><strong>\u00a9 Rainer Dambroth \u2013 14.11.2025 \u2013 <a href=\"http:\/\/www.overline-poetry.de\/\">www.overline-poetry.de<\/a><\/strong><br><br><em>Amira Mohamed Ali: Als Vorsitzende der Partei B\u00fcndnis Sahra Wagenknecht setze sie sich f\u00fcr eine Politik der Vernunft und Gerechtigkeit ein<\/em>.\u00a0<\/p>\n","protected":false},"excerpt":{"rendered":"<p>Erkennt Sahra Wagenknecht ihre aussichtslose Comeback-Situation,beendet ihren Vorsitz im B\u00fcndnis Sahra Wagenknecht jetzt schon.Die Linke mit starker F\u00fchrung die \u201ekritisierende Rolle\u201c \u00fcbernommenund behindern damit der Sahra Wagenknecht ihr \u201eVorw\u00e4rtskommen&#8220;. Noch in den Zeiten der DDR h\u00e4ngen gebliebene Sahra Wagenknecht,die ihren W\u00e4hlern stetig verk\u00fcndet: \u201eUnsere Politik regiere schlecht!&#8220;Sahra Wagenknecht, die in Talkrunden als Putins Sprachrohr spricht,eine [&hellip;]<\/p>\n","protected":false},"author":3,"featured_media":0,"parent":0,"menu_order":0,"comment_status":"closed","ping_status":"closed","template":"","meta":{"footnotes":""},"class_list":["post-10737","page","type-page","status-publish","hentry"],"jetpack_sharing_enabled":true,"_links":{"self":[{"href":"https:\/\/www.overline-design.de\/poetry\/index.php?rest_route=\/wp\/v2\/pages\/10737","targetHints":{"allow":["GET"]}}],"collection":[{"href":"https:\/\/www.overline-design.de\/poetry\/index.php?rest_route=\/wp\/v2\/pages"}],"about":[{"href":"https:\/\/www.overline-design.de\/poetry\/index.php?rest_route=\/wp\/v2\/types\/page"}],"author":[{"embeddable":true,"href":"https:\/\/www.overline-design.de\/poetry\/index.php?rest_route=\/wp\/v2\/users\/3"}],"replies":[{"embeddable":true,"href":"https:\/\/www.overline-design.de\/poetry\/index.php?rest_route=%2Fwp%2Fv2%2Fcomments&post=10737"}],"version-history":[{"count":6,"href":"https:\/\/www.overline-design.de\/poetry\/index.php?rest_route=\/wp\/v2\/pages\/10737\/revisions"}],"predecessor-version":[{"id":11048,"href":"https:\/\/www.overline-design.de\/poetry\/index.php?rest_route=\/wp\/v2\/pages\/10737\/revisions\/11048"}],"wp:attachment":[{"href":"https:\/\/www.overline-design.de\/poetry\/index.php?rest_route=%2Fwp%2Fv2%2Fmedia&parent=10737"}],"curies":[{"name":"wp","href":"https:\/\/api.w.org\/{rel}","templated":true}]}}