
{"id":10826,"date":"2025-12-07T10:11:02","date_gmt":"2025-12-07T10:11:02","guid":{"rendered":"https:\/\/www.overline-design.de\/poetry\/?page_id=10826"},"modified":"2025-12-07T10:11:08","modified_gmt":"2025-12-07T10:11:08","slug":"der-umgang-mit-der-afd-in-den-parlamenten","status":"publish","type":"page","link":"https:\/\/www.overline-design.de\/poetry\/?page_id=10826","title":{"rendered":"Der Umgang mit der AFD in den Parlamenten"},"content":{"rendered":"\n<p>Die gro\u00dfe Frage, wie geht man in den Parlamenten mit der <strong>AFD<\/strong> um?<br>Nur ignorieren, selbst auf der Kommnunalebene, w\u00e4re doch dumm!<br>Wie sollen die <strong>AFD-W\u00e4hler<\/strong> die Unf\u00e4higkeit zum Regieren erkennen,<br>um die Probleme einer Zusammenarbeit mit der <strong>AFD<\/strong> zu benennen.<br><br>Das Gedankengut und die Regierungsrichtung der <strong>AFD<\/strong> ist festgelegt<br>und das sich noch weiter nach rechts in eine Autokratie wird bewegt.<br>Die <strong>AFD<\/strong> zeigt sich als <strong>demokratiefeindlich<\/strong>, nach gewonnener Wahl<br>und nach einer Macht\u00fcbernahme ist ihr das W\u00e4hlervotum dann egal.<br><br>Viele der <strong>AFD-Anh\u00e4nger<\/strong> kennen die &#8222;Zeit der Naziherrschaft&#8220; nicht<br>und vertrauen nur der &#8222;Wahrheit&#8220;, die so die <strong>AFD<\/strong> ihnen &#8222;vorspricht&#8220;:<br><strong>&#8222;Die Gr\u00e4ueltaten an den Juden, die h\u00e4tte es doch nicht gegeben.&#8220;<\/strong><br>Glaubt man denen nicht, die die Schreckenszeit konnten \u00fcberleben?<br><br>Viele <strong>AFD-Protestler<\/strong>, die mit Hetzparolen durch St\u00e4dte skandieren<br>und die nicht \u201ehellsten Kerzen am Leuchter\u201c dann &#8222;aufmarschieren&#8220;.<br>Die <strong>AFD-Anh\u00e4ngerschaft<\/strong> sich gegen die nicht V\u00f6lkischen formieren.<br>Rechtsextremistisch voller Hass sich gegen Ausl\u00e4nder radikalisieren.<br><br>Viele <strong>AFD-Protestler<\/strong> kommen aus &#8222;unteren Bev\u00f6lkerungsschichten&#8220;,<br>mit der gro\u00dfen Hoffnung, die <strong>AFD<\/strong> wird die Probleme f\u00fcr sie richten.<br>Glaubt man auch der <strong>AFD<\/strong>, wenn Sechs-Richtige im Lotto zugesagt,<br>oder diese Aussage der <strong>AFD<\/strong>, weil vern\u00fcnftig, wird dann hinterfragt?<br><br>Die Vorsitzenden <strong>Alice Weidel<\/strong> und <strong>Tino Chrupalla<\/strong>, viel versprechen,<br>wenn die <strong>AFD<\/strong> an der Macht, k\u00f6nnen W\u00e4hler sich nicht mehr r\u00e4chen.<br>Wie in Amerika von <strong>Donald Trump<\/strong> der Systemwechsel angek\u00fcndigt,<br>aber wie <strong>Donald Trump<\/strong> zur Zeit regiert, sich jeden Tag \u201evers\u00fcndigt\u201c<br><br><strong>\u00a9 Rainer Dambroth \u2013 07.12.2025 \u2013 www.overline-poetry.de<\/strong><br><br><em><strong>V\u00f6lkisch<\/strong> ist ein Adjektiv, bei dem es sich um eine Ableitung von Volk handelt. Dem Begriff kommt seit dem Ausgang des 19. Jahrhunderts in der Alltagssprache, den Medien und der Politik, insbesondere in der Zeit des Nationalsozialismus eine Bedeutung zu.<\/em><br><em>Wikipedia<\/em><\/p>\n\n\n\n<p><\/p>\n","protected":false},"excerpt":{"rendered":"<p>Die gro\u00dfe Frage, wie geht man in den Parlamenten mit der AFD um?Nur ignorieren, selbst auf der Kommnunalebene, w\u00e4re doch dumm!Wie sollen die AFD-W\u00e4hler die Unf\u00e4higkeit zum Regieren erkennen,um die Probleme einer Zusammenarbeit mit der AFD zu benennen. Das Gedankengut und die Regierungsrichtung der AFD ist festgelegtund das sich noch weiter nach rechts in eine [&hellip;]<\/p>\n","protected":false},"author":3,"featured_media":0,"parent":0,"menu_order":0,"comment_status":"closed","ping_status":"closed","template":"","meta":{"footnotes":""},"class_list":["post-10826","page","type-page","status-publish","hentry"],"jetpack_sharing_enabled":true,"_links":{"self":[{"href":"https:\/\/www.overline-design.de\/poetry\/index.php?rest_route=\/wp\/v2\/pages\/10826","targetHints":{"allow":["GET"]}}],"collection":[{"href":"https:\/\/www.overline-design.de\/poetry\/index.php?rest_route=\/wp\/v2\/pages"}],"about":[{"href":"https:\/\/www.overline-design.de\/poetry\/index.php?rest_route=\/wp\/v2\/types\/page"}],"author":[{"embeddable":true,"href":"https:\/\/www.overline-design.de\/poetry\/index.php?rest_route=\/wp\/v2\/users\/3"}],"replies":[{"embeddable":true,"href":"https:\/\/www.overline-design.de\/poetry\/index.php?rest_route=%2Fwp%2Fv2%2Fcomments&post=10826"}],"version-history":[{"count":9,"href":"https:\/\/www.overline-design.de\/poetry\/index.php?rest_route=\/wp\/v2\/pages\/10826\/revisions"}],"predecessor-version":[{"id":10835,"href":"https:\/\/www.overline-design.de\/poetry\/index.php?rest_route=\/wp\/v2\/pages\/10826\/revisions\/10835"}],"wp:attachment":[{"href":"https:\/\/www.overline-design.de\/poetry\/index.php?rest_route=%2Fwp%2Fv2%2Fmedia&parent=10826"}],"curies":[{"name":"wp","href":"https:\/\/api.w.org\/{rel}","templated":true}]}}