
{"id":10840,"date":"2025-12-08T19:10:01","date_gmt":"2025-12-08T19:10:01","guid":{"rendered":"https:\/\/www.overline-design.de\/poetry\/?page_id=10840"},"modified":"2025-12-09T10:31:49","modified_gmt":"2025-12-09T10:31:49","slug":"der-infantino-der-fifa-ehrt-amerikas-praesident-infantilo","status":"publish","type":"page","link":"https:\/\/www.overline-design.de\/poetry\/?page_id=10840","title":{"rendered":"Der Infantino der FIFA ehrt Amerikas Pr\u00e4sident Infantilo"},"content":{"rendered":"\n<p><strong>Infantino von der FIFA<\/strong> ehrt <strong>Amerikas Infantilo<\/strong>, als Friedenspr\u00e4sident.<br><strong>Pr\u00e4sident Infantilo<\/strong> bekommt Urkunde, Pokal und Medaille als Pr\u00e4sent.<br>Wie viele Milliarden Dollar sind f\u00fcr diese besondere Ehrung geflossen,<br>dass im Namen der <strong>FIFA<\/strong> d\u00fcrfen in Amerikas Stadien Tore geschossen?<br><br>Bestimmt hat <strong>Pr\u00e4sident Infantilo<\/strong> diese Ehrenabzeichen teuer bezahlt,<br>mit denen er, <strong>als der gr\u00f6\u00dfte Friedenspr\u00e4sident der Welt<\/strong> jetzt &#8222;prahlt&#8220;.<br>Amerikas <strong>Pr\u00e4sident Infantilo<\/strong> hat sich die Medaille selbst umgeh\u00e4ngt,<br>die der<strong> Infantino<\/strong> von der FIFA dem <strong>Pr\u00e4sident Infantilo<\/strong> &#8222;aufgedr\u00e4ngt&#8220;.<br><br><strong>Pr\u00e4sident Infantilo<\/strong> diese Ehrung sichtbar und voller Stolz genossen.<br>Hoffentlich hat <strong>Pr\u00e4sident Infantilo<\/strong> f\u00fcr sich kein Eigentor geschossen,<br>denn der <strong>Infantino<\/strong> von der <strong>FIFA<\/strong> versteht es, sich teuer zu verkaufen<br>und wie ein Handelsvertreter der <strong>FIFA<\/strong> in den Staaten \u201eaufzulaufen\u201c.<br><br>F\u00fcr einen Pokal, eine Medaille und eine Urkunde wird Geld verbraten,<br>zweifelhafte Ehrung f\u00fcr <strong>Ifantilo<\/strong>, <strong>Pr\u00e4sident der Vereinigten Staaten<\/strong>.<br>Frieden f\u00fcr ein Land kann nicht befohlen, per Dekret vom <strong>Pr\u00e4sident<\/strong>,<br>aber diplomatische Verst\u00e4ndigung, <strong>Pr\u00e4sident Infantilo<\/strong> nicht kennt.<br><br>F\u00fcr das Fussballturnier erhalten <strong>repubikanische<\/strong> Stadien den Vorzug.<br>Ist ein Stadion in einem <strong>demokratisch<\/strong> gef\u00fchrten Staat, ist es Betrug.<br>Dann werden Zusch\u00fcsse vom <strong>Pr\u00e4sidenten Infantilo<\/strong> zur\u00fcckgehalten,<br>denn <strong>Pr\u00e4sident Infantilo<\/strong> will nur <strong>republikanische M\u00e4chte<\/strong> entfalten.<br><br><strong>\u00a9 Rainer Dambroth \u2013 08.12.2025 \u2013 www.overline-poetry.de<\/strong><br><br><em><strong>Infantilo (Anlehnung an Infantino)<\/strong><br><strong>&#8222;Infantil&#8220;<\/strong> (von lat. infantilis, \u201ekindlich\u201c) ist ein Adjektiv, das je nach Kontext &#8222;das Kind betreffend&#8220;, &#8222;kindlich&#8220;, &#8222;kindisch&#8220;, &#8222;nicht altersgem\u00e4\u00df&#8220;, &#8222;unterentwickelt&#8220; oder &#8222;unreif&#8220; bedeuten kann und oft eine abwertende Konnotation hat, wenn es um unreifes Verhalten geht, &#8230;&#8230;&#8230;&#8230;..<br>Internet KI<\/em><\/p>\n","protected":false},"excerpt":{"rendered":"<p>Infantino von der FIFA ehrt Amerikas Infantilo, als Friedenspr\u00e4sident.Pr\u00e4sident Infantilo bekommt Urkunde, Pokal und Medaille als Pr\u00e4sent.Wie viele Milliarden Dollar sind f\u00fcr diese besondere Ehrung geflossen,dass im Namen der FIFA d\u00fcrfen in Amerikas Stadien Tore geschossen? Bestimmt hat Pr\u00e4sident Infantilo diese Ehrenabzeichen teuer bezahlt,mit denen er, als der gr\u00f6\u00dfte Friedenspr\u00e4sident der Welt jetzt &#8222;prahlt&#8220;.Amerikas Pr\u00e4sident [&hellip;]<\/p>\n","protected":false},"author":3,"featured_media":0,"parent":0,"menu_order":0,"comment_status":"closed","ping_status":"closed","template":"","meta":{"footnotes":""},"class_list":["post-10840","page","type-page","status-publish","hentry"],"jetpack_sharing_enabled":true,"_links":{"self":[{"href":"https:\/\/www.overline-design.de\/poetry\/index.php?rest_route=\/wp\/v2\/pages\/10840","targetHints":{"allow":["GET"]}}],"collection":[{"href":"https:\/\/www.overline-design.de\/poetry\/index.php?rest_route=\/wp\/v2\/pages"}],"about":[{"href":"https:\/\/www.overline-design.de\/poetry\/index.php?rest_route=\/wp\/v2\/types\/page"}],"author":[{"embeddable":true,"href":"https:\/\/www.overline-design.de\/poetry\/index.php?rest_route=\/wp\/v2\/users\/3"}],"replies":[{"embeddable":true,"href":"https:\/\/www.overline-design.de\/poetry\/index.php?rest_route=%2Fwp%2Fv2%2Fcomments&post=10840"}],"version-history":[{"count":5,"href":"https:\/\/www.overline-design.de\/poetry\/index.php?rest_route=\/wp\/v2\/pages\/10840\/revisions"}],"predecessor-version":[{"id":10845,"href":"https:\/\/www.overline-design.de\/poetry\/index.php?rest_route=\/wp\/v2\/pages\/10840\/revisions\/10845"}],"wp:attachment":[{"href":"https:\/\/www.overline-design.de\/poetry\/index.php?rest_route=%2Fwp%2Fv2%2Fmedia&parent=10840"}],"curies":[{"name":"wp","href":"https:\/\/api.w.org\/{rel}","templated":true}]}}