
{"id":10894,"date":"2025-12-21T10:08:07","date_gmt":"2025-12-21T10:08:07","guid":{"rendered":"https:\/\/www.overline-design.de\/poetry\/?page_id=10894"},"modified":"2025-12-21T16:16:44","modified_gmt":"2025-12-21T16:16:44","slug":"putin-und-seine-weihnachts-luegerede","status":"publish","type":"page","link":"https:\/\/www.overline-design.de\/poetry\/?page_id=10894","title":{"rendered":"Putin und seine Weihnachts-L\u00fcgen(Rede)"},"content":{"rendered":"\n<p>Eine Nutzung der eingefrorenen <strong>Russland-Milliarden<\/strong>, das w\u00e4re Raub,<br>aber was <strong>Putin<\/strong> mit der <strong>Ukraine<\/strong> macht, auf dem Ohr, scheint er &#8222;taub&#8220;.<br><strong>Putin<\/strong> bel\u00fcgt sein Volk, er musste die <strong>Ukraine<\/strong> vor Nazis besch\u00fctzen,<br>dabei will er Land der <strong>Ukraine<\/strong>, als <strong>russisches Gebiet<\/strong> f\u00fcr sich n\u00fctzen.<br><br>Es w\u00e4re kein Problem, <strong>russisches Geld<\/strong> f\u00fcr die <strong>Ukraine<\/strong> einzusetzen.<br>So wird <strong>Putin<\/strong> gezwungen, seinen Angriffskrieg richtig einzusch\u00e4tzen<br>Er will die ganze <strong>Ukraine<\/strong> besitzen, die dann vom <strong>Kreml<\/strong> wird regiert.<br>Das Leiden, was durch den Krieg verursacht, <strong>Putin<\/strong> nicht interessiert.<br><br>Von <strong>Russland-Milliarden<\/strong> kauft die <strong>Ukraine<\/strong> neues Verteidigungsger\u00e4t,<br>damit es mit der demokratischen Umbildung der <strong>Ukraine<\/strong> voran geht.<br><strong>Putin<\/strong> will mit Gewalt eine &#8222;Unabh\u00e4ngigkeit&#8220; der <strong>Ukraine<\/strong> vermeiden,<br>er zerst\u00f6rt Infrastruktur der <strong>Ukraine<\/strong>, l\u00e4sst so die Bev\u00f6lkerung leiden.<br><br>Wenn <strong>Diktatoren<\/strong> die Nutzung vom weltweiten Internet einschr\u00e4nken,<br>wollen sie vermeiden, das B\u00fcrger \u00fcber die Regierenden &#8222;nachdenken&#8220;<br><strong>Putin<\/strong> erkl\u00e4rt <strong>russischen B\u00fcrgern<\/strong>: &#8222;<strong>Russland<\/strong> wurde zur Hilfe gerufen&#8220;.<br>So kann er seinen Angriffskrieg als eine &#8222;<strong>Friedensmission<\/strong>&#8220; einstufen.<br><br>Der Westen und Nato das &#8222;<strong>friedliche Russland<\/strong>&#8220; mit Krieg bedrohten.<br>Mit dieser Aussage macht sich <strong>Putin<\/strong> gegen\u00fcber der EU zum Idioten.<br>Was hat den <strong>Despoten Putin<\/strong> nur \u201egeritten\u201c und woran er geglaubt,<br>das ohne Gegenwehr, wieder ein <strong>Gro\u00dfreich Russland<\/strong> wird &#8222;erlaubt&#8220;.<br><br>Die Regierungen der EU-Staaten, das w\u00e4ren doch &#8222;alles Schweine&#8220;?<br>Wie der <strong>Despot Putin<\/strong> das meint, das wei\u00df er doch nur ganz alleine.<br>Schweine sind friedliebend, \u00fcberfallen grundlos kein fremdes Land.<br>Diese Beleidigung von <strong>Putin<\/strong> gesagt &#8222;ohne Sinn und ohne Verstand&#8220;.<br><br>Das <strong>Putin<\/strong> im Karneval wird als &#8222;blutr\u00fcnstiges Monster&#8220; dargestellt,<br>ist nicht beleidigend, weil doch Realit\u00e4t ist, aber <strong>Putin<\/strong> nicht gef\u00e4llt.<br>So <strong>Despot Putin<\/strong>, in <strong>Moskau<\/strong>, den gerichtlichen Klageweg gew\u00e4hlt.<br>Ich bin gespannt, ob beim Prozess die unn\u00f6tigen Opfer aufgez\u00e4hlt!<br><br><strong>\u00a9 Rainer Dambroth \u2013 19.12.2025 \u2013 www.overline-poetry.de<\/strong><br><\/p>\n","protected":false},"excerpt":{"rendered":"<p>Eine Nutzung der eingefrorenen Russland-Milliarden, das w\u00e4re Raub,aber was Putin mit der Ukraine macht, auf dem Ohr, scheint er &#8222;taub&#8220;.Putin bel\u00fcgt sein Volk, er musste die Ukraine vor Nazis besch\u00fctzen,dabei will er Land der Ukraine, als russisches Gebiet f\u00fcr sich n\u00fctzen. Es w\u00e4re kein Problem, russisches Geld f\u00fcr die Ukraine einzusetzen.So wird Putin gezwungen, seinen [&hellip;]<\/p>\n","protected":false},"author":3,"featured_media":0,"parent":0,"menu_order":0,"comment_status":"closed","ping_status":"closed","template":"","meta":{"footnotes":""},"class_list":["post-10894","page","type-page","status-publish","hentry"],"jetpack_sharing_enabled":true,"_links":{"self":[{"href":"https:\/\/www.overline-design.de\/poetry\/index.php?rest_route=\/wp\/v2\/pages\/10894","targetHints":{"allow":["GET"]}}],"collection":[{"href":"https:\/\/www.overline-design.de\/poetry\/index.php?rest_route=\/wp\/v2\/pages"}],"about":[{"href":"https:\/\/www.overline-design.de\/poetry\/index.php?rest_route=\/wp\/v2\/types\/page"}],"author":[{"embeddable":true,"href":"https:\/\/www.overline-design.de\/poetry\/index.php?rest_route=\/wp\/v2\/users\/3"}],"replies":[{"embeddable":true,"href":"https:\/\/www.overline-design.de\/poetry\/index.php?rest_route=%2Fwp%2Fv2%2Fcomments&post=10894"}],"version-history":[{"count":7,"href":"https:\/\/www.overline-design.de\/poetry\/index.php?rest_route=\/wp\/v2\/pages\/10894\/revisions"}],"predecessor-version":[{"id":10910,"href":"https:\/\/www.overline-design.de\/poetry\/index.php?rest_route=\/wp\/v2\/pages\/10894\/revisions\/10910"}],"wp:attachment":[{"href":"https:\/\/www.overline-design.de\/poetry\/index.php?rest_route=%2Fwp%2Fv2%2Fmedia&parent=10894"}],"curies":[{"name":"wp","href":"https:\/\/api.w.org\/{rel}","templated":true}]}}