
{"id":10917,"date":"2025-12-30T07:01:30","date_gmt":"2025-12-30T07:01:30","guid":{"rendered":"https:\/\/www.overline-design.de\/poetry\/?page_id=10917"},"modified":"2025-12-30T11:16:30","modified_gmt":"2025-12-30T11:16:30","slug":"zum-gedenken-an-donald-trump","status":"publish","type":"page","link":"https:\/\/www.overline-design.de\/poetry\/?page_id=10917","title":{"rendered":"Zum Gedenken an Donald Trump?"},"content":{"rendered":"\n<p>In dem <strong>Mount Rushmore<\/strong>, verdiente Pr\u00e4sidenten in Granit gehauen.<br><strong>Donald Trump <\/strong>\u00fcberlegt, wie kann er sein Gesicht dazu noch bauen.<br>Der <strong>wichtigste Pr\u00e4sident Amerikas<\/strong> darf in dieser Reihe nicht fehlen<br>und er lie\u00df auch schon anfragen, das darf man hier nicht verhehlen.<br>F\u00fcr <strong>Donald Trump<\/strong> ist eine Erinnerung an seine Person sehr wichtig,<br>will Erfolge seiner Person<strong> im hinkenden Vergleich<\/strong>, so ist das richtig.<br><br><strong>Donald Trump<\/strong> regiert nur f\u00fcr seinen Ego und somit selbstherrlich,<br>darum ist <strong>Donald<\/strong> <strong>Trump<\/strong> f\u00fcrs Volk unberechenbar, somit gef\u00e4hrlich.<br>Durch seine Zollpolitik erh\u00f6hten bei den Importen sich viele Preise,<br>aber Staatseinnahmen sich so vermehrten, auf wundersame Weise.<br><strong>Donald Trump<\/strong> gab die Order, Schiffe mit seinem Namen zu bauen,<br>denn f\u00fcr seinen nachhaltigen Ruhm, will er aufs Geld nicht schauen.<br><br>Amerika war ein aufstrebenes Land der \u201eunbegrenzten M\u00f6glichkeit\u201c,<br>aber seit <strong>Donald Trump<\/strong> regiert, ist dieser Ausspruch Vergangenheit.<br>Mit seiner Selbst\u00fcbersch\u00e4tzung, <strong>Trump<\/strong> jeden Tag L\u00fcgen pr\u00e4sentiert,<br>als ob in Zukunft, noch irgend jemand f\u00fcr <strong>Donald Trump<\/strong> interessiert?<br><strong>Donald Trump<\/strong> beim Regierungsantritt als den Aufbruch empfunden,<br>nun z\u00e4hlen schon viele <strong>Amerikaner<\/strong> bei seiner Amtszeit die Stunden. <br><br>F\u00fcr Umweltkatastrophen macht er Demokraten zu den Schuldigen,<br>denn <strong>Donald Trump<\/strong> ist unfehlbar, l\u00e4sst sich als <strong>Gottheit<\/strong> huldigen.<br>Als k\u00f6nnten die Demokraten direkt am Klimawandel etwas \u201edrehen\u201c,<br><strong>Donald Trump<\/strong> gibt seine Ablehnung zum Klimawandel zu verstehen.<br><strong>Donald Trump<\/strong> l\u00e4ngst im letzten Drittel seines Lebens angekommen.<br>aber Ignoranz kann weder in H\u00f6lle noch im Himmel mitgenommen.<br><br><strong>Donald Trump<\/strong> will, dass man sich in ferner Zukunft an ihn erinnert,<br>darum ist er in vielen Dingen so wunderlich und auch so \u201espinnert\u201c<br><strong>Donald Trump<\/strong> ist, aufgrund seiner \u201eKr\u00e4merseele\u201c, geltungss\u00fcchtig,<br>darum l\u00fcgt er zu seinem Vorteil und wirkt als Dealmaker so t\u00fcchtig.<br>Wenn <strong>Donald Trump<\/strong> so redet, oftmals ziellos und ohne einen Plan,<br>verliert sich in wirren Metaphern, darauf kommt es <strong>Trump<\/strong> nicht an.<br><br>Nur die Meinung von Amerikas Pr\u00e4sident <strong>Donald Trump<\/strong> dann z\u00e4hlt,<br>darum f\u00fcr seine \u201eMinister\u00e4mter\u201c, eine solche \u201eLaientruppe\u201c gew\u00e4hlt.<br><strong>Donald Trump<\/strong> braucht Personal was kritiklos seine Taten unterst\u00fctzt<br>und die er f\u00fcr seine \u201eStrategien\u201c und fragw\u00fcrdiges Handeln ben\u00fctzt.<br><strong>Donald Trump<\/strong> suchte sein Umfeld, worin er wird nicht &#8222;verblassen&#8220;,<br>darum wird kein &#8222;F\u00e4higer&#8220; in sein Regierungsteam hinein gelassen.<br><br>Neue zu bauenden Kriegsschiffe sollen nach <strong>Donald Trump<\/strong> benannt,<br>damit er als Amerikas Erneuerer in entfernter Zukunft bleibt bekannt.<br>Im Ballsaal am Capitol werden nur <strong>Amerikas Milliard\u00e4re<\/strong> eingeladen,<br>damit sie \u00fcber ihre Gesch\u00e4ftserfolge berichten und im Luxus baden.<br><strong>Donald Trump<\/strong> kennt keine Emphatie, denn er lebt nur in seiner Welt<br>und f\u00fcr <strong>Donald<\/strong> <strong>Trump<\/strong> z\u00e4hlt nur &#8222;der Deal&#8220;, verbunden mit viel Geld.<br><br><strong>Donald Trump<\/strong> will \u00fcber die wahre Entstehung Amerikas berichten,<br>so wird er die amerikanische Geschichte in seinem Sinne umdichten.<br>Die grausamen Zeiten der Sklaverei, die hat es doch nicht gegeben.<br>Das waren alles \u201eGastarbeiter\u201c, die gerne in <strong>Amerika<\/strong> wollten leben.<br>Die Museen mit der dargestellter Sklavengeschichte neu organisiert,<br>weil dem <strong>Donald Trump<\/strong> &#8222;L\u00fcgen \u00fcber die Sklaverei&#8220; nicht interessiert.<br><br>Eines muss dem<strong> Pr\u00e4sidenten<\/strong> <strong>Donald Trump<\/strong> doch zu Gute gehalten,<br>er scheint doch richtiges Gesp\u00fcr bei den Verhandlungen zu entfalten.<br>Als Dealmaker scheint er bei Verhandlungen doch richtig zu schalten,<br>durch rigorosen Auftritt, die Beteiligten in seinem Sinne ausgestalten.<br><strong>Wladimir Putin<\/strong> der einzige Verhandler, bei dem dieses nicht gelingt,<br><strong>Donald Trump<\/strong> ihn auch mit &#8222;Drohungen&#8220; nicht zum Frieden zwingt.<br><br><strong>\u00a9 Rainer Dambroth \u2013 28.12.2025 \u2013 www.overline-poetry.de<\/strong><br><br><em><strong>Im Mount Rushmore wurden George Washington, Thomas Jefferson, Theodore Roosevelt und Abraham Lincoln in Granit verewigt.<\/strong><\/em><\/p>\n\n\n\n<p><\/p>\n","protected":false},"excerpt":{"rendered":"<p>In dem Mount Rushmore, verdiente Pr\u00e4sidenten in Granit gehauen.Donald Trump \u00fcberlegt, wie kann er sein Gesicht dazu noch bauen.Der wichtigste Pr\u00e4sident Amerikas darf in dieser Reihe nicht fehlenund er lie\u00df auch schon anfragen, das darf man hier nicht verhehlen.F\u00fcr Donald Trump ist eine Erinnerung an seine Person sehr wichtig,will Erfolge seiner Person im hinkenden Vergleich, [&hellip;]<\/p>\n","protected":false},"author":3,"featured_media":0,"parent":0,"menu_order":0,"comment_status":"closed","ping_status":"closed","template":"","meta":{"footnotes":""},"class_list":["post-10917","page","type-page","status-publish","hentry"],"jetpack_sharing_enabled":true,"_links":{"self":[{"href":"https:\/\/www.overline-design.de\/poetry\/index.php?rest_route=\/wp\/v2\/pages\/10917","targetHints":{"allow":["GET"]}}],"collection":[{"href":"https:\/\/www.overline-design.de\/poetry\/index.php?rest_route=\/wp\/v2\/pages"}],"about":[{"href":"https:\/\/www.overline-design.de\/poetry\/index.php?rest_route=\/wp\/v2\/types\/page"}],"author":[{"embeddable":true,"href":"https:\/\/www.overline-design.de\/poetry\/index.php?rest_route=\/wp\/v2\/users\/3"}],"replies":[{"embeddable":true,"href":"https:\/\/www.overline-design.de\/poetry\/index.php?rest_route=%2Fwp%2Fv2%2Fcomments&post=10917"}],"version-history":[{"count":13,"href":"https:\/\/www.overline-design.de\/poetry\/index.php?rest_route=\/wp\/v2\/pages\/10917\/revisions"}],"predecessor-version":[{"id":10932,"href":"https:\/\/www.overline-design.de\/poetry\/index.php?rest_route=\/wp\/v2\/pages\/10917\/revisions\/10932"}],"wp:attachment":[{"href":"https:\/\/www.overline-design.de\/poetry\/index.php?rest_route=%2Fwp%2Fv2%2Fmedia&parent=10917"}],"curies":[{"name":"wp","href":"https:\/\/api.w.org\/{rel}","templated":true}]}}