
{"id":10975,"date":"2026-01-11T05:11:48","date_gmt":"2026-01-11T05:11:48","guid":{"rendered":"https:\/\/www.overline-design.de\/poetry\/?page_id=10975"},"modified":"2026-01-15T16:39:51","modified_gmt":"2026-01-15T16:39:51","slug":"donald-trump-schuetzt-brutales-vorgehen-der-ice-agenten","status":"publish","type":"page","link":"https:\/\/www.overline-design.de\/poetry\/?page_id=10975","title":{"rendered":"Donald Trump sch\u00fctzt brutales Vorgehen der ICE-Agenten"},"content":{"rendered":"\n<p>Das Dokumentieren von Praktiken der <strong>ICE-Agenten<\/strong> wird verboten, <br>man will doch so verhindern, dass Tatvorg\u00e4nge werden publiziert.<br><strong>Donald Trump<\/strong> macht sich mit seiner Behauptung so zum Idioten,<br>denn die viralen Videos, nicht nur die <strong>Trumpgegner<\/strong> interessiert. <br><br>Weltweit wird das Video verbreitet, das in nur wenigen Sekunden,<br>so die Wahrheit vielen Weltb\u00fcrgern, sehr schnell bekannt gemacht.<br><strong>Donald Trump<\/strong> wird dieses Drama als Selbstverteidigung bekunden,<br>an die bereits publizierten Videos, von <strong>Donald Trump<\/strong> nicht gedacht.<br><br>&#8222;Der<strong> <\/strong>schwer verletzte <strong>ICE-Agent<\/strong> konnte das Krankenhaus verlassen&#8220;,<br>mit dieser L\u00fcge wurde von <strong>Donald Trump<\/strong> in den Medien informiert.<br>So wird der Slogan der <strong>Maga-Bewegung<\/strong> nur schneller &#8222;verblassen&#8220;,<br>weil amerikanischen B\u00fcrgern, auch die echte Wahrheit interessiert. <br><br>Der angeblich verletzte <strong>ICE-Agent<\/strong> in seinem Auto davon gefahren,<br>da hat sich oder wurde <strong>Donald Trump<\/strong> nur sehr schlecht informiert.<br>Auch der &#8222;blinde&#8220; <strong>Trump-Anh\u00e4nger<\/strong>, wird kl\u00fcger in all den Jahren,<br>wenn er mit Unwahrheiten von <strong>Donald Trump<\/strong> wird indoktriniert.<br><br>Auch L\u00fcgengeb\u00e4ude fallen zusammen, wie der Fl\u00fcgel vom Capitol,<br>selbst die euphorischen amerikanischen B\u00fcrger h\u00f6ren genauer hin.<br>Versprochen von <strong>Donald Trump<\/strong> amerikanischen B\u00fcrgern das Wohl,<br>aber f\u00fcr <strong>Donald Trump<\/strong> nur ein Milliarden-Deal, f\u00fcr ihn ein Gewinn.<br><br>Damit nur die <strong>amerikanischen Milliard\u00e4re<\/strong> noch viel reicher werden,<br>will <strong>Donald Trump<\/strong> L\u00e4nder zum Ausbeuten f\u00fcr Amerika annektieren.<br>So interessiert ihn Mineralien, Erd\u00f6l und auch die &#8222;seltenen Erden&#8220;,<br>nur die unterpriviligierten amerikanischen B\u00fcrger werden verlieren.<br><br><strong>\u00a9 Rainer Dambroth \u2013 10.01.2026 \u2013 www.overline-poetry.de<\/strong><br><br><em>In Minnesota hat am Mittwoch ein Bundesbeamter der Einwanderungsbeh\u00f6rde ICE eine 37-j\u00e4hrige Frau erschossen. Zeugen berichteten, die Frau habe &#8230;&#8230;&#8230;.<br>Focus online<\/em><br><br><em>Die t\u00f6dlichen Sch\u00fcsse eines ICE-Beamten auf eine Autofahrerin in Minneapolis haben eine heftige Debatte in den USA ausgel\u00f6st. Handelte der Mann\u00a0&#8230;&#8230;&#8230;.<br>ZDF heute<\/em><br><br><em><strong>Unterpriviligiert<\/strong> (von bestimmten Menschen, Schichten, Minderheiten, V\u00f6lkern) nicht oder nur eingeschr\u00e4nkt an bestimmten Rechten, Privilegien, Vorteilen in sozialer oder \u00f6konomischer Hinsicht teilhabend<br>Internet<\/em><br><br><br><br> <br><br><br><br><br><br><br><br><br><\/p>\n","protected":false},"excerpt":{"rendered":"<p>Das Dokumentieren von Praktiken der ICE-Agenten wird verboten, man will doch so verhindern, dass Tatvorg\u00e4nge werden publiziert.Donald Trump macht sich mit seiner Behauptung so zum Idioten,denn die viralen Videos, nicht nur die Trumpgegner interessiert. Weltweit wird das Video verbreitet, das in nur wenigen Sekunden,so die Wahrheit vielen Weltb\u00fcrgern, sehr schnell bekannt gemacht.Donald Trump wird dieses [&hellip;]<\/p>\n","protected":false},"author":3,"featured_media":0,"parent":0,"menu_order":0,"comment_status":"closed","ping_status":"closed","template":"","meta":{"footnotes":""},"class_list":["post-10975","page","type-page","status-publish","hentry"],"jetpack_sharing_enabled":true,"_links":{"self":[{"href":"https:\/\/www.overline-design.de\/poetry\/index.php?rest_route=\/wp\/v2\/pages\/10975","targetHints":{"allow":["GET"]}}],"collection":[{"href":"https:\/\/www.overline-design.de\/poetry\/index.php?rest_route=\/wp\/v2\/pages"}],"about":[{"href":"https:\/\/www.overline-design.de\/poetry\/index.php?rest_route=\/wp\/v2\/types\/page"}],"author":[{"embeddable":true,"href":"https:\/\/www.overline-design.de\/poetry\/index.php?rest_route=\/wp\/v2\/users\/3"}],"replies":[{"embeddable":true,"href":"https:\/\/www.overline-design.de\/poetry\/index.php?rest_route=%2Fwp%2Fv2%2Fcomments&post=10975"}],"version-history":[{"count":15,"href":"https:\/\/www.overline-design.de\/poetry\/index.php?rest_route=\/wp\/v2\/pages\/10975\/revisions"}],"predecessor-version":[{"id":10994,"href":"https:\/\/www.overline-design.de\/poetry\/index.php?rest_route=\/wp\/v2\/pages\/10975\/revisions\/10994"}],"wp:attachment":[{"href":"https:\/\/www.overline-design.de\/poetry\/index.php?rest_route=%2Fwp%2Fv2%2Fmedia&parent=10975"}],"curies":[{"name":"wp","href":"https:\/\/api.w.org\/{rel}","templated":true}]}}