
{"id":11012,"date":"2026-01-26T15:09:01","date_gmt":"2026-01-26T15:09:01","guid":{"rendered":"https:\/\/www.overline-design.de\/poetry\/?page_id=11012"},"modified":"2026-01-27T16:48:45","modified_gmt":"2026-01-27T16:48:45","slug":"solidargemeinschaft-rentenkasse","status":"publish","type":"page","link":"https:\/\/www.overline-design.de\/poetry\/?page_id=11012","title":{"rendered":"Solidargemeinschaft Rentenkasse?"},"content":{"rendered":"\n<p><strong>Sozialpolitisch<\/strong> ist dieses Problem nicht ganz einfach so zu fassen,<br>aber schnell leeren sich bei dieser Umverteilung die <strong>Rentenkassen<\/strong>.<br>Neue Beitragszahler zur Finanzierung der Rentenempf\u00e4nger fehlen,<br>die Regierenden sich ohne Konsens durch die Koalitionszeit qu\u00e4len.<br><br>Nur die <strong>AFD<\/strong> kann die Rente sichern, woran ihre Anh\u00e4nger glauben,<br>denn nicht in der Verantwortung, kann die <strong>AFD<\/strong> sich alles erlauben.<br>Die <strong>AFD<\/strong> kann ihren W\u00e4hlern das &#8222;Blaue vom Himmel&#8220; versprechen,<br>da nicht in der politischer Verantwortung, wird es sich nicht r\u00e4chen.<br><br>Wenn die <strong>AFD<\/strong> regiert, wird sie alle ihre Versprechungen &#8222;streichen&#8220;,<br>dann muss l\u00e4nger gearbeitet und eine Minirente wird auch reichen.<br>Noch bevor die <strong>AFD-W\u00e4hlerschaft<\/strong> dieses als Fehler wird bemerken,<br>ist die <strong>Demokratie<\/strong> verloren, weil die <strong>AFD<\/strong> die <strong>Autokratie<\/strong> will st\u00e4rken.<br><br>Als nach der <strong>Wiedervereinigung<\/strong> die <strong>Ostrentner<\/strong> mussten finanziert,<br>h\u00e4tte auch sichergestellt, das man keine leere Rentenkasse riskiert.<br>Aber so wurde die <strong>Wiedervereinigung<\/strong> aus der \u201e<strong>Portokasse<\/strong>\u201c bezahlt,<br>denn es gab doch keine finanziellen Probleme, womit man geprahlt.<br><br>Alle, auch <strong>Beamte<\/strong>, sollten ihren Beitrag in die Rentenkasse leisten.<br>Die, die dieses verhindern, kassieren, als <strong>Beamte<\/strong>, am allermeisten.<br>Sie geh\u00f6ren zur Kaste, die bereits gut mit Staatsgeldern finanziert,<br>somit das Thema <strong>Solidargemeinschaft<\/strong> nicht dringend interessiert.<br><br><strong>Verbeamtete Lehrer<\/strong> bekommen ihre <strong>Pension<\/strong> vom Staat finanziert,<br>darum auch ein Solidarbeitrag zur <strong>Rentenkasse <\/strong>nicht interessiert.<br>Die <strong>Pension<\/strong> wird prozentual von der letzten Besoldung ausgezahlt,<br>beim <strong>Rentner<\/strong> prozentual vom aufgerechneten Lohn oder Gehalt.<br><br><strong>Beamte<\/strong> bei <strong>Arztterminen<\/strong>, dem Arzt als <strong>Privatpatient<\/strong> sehr gef\u00e4llt,<br>denn sie bekommen f\u00fcr ihre Behandlung eine Rechnung erstellt.<br>Diese m\u00fcssen sie bis zu einer R\u00fcckerstattung zwischenfinanzieren,<br>bis sie den Rechnungsbetrag vom Staat wieder &#8222;zur\u00fcck kassieren&#8220;.<br><br>Auch die \u201enicht V\u00f6lkischen\u201c haben eingezahlt in die <strong>Rentenkasse<\/strong>,<br>sind keine <strong>Sozialschmarotzer<\/strong>, wie viele von der <strong>AFD<\/strong>-W\u00e4hlermasse.<br>Alle, die sich gegen unsere demokratischen Strukturen auflehnen,<br>brauchen wohl einen &#8222;<strong>rechten F\u00fchrer<\/strong>&#8222;, das will ich hier erw\u00e4hnen.<br><br><strong>Schauspieler<\/strong> und <strong>S\u00e4nger<\/strong> sich aufregen, ihre Rente sei doch klein,<br>aber das passiert nur, wenn man zahlt nicht in die <strong>Rentenkasse<\/strong> ein.<br>Es scheint so, dass sie den Begriff <strong>Sozialsystem<\/strong> falsch interpretieren,<br>es war nicht gedacht, dass wir <strong>fehlende Gagen<\/strong> werden finanzieren.<br><br><strong>\u00a9 Rainer Dambroth \u2013 25.01.2026 \u2013 www.overline-poetry.de<\/strong><\/p>\n","protected":false},"excerpt":{"rendered":"<p>Sozialpolitisch ist dieses Problem nicht ganz einfach so zu fassen,aber schnell leeren sich bei dieser Umverteilung die Rentenkassen.Neue Beitragszahler zur Finanzierung der Rentenempf\u00e4nger fehlen,die Regierenden sich ohne Konsens durch die Koalitionszeit qu\u00e4len. Nur die AFD kann die Rente sichern, woran ihre Anh\u00e4nger glauben,denn nicht in der Verantwortung, kann die AFD sich alles erlauben.Die AFD kann [&hellip;]<\/p>\n","protected":false},"author":3,"featured_media":0,"parent":0,"menu_order":0,"comment_status":"closed","ping_status":"closed","template":"","meta":{"footnotes":""},"class_list":["post-11012","page","type-page","status-publish","hentry"],"jetpack_sharing_enabled":true,"_links":{"self":[{"href":"https:\/\/www.overline-design.de\/poetry\/index.php?rest_route=\/wp\/v2\/pages\/11012","targetHints":{"allow":["GET"]}}],"collection":[{"href":"https:\/\/www.overline-design.de\/poetry\/index.php?rest_route=\/wp\/v2\/pages"}],"about":[{"href":"https:\/\/www.overline-design.de\/poetry\/index.php?rest_route=\/wp\/v2\/types\/page"}],"author":[{"embeddable":true,"href":"https:\/\/www.overline-design.de\/poetry\/index.php?rest_route=\/wp\/v2\/users\/3"}],"replies":[{"embeddable":true,"href":"https:\/\/www.overline-design.de\/poetry\/index.php?rest_route=%2Fwp%2Fv2%2Fcomments&post=11012"}],"version-history":[{"count":27,"href":"https:\/\/www.overline-design.de\/poetry\/index.php?rest_route=\/wp\/v2\/pages\/11012\/revisions"}],"predecessor-version":[{"id":11065,"href":"https:\/\/www.overline-design.de\/poetry\/index.php?rest_route=\/wp\/v2\/pages\/11012\/revisions\/11065"}],"wp:attachment":[{"href":"https:\/\/www.overline-design.de\/poetry\/index.php?rest_route=%2Fwp%2Fv2%2Fmedia&parent=11012"}],"curies":[{"name":"wp","href":"https:\/\/api.w.org\/{rel}","templated":true}]}}