
{"id":11117,"date":"2026-02-03T16:11:11","date_gmt":"2026-02-03T16:11:11","guid":{"rendered":"https:\/\/www.overline-design.de\/poetry\/?page_id=11117"},"modified":"2026-04-06T08:26:27","modified_gmt":"2026-04-06T08:26:27","slug":"orden-wider-den-tierischen-ernst-jetzt-steppt-die-baer","status":"publish","type":"page","link":"https:\/\/www.overline-design.de\/poetry\/?page_id=11117","title":{"rendered":"Orden wider den tierischen Ernst: Jetzt steppt die B\u00e4r"},"content":{"rendered":"\n<p>Wenn geduldig gewartet, wird <strong>Dorothee B\u00e4r<\/strong> &#8222;an die Reihe kommen&#8220;.<br>Wird der Orden &#8222;<strong>Wider den tierischen Ernst<\/strong>&#8220; noch ernst genommen?<br><strong>Dorothee B\u00e4r<\/strong>, Ministerin f\u00fcr Forschung, Technologie und Raumfahrt,<br>aber die Leitung von einem Bundesministerium, h\u00e4tte ich uns erspart.<br><br>Mit Ausgewogenheit bei den Altparteien, die Auszeichung vergeben,<br>ohne die humoristische Bef\u00e4higung der Ordensverleihung zu erleben.<br>So kann <strong>Dorothee B\u00e4r<\/strong> ihre Garderobe der \u00d6ffentlichkeit pr\u00e4sentieren,<br>aber viel mehr sollte der volle Einsatz im Ministerium sie interessieren.<br><br><strong>Markus S\u00f6der<\/strong> hat die F\u00e4higkeiten von <strong>Dorothee B\u00e4r<\/strong> richtig benannt,<br>was durch seine Aussage: &#8222;<strong>Wir erwarten nicht viel<\/strong>&#8222;, wurde bekannt!<br>Viel Geld f\u00fcr Technologie und Forschung nach Bayern &#8222;abzuzweigen&#8220;<br>und mit Geld f\u00fcr die <strong>bayrische Raumfahrt<\/strong>, schlie\u00dft sich der Reigen.<br><br>Dann k\u00f6nnen Flugtaxis <strong>Markus S\u00f6der<\/strong> zu<strong> Fressorgien<\/strong> transportieren<br>und er wird keine Regierungszeit, durch zu dichtem Verkehr verlieren.<br>Aber nur f\u00fcr ein Versorgungsamt, um f\u00fcr Bayern die Kassen zu f\u00fcllen,<br>daf\u00fcr brauchte man kein Ministeramt f\u00fcr <strong>Dorothee B\u00e4r<\/strong> zu enth\u00fcllen.<br><br>Was ist, wenn alle F\u00fchrungsposten f\u00fcr den Orden wurde abger\u00e4umt,<br>kommen dann Hinterb\u00e4nkler, die von dieser Anerkennung getr\u00e4umt?<br><strong>Jens Spahn<\/strong> von der CDU wurde f\u00fcr den Orden noch nicht gebucht,<br>aber bei ihm wird noch der &#8222;<strong>Wider tierische Ernst<\/strong>&#8222;-Humor gesucht.<br><br>F\u00fcr <strong>Jens Spahn<\/strong> ist es besser, in der gesch\u00fctzten Deckung zu bleiben,<br>sonst k\u00f6nnte <strong>Markus S\u00f6der<\/strong> seine Aussage auch ihm zu schreiben.<br><strong>Jens Spahn<\/strong> mit seiner dubiosen Maskenaff\u00e4re Steuergeld versenkt,<br>aber was macht das schon, im Zweifel daf\u00fcr die Falschen &#8222;gehenkt&#8220;.<br><br><strong>Markus S\u00f6der<\/strong>: &#8222;F\u00fcr Wohlstand muss mehr getan, mindest 1 Stund&#8220;,<br>aber einige Firmen entlassen, denn die Wirtschaft l\u00e4uft nicht rund.<br>Bei <strong>Markus S\u00f6der<\/strong> ist der Mund stets schneller als die Hirnkontrolle,<br>aber er ist Politker, was spielen da &#8222;hei\u00dfe L\u00fcfte&#8220; f\u00fcr eine gro\u00dfe Rolle.<br><br><strong>\u00a9 Rainer Dambroth \u2013 02.02.2026 \u2013 www.overline-poetry.de<\/strong><br><br><em><strong>Aussage Markus S\u00f6der beim CSU-Parteitag: <\/strong><br>&#8222;Keine Frage, wir erwarten uns nicht viel von dir, liebe Doro, aber viel Geld nach Bayern, das w\u00e4re sch\u00f6n&#8220;, sagte S\u00f6der in Richtung Dorothee B\u00e4r<br>19.01.2026<\/em><br><br><br><br><br><br><br><br><br><\/p>\n","protected":false},"excerpt":{"rendered":"<p>Wenn geduldig gewartet, wird Dorothee B\u00e4r &#8222;an die Reihe kommen&#8220;.Wird der Orden &#8222;Wider den tierischen Ernst&#8220; noch ernst genommen?Dorothee B\u00e4r, Ministerin f\u00fcr Forschung, Technologie und Raumfahrt,aber die Leitung von einem Bundesministerium, h\u00e4tte ich uns erspart. Mit Ausgewogenheit bei den Altparteien, die Auszeichung vergeben,ohne die humoristische Bef\u00e4higung der Ordensverleihung zu erleben.So kann Dorothee B\u00e4r ihre Garderobe [&hellip;]<\/p>\n","protected":false},"author":3,"featured_media":0,"parent":0,"menu_order":0,"comment_status":"closed","ping_status":"closed","template":"","meta":{"footnotes":""},"class_list":["post-11117","page","type-page","status-publish","hentry"],"jetpack_sharing_enabled":true,"_links":{"self":[{"href":"https:\/\/www.overline-design.de\/poetry\/index.php?rest_route=\/wp\/v2\/pages\/11117","targetHints":{"allow":["GET"]}}],"collection":[{"href":"https:\/\/www.overline-design.de\/poetry\/index.php?rest_route=\/wp\/v2\/pages"}],"about":[{"href":"https:\/\/www.overline-design.de\/poetry\/index.php?rest_route=\/wp\/v2\/types\/page"}],"author":[{"embeddable":true,"href":"https:\/\/www.overline-design.de\/poetry\/index.php?rest_route=\/wp\/v2\/users\/3"}],"replies":[{"embeddable":true,"href":"https:\/\/www.overline-design.de\/poetry\/index.php?rest_route=%2Fwp%2Fv2%2Fcomments&post=11117"}],"version-history":[{"count":8,"href":"https:\/\/www.overline-design.de\/poetry\/index.php?rest_route=\/wp\/v2\/pages\/11117\/revisions"}],"predecessor-version":[{"id":11336,"href":"https:\/\/www.overline-design.de\/poetry\/index.php?rest_route=\/wp\/v2\/pages\/11117\/revisions\/11336"}],"wp:attachment":[{"href":"https:\/\/www.overline-design.de\/poetry\/index.php?rest_route=%2Fwp%2Fv2%2Fmedia&parent=11117"}],"curies":[{"name":"wp","href":"https:\/\/api.w.org\/{rel}","templated":true}]}}