
{"id":11132,"date":"2026-02-09T09:46:49","date_gmt":"2026-02-09T09:46:49","guid":{"rendered":"https:\/\/www.overline-design.de\/poetry\/?page_id=11132"},"modified":"2026-04-07T14:40:29","modified_gmt":"2026-04-07T14:40:29","slug":"bielefelder-posse-mit-der-muellabfuhr","status":"publish","type":"page","link":"https:\/\/www.overline-design.de\/poetry\/?page_id=11132","title":{"rendered":"Bielefelder Posse mit der M\u00fcllabfuhr"},"content":{"rendered":"\n<p>Leider zu oft, werden <strong>kommunale Projekte<\/strong> nicht zu Ende gedacht,<br>denn das sind Fehler, die bei <strong>Projektplanungen<\/strong> werden gemacht.<br>Die ben\u00f6tigte <strong>Infrastruktur<\/strong> f\u00fcr geplante Projekte sollte vorhanden,<br>bevor die Durchf\u00fchrung mangels Erfordernisse wird &#8222;versanden&#8220;.<br>Als wenn ein Schiff, fern ab vom &#8222;beschiffbaren Gew\u00e4sser&#8220; gebaut<br>und nach Fertigstellung nach einem Fluss oder Meer ausgeschaut.<br><br>So <strong>M\u00fcllfahrzeuge<\/strong> bestellt, f\u00fcr einen <strong>Wasserstoffbetrieb<\/strong> vorsehen,<br>eine Betankung vor Ort unm\u00f6glich, wie soll man das verstehen?<br>Die <strong>Wasserstoff <\/strong>betriebenen <strong>M\u00fcllwagen<\/strong> k\u00f6nnen nicht eingesetzt,<br>denn der Weg zur n\u00e4chsten <strong>Tankstelle<\/strong> wurde falsch eingesch\u00e4tzt.<br>So musste zum Betanken eine weiter entfernte Ortschaft anvisiert,<br>so dass man ein Teil der Betankung f\u00fcr Hin- und R\u00fcckweg &#8222;verliert&#8220;.<br><br>Eine <strong>Wasserstoffbetankung<\/strong> in direkten Nachbarschaft abgelehnt,<br>denn die war nur f\u00fcr die &#8222;gef\u00f6rderten Busse&#8220;, das sei hier erw\u00e4hnt.<br>Wenn man erweitert den <strong>F\u00f6rderzweck<\/strong>, wie f\u00fcr diesen Fall, flexibel,<br>das wollen <strong>Amtsschimmelreiter<\/strong> nicht, denn da sind sie zu penibel.<br>Ihnen w\u00e4ren vom Gesetzgeber f\u00fcr Flexibilit\u00e4t die H\u00e4nde gebunden,<br>wenn der <strong>Amtsschimmel<\/strong> es wollte, k\u00f6nnte eine L\u00f6sung gefunden.<br><br>Oftmals fehlt bei <strong>Genehmigungsprozeduren<\/strong> die Gesamt\u00fcbersicht,<br>denn bei dem <strong>Bearbeitungsfenster<\/strong>, sieht man die Probleme nicht.<br>Jetzt stehen die teuren M\u00fcllfahrzeuge mit <strong>Wasserstoffbetrieb<\/strong> still,<br>weil gemeinsam mit den <strong>Amtsschimmeln<\/strong> keine L\u00f6sung finden will.<br>Der &#8222;<strong>Blick \u00fcber den Tellerrand<\/strong>&#8220; und f\u00fcr die Entscheider mehr Mut,<br>k\u00f6nnte vieles bewegen und t\u00e4te auch unseren <strong>Staatsfinanzen<\/strong> gut.<br><br><strong>\u00a9 Rainer Dambroth \u2013 05.02.2026 \u2013 www.overline-poetry.de<\/strong><br><br><em>Die sieben wasserstoffbetriebenen M\u00fcllwagen des Bielefelder Umweltbetriebs (UWB) stehen seit Anfang 2026 still, da die ben\u00f6tigte Tankstelle in Rheda-Wiedenbr\u00fcck geschlossen wurde. Die Fahrzeuge k\u00f6nnen mangels Infrastruktur und aufgrund f\u00f6rderrechtlicher Beschr\u00e4nkungen der vorhandenen Tankstelle f\u00fcr moBiel-Busse nicht betankt werden. Aufgrund des &#8222;Tank-Desasters&#8220; und technischer Reichweitenprobleme setzt Bielefeld zuk\u00fcnftig verst\u00e4rkt auf Elektro-M\u00fcllwagen.\u00a0<br>Internet KI<\/em><\/p>\n\n\n\n<p><br><br><br><br><br><br><br><br><br><br><br><br><br><br><\/p>\n","protected":false},"excerpt":{"rendered":"<p>Leider zu oft, werden kommunale Projekte nicht zu Ende gedacht,denn das sind Fehler, die bei Projektplanungen werden gemacht.Die ben\u00f6tigte Infrastruktur f\u00fcr geplante Projekte sollte vorhanden,bevor die Durchf\u00fchrung mangels Erfordernisse wird &#8222;versanden&#8220;.Als wenn ein Schiff, fern ab vom &#8222;beschiffbaren Gew\u00e4sser&#8220; gebautund nach Fertigstellung nach einem Fluss oder Meer ausgeschaut. So M\u00fcllfahrzeuge bestellt, f\u00fcr einen Wasserstoffbetrieb vorsehen,eine [&hellip;]<\/p>\n","protected":false},"author":3,"featured_media":0,"parent":0,"menu_order":0,"comment_status":"closed","ping_status":"closed","template":"","meta":{"footnotes":""},"class_list":["post-11132","page","type-page","status-publish","hentry"],"jetpack_sharing_enabled":true,"_links":{"self":[{"href":"https:\/\/www.overline-design.de\/poetry\/index.php?rest_route=\/wp\/v2\/pages\/11132","targetHints":{"allow":["GET"]}}],"collection":[{"href":"https:\/\/www.overline-design.de\/poetry\/index.php?rest_route=\/wp\/v2\/pages"}],"about":[{"href":"https:\/\/www.overline-design.de\/poetry\/index.php?rest_route=\/wp\/v2\/types\/page"}],"author":[{"embeddable":true,"href":"https:\/\/www.overline-design.de\/poetry\/index.php?rest_route=\/wp\/v2\/users\/3"}],"replies":[{"embeddable":true,"href":"https:\/\/www.overline-design.de\/poetry\/index.php?rest_route=%2Fwp%2Fv2%2Fcomments&post=11132"}],"version-history":[{"count":19,"href":"https:\/\/www.overline-design.de\/poetry\/index.php?rest_route=\/wp\/v2\/pages\/11132\/revisions"}],"predecessor-version":[{"id":11156,"href":"https:\/\/www.overline-design.de\/poetry\/index.php?rest_route=\/wp\/v2\/pages\/11132\/revisions\/11156"}],"wp:attachment":[{"href":"https:\/\/www.overline-design.de\/poetry\/index.php?rest_route=%2Fwp%2Fv2%2Fmedia&parent=11132"}],"curies":[{"name":"wp","href":"https:\/\/api.w.org\/{rel}","templated":true}]}}