
{"id":11235,"date":"2026-03-08T06:21:26","date_gmt":"2026-03-08T06:21:26","guid":{"rendered":"https:\/\/www.overline-design.de\/poetry\/?page_id=11235"},"modified":"2026-05-03T09:46:17","modified_gmt":"2026-05-03T09:46:17","slug":"landtagswahl-baden-wuerttemberg-cdu-wir-haben-schon-viel-erreicht-denn-wir-haben-das-buergergeld-abgeschafft","status":"publish","type":"page","link":"https:\/\/www.overline-design.de\/poetry\/?page_id=11235","title":{"rendered":"Landtagswahl Baden-W\u00fcrttemberg, CDU: Wir haben schon viel erreicht, denn wir haben das B\u00fcrgergeld abgeschafft!"},"content":{"rendered":"\n<p>Die Wirtschaft in <strong>Baden-W\u00fcrttemberg<\/strong> braucht viel &#8222;Kraft&#8220;.<br><strong>Carsten Linnemann:<\/strong> Wir haben das B\u00fcrgergeld abgeschafft<br>Wenn man \u00fcber politische Erfolge nicht viel berichten kann,<br>bleibt nur <strong>Abschaffung<\/strong> <strong>B\u00fcrgergeld<\/strong> bei <strong>Carsten<\/strong> <strong>Linnemann<\/strong>.<br><br>Vor allem braucht die <strong>Wirtschaft<\/strong> Perspektive und Zuversicht,<br>aber eine lange Zeit, bevor wir handeln, die haben wir nicht.<br>Die <strong>Wirtschaft<\/strong> braucht f\u00fcr einen Aufbruch ein klares Signal.<br>Das Ergebnis f\u00fcr die bisherige Arbeit, zeigt die Landtagswahl.<br><br>Viele Arbeitspl\u00e4tze sollen massiv in der Wirtschaft abgebaut,<br>aber mit Fokus man nur auf die &#8222;<strong>\u00c4rmsten der Armen<\/strong>&#8220; schaut.<br>Es gibt leider Schmarotzer, die ausnutzen unser <strong>Sozialsystem<\/strong>,<br>denn ohne Leistung Geld zu kassieren, das ist sehr bequem. <br><br>Die <strong>Bundesregierung<\/strong> bedenkt die &#8222;Gest\u00fcrzten&#8220; mit viel Kritik,<br>aber die vorm Abgrund stehen, sehen sie nicht, mit ihrer Politik.<br>F\u00fcr die <strong>Krankenkassenreform<\/strong>, da braucht es noch sehr viel Zeit.<br>So gr\u00fcndet man Arbeitskreise, bevor man f\u00fcr die L\u00f6sung bereit.<br><br>Der FDP doch prozental der Einzug in den Landestag verwehrt.<br><strong>Linke<\/strong> haben hinzu gewonnen, f\u00fchlen sich vom W\u00e4hler geehrt. <br>Die <strong>SPD<\/strong> wurde durch ihre unsoziale Politik prozentual halbiert<br>und die v\u00f6lkisch orientierte <strong>AFD<\/strong> doppelte Prozente &#8222;kassiert&#8220;.<br><br><strong>Union-Oppositionsf\u00fchrer<\/strong> von der <strong>CDU<\/strong> und<strong> CSU,<\/strong> <strong>Jens Spahn<\/strong>,<br>bekannt als Gesundheitsminister mit &#8222;<strong>Maskenbestellungswahn<\/strong>&#8222;.<br>Spahn f\u00fchrt die Union und stets auf Reaktion der <strong>AFD<\/strong> sein Blick.<br>Er \u00fcbertr\u00e4gt so die Ziele der <strong>AFD<\/strong>, beweist damit wenig Geschick.<br><br>Die <strong>SPD<\/strong> verliert ihren Anspruch als sozialgerechte Arbeiterpartei,<br>denn mit der Union als Koalitionspartei ist <strong>Soziales<\/strong> wenig dabei.<br>Mit Blick auf die anstehenden Wahlen, beweisen sie wenig Mut,<br>Sich nur der Koalition zu beugen, tut der <strong>Sozialpolitik<\/strong> nicht gut.<br><br>Durch <strong>russischen Krieg<\/strong> gegen die <strong>Ukraine<\/strong> sind schwere Zeiten, <br>auch die Pr\u00e4sidentschaft <strong>Donald Trump<\/strong> gro\u00dfe Sorgen bereiten.<br>Pr\u00e4sident <strong>Donald<\/strong> <strong>Trump<\/strong> ist unberechenbar mit seiner Strategie,<br>denn wie er morgen re(a)giert, das weiss man doch vorher nie.<br><br>Wir brauchen jetzt eine Politik mit einer starken F\u00fchrungshand,<br>die mutig und besonnen regiert f\u00fcr Europa und f\u00fcr unser Land.<br>Die sich nicht treiben l\u00e4sst, durch <strong>rechtsextreme Parteichaoten<\/strong>.<br>Sachlich reagieren, gegen <strong>ungarische und russische Despoten<\/strong>.<br><br><strong>\u00a9 Rainer Dambroth \u2013 08.03.2026 \u2013 <a href=\"http:\/\/www.overline-poetry.de\/\">www.overline-poetry.de<\/a><\/strong><br><br><br><br><br><br><br><\/p>\n","protected":false},"excerpt":{"rendered":"<p>Die Wirtschaft in Baden-W\u00fcrttemberg braucht viel &#8222;Kraft&#8220;.Carsten Linnemann: Wir haben das B\u00fcrgergeld abgeschafftWenn man \u00fcber politische Erfolge nicht viel berichten kann,bleibt nur Abschaffung B\u00fcrgergeld bei Carsten Linnemann. Vor allem braucht die Wirtschaft Perspektive und Zuversicht,aber eine lange Zeit, bevor wir handeln, die haben wir nicht.Die Wirtschaft braucht f\u00fcr einen Aufbruch ein klares Signal.Das Ergebnis f\u00fcr [&hellip;]<\/p>\n","protected":false},"author":3,"featured_media":0,"parent":0,"menu_order":0,"comment_status":"closed","ping_status":"closed","template":"","meta":{"footnotes":""},"class_list":["post-11235","page","type-page","status-publish","hentry"],"jetpack_sharing_enabled":true,"_links":{"self":[{"href":"https:\/\/www.overline-design.de\/poetry\/index.php?rest_route=\/wp\/v2\/pages\/11235","targetHints":{"allow":["GET"]}}],"collection":[{"href":"https:\/\/www.overline-design.de\/poetry\/index.php?rest_route=\/wp\/v2\/pages"}],"about":[{"href":"https:\/\/www.overline-design.de\/poetry\/index.php?rest_route=\/wp\/v2\/types\/page"}],"author":[{"embeddable":true,"href":"https:\/\/www.overline-design.de\/poetry\/index.php?rest_route=\/wp\/v2\/users\/3"}],"replies":[{"embeddable":true,"href":"https:\/\/www.overline-design.de\/poetry\/index.php?rest_route=%2Fwp%2Fv2%2Fcomments&post=11235"}],"version-history":[{"count":13,"href":"https:\/\/www.overline-design.de\/poetry\/index.php?rest_route=\/wp\/v2\/pages\/11235\/revisions"}],"predecessor-version":[{"id":11249,"href":"https:\/\/www.overline-design.de\/poetry\/index.php?rest_route=\/wp\/v2\/pages\/11235\/revisions\/11249"}],"wp:attachment":[{"href":"https:\/\/www.overline-design.de\/poetry\/index.php?rest_route=%2Fwp%2Fv2%2Fmedia&parent=11235"}],"curies":[{"name":"wp","href":"https:\/\/api.w.org\/{rel}","templated":true}]}}