
{"id":11284,"date":"2026-03-25T19:01:30","date_gmt":"2026-03-25T19:01:30","guid":{"rendered":"https:\/\/www.overline-design.de\/poetry\/?page_id=11284"},"modified":"2026-03-29T08:49:16","modified_gmt":"2026-03-29T08:49:16","slug":"koalition-cannabis-soll-wieder-eingeschraenkt-werden","status":"publish","type":"page","link":"https:\/\/www.overline-design.de\/poetry\/?page_id=11284","title":{"rendered":"Koalition: Cannabisfreigabe soll wieder eingeschr\u00e4nkt werden"},"content":{"rendered":"\n<p>Im <strong>Koalitionsvertrag<\/strong> vereinbart, so b\u00f6se man nicht denkt,<br>der Genu\u00df von <strong>Cannabis<\/strong> soll restriktiv dann eingeschr\u00e4nkt?<br>Man h\u00e4tte doch wohl bei Legalisierung, nicht auf dem Plan,<br>das den <strong>Cannabiskonsumenten<\/strong> &#8222;die T\u00fcren zu weit aufgetan&#8220;.<br>Die <strong>Politik<\/strong>, die zur Zeit von einer gro\u00dfen <strong>Koalition<\/strong> gemacht,<br>sieht Probleme, wor\u00fcber der <strong>Cannabiskonsument<\/strong> nur lacht.<br><br>Der Konsum von <strong>Cannabis<\/strong>, sich doch &#8222;<strong>in Grenzen gehalten<\/strong>&#8222;,<br>nur die Politik, will die &#8222;Gefahren&#8220; \u00fcberwachen und verwalten.<br>Der <strong>Cannabis-Schwarzmarkt<\/strong> wurde auch nicht eingeschr\u00e4nkt!<br>Bei der politischen Front: &#8222;ein Schelm, wer B\u00f6ses dabei denkt&#8220;?<br>Eine restriktive <strong>Cannabis-Politik<\/strong>, der Konsument nicht braucht<br>und bei <strong>st\u00fcmperhafter Politik<\/strong>, wird zum Entspannen geraucht.<br><br>Produktion und Verkauf in <strong>Cannabis-Social-Clubs<\/strong> organisiert,<br>und durch \u00dcberreaktion von <strong>Markus S\u00f6der<\/strong> zu vieles blockiert.<br>Was der <strong>Bayer<\/strong>, in diesem Fall der <strong>Markus S\u00f6der<\/strong>, nicht kennt,<br>als gro\u00dfe Gefahr f\u00fcr deutsche und <strong>bayrische<\/strong> B\u00fcrger benennt.<br><strong>Markus<\/strong> <strong>S\u00f6der<\/strong>, von der <strong>CSU<\/strong>, will bei <strong>Cannabis<\/strong> nicht versagen.<br>F\u00fcrchtet er, dass <strong>Cannabis <\/strong>als Konkurrenz zum Bier will wagen?<br><br>\u00dcber das zu z\u00f6gerliche <strong>Koalieren<\/strong> der <strong>Parteien aus der Mitte<\/strong>,<br>freut sich doch die <strong>rechtsextreme<\/strong> <strong>AFD<\/strong>, als &#8222;lachende Dritte&#8220;.<br>Als das <strong>Z\u00fcnglein an der Waage<\/strong>, sieht sich die bayrische <strong>CSU<\/strong>.<br>Mit Kritik wird nicht gespart und <strong>Markus S\u00f6der<\/strong> gibt keine Ruh&#8216;<br>Die <strong>Koalition<\/strong> re(a)giert so, wie sie von der <strong>AFD<\/strong> bekommt Kritik,<br>nur vorrangig Migration &#8222;abhaken&#8220;, zeigt eine schwache Politik.<br><br>Bei Regierungsgeb\u00e4uden scheint man Ma\u00dfhalten zu vergessen,<br>Geld spielt keine Rolle, wenn man von einem Projekt besessen.<br>Das <strong>Kanzleramt<\/strong> wird unangemessen immer gr\u00f6\u00dfer ausgebaut <br>und es wird hierbei nicht auf verf\u00fcgbares Kapital ausgeschaut.<br>Keine <strong>bremsende Kontrolle<\/strong>, gebaut wird mit &#8222;Prunk und Protz&#8220;,<br>den <strong>fehlenden Wohnraum<\/strong> der <strong>Wohnungsuchenden<\/strong> zum Trotz.<br><br><strong>\u00a9 Rainer Dambroth \u2013 25.03.2026 \u2013 <a href=\"http:\/\/www.overline-poetry.de\/\">www.overline-poetry.de<\/a><\/strong><br><br><strong>An die Politik gerichtet:<br>Ein Verbot, vielen aus eigener Kindheit bekannt,<br>macht eine verbotene Sache, nur mehr interessant.<\/strong><br><\/p>\n","protected":false},"excerpt":{"rendered":"<p>Im Koalitionsvertrag vereinbart, so b\u00f6se man nicht denkt,der Genu\u00df von Cannabis soll restriktiv dann eingeschr\u00e4nkt?Man h\u00e4tte doch wohl bei Legalisierung, nicht auf dem Plan,das den Cannabiskonsumenten &#8222;die T\u00fcren zu weit aufgetan&#8220;.Die Politik, die zur Zeit von einer gro\u00dfen Koalition gemacht,sieht Probleme, wor\u00fcber der Cannabiskonsument nur lacht. Der Konsum von Cannabis, sich doch &#8222;in Grenzen gehalten&#8222;,nur [&hellip;]<\/p>\n","protected":false},"author":3,"featured_media":0,"parent":0,"menu_order":0,"comment_status":"closed","ping_status":"closed","template":"","meta":{"footnotes":""},"class_list":["post-11284","page","type-page","status-publish","hentry"],"jetpack_sharing_enabled":true,"_links":{"self":[{"href":"https:\/\/www.overline-design.de\/poetry\/index.php?rest_route=\/wp\/v2\/pages\/11284","targetHints":{"allow":["GET"]}}],"collection":[{"href":"https:\/\/www.overline-design.de\/poetry\/index.php?rest_route=\/wp\/v2\/pages"}],"about":[{"href":"https:\/\/www.overline-design.de\/poetry\/index.php?rest_route=\/wp\/v2\/types\/page"}],"author":[{"embeddable":true,"href":"https:\/\/www.overline-design.de\/poetry\/index.php?rest_route=\/wp\/v2\/users\/3"}],"replies":[{"embeddable":true,"href":"https:\/\/www.overline-design.de\/poetry\/index.php?rest_route=%2Fwp%2Fv2%2Fcomments&post=11284"}],"version-history":[{"count":7,"href":"https:\/\/www.overline-design.de\/poetry\/index.php?rest_route=\/wp\/v2\/pages\/11284\/revisions"}],"predecessor-version":[{"id":11296,"href":"https:\/\/www.overline-design.de\/poetry\/index.php?rest_route=\/wp\/v2\/pages\/11284\/revisions\/11296"}],"wp:attachment":[{"href":"https:\/\/www.overline-design.de\/poetry\/index.php?rest_route=%2Fwp%2Fv2%2Fmedia&parent=11284"}],"curies":[{"name":"wp","href":"https:\/\/api.w.org\/{rel}","templated":true}]}}