
{"id":11337,"date":"2026-04-09T07:43:12","date_gmt":"2026-04-09T07:43:12","guid":{"rendered":"https:\/\/www.overline-design.de\/poetry\/?page_id=11337"},"modified":"2026-04-12T14:49:56","modified_gmt":"2026-04-12T14:49:56","slug":"markus-soeder-als-koalitionscrusher","status":"publish","type":"page","link":"https:\/\/www.overline-design.de\/poetry\/?page_id=11337","title":{"rendered":"Markus S\u00f6der als &#8222;Koalitionscrusher&#8220;?"},"content":{"rendered":"\n<p>Den Part von <strong>Christian Lindner<\/strong> hat <strong>Markus S\u00f6der<\/strong> \u00fcbernommen,<br>so wie man, bei seinem destruktiven Populismus, t\u00e4glich erf\u00e4hrt.<br>Bei Kritik von <strong>Markus S\u00f6der<\/strong> einem &#8222;kalte Schauer&#8220; \u00fcberkommen,<br>er haut auf die Regierung ein, was doch jeder Vernunft entbehrt.<br><br><strong>Markus S\u00f6der<\/strong>: Wir brauchen doch im <strong>Sozialbereich Reformen<\/strong>,<br>aber nur bei <strong>Sozialschwachen<\/strong> Gelder sparen oder abkassieren.<br>Nicht bei <strong>Reichen<\/strong> und nur au\u00dferhalb <strong>sozialgerechter Normen<\/strong>,<br>die <strong>Reichen<\/strong> noch weiter zu &#8222;belasten&#8220;, das sollte nicht passieren.<br><br>Von <strong>Superreichen Opfer<\/strong> abzuverlangen, darf nicht geschehen,<br>dann werden die &#8222;abwandern&#8220;, in Deutschland nicht investieren!<br>Das werde doch bestimmt in der Regierung nicht gern gesehen,<br>aber w\u00e4re das ein Schaden, wenn wir diese <strong>Raffz\u00e4hne<\/strong> verlieren?<br><br><strong>M\u00fctterrente<\/strong> eine wichtige Koalitionsforderung der Bayernpartei<br>und auch f\u00fcr die <strong>Gastronomie<\/strong> um den 7% Steuersatz gek\u00e4mpft.<br>Erfordernis und Gegenfinanzierung dem <strong>Markus S\u00f6der<\/strong> einerlei,<br>die Erwartung auf Preisnachl\u00e4sse in der <strong>Gastronomie<\/strong> ged\u00e4mpft.<br><br>Themen wie Remigration, <strong>Markus S\u00f6der<\/strong> von der <strong>AFD<\/strong> kopieren,<br>um so Stimmen der <strong>AFD-W\u00e4hler<\/strong> f\u00fcr die <strong>CDU\/CSU<\/strong> zu gewinnen.<br>Die <strong>AFD<\/strong> wird durch diese Aktion keine W\u00e4hlerstimmen verlieren,<br>so dass die Hoffnung auf den Erfolg dieser Aktion wird zerinnen.<br><br><strong>Markus S\u00f6der<\/strong> sich als Brandsch\u00fctzer gegen die <strong>AFD<\/strong> pr\u00e4sentiert,<br>aber auch im Bundesland Bayern, die <strong>AFD<\/strong> an Prozenten zugelegt.<br>Ausgerechnet da, wo <strong>Markus S\u00f6der<\/strong> als Ministerpr\u00e4sident regiert?<br>Der <strong>S\u00f6der<\/strong>, als Ratgeber f\u00fcr die Regierung, bei sich wenig bewegt!<br><br>Remigration von Syrern von <strong>Markus S\u00f6der<\/strong> dringendst empfohlen.<br>Neueste Erkenntnisse der <strong>M\u00f6chtegern-Kanzler<\/strong> nicht pr\u00e4sentiert.<br><strong>S\u00f6der<\/strong> wird damit nur Forderungen von <strong>Jens Spahn<\/strong> wiederholen, <br>damit unser Kanzler <strong>Friedrich Merz<\/strong> nichts aus den Augen verliert.<br><br>Diese <strong>fragile Koalition<\/strong> braucht eine <strong>konstruktive und<\/strong> <strong>leise Politik<\/strong>,<br>denn jeder unn\u00f6tige Streit, wird f\u00fcr die <strong>AFD<\/strong>, nur zu einem Gewinn.<br>Jede unn\u00f6tige &#8222;\u00f6ffentliche Reiberei&#8220;, beweist mangelndes Geschick<br>und macht f\u00fcr eine Zusammenarbeit in dieser Koalition keinen Sinn.<br><br>\u00a9 Rainer Dambroth \u2013 08.04.2026 \u2013 <strong><a href=\"https:\/\/www.overline-poetry.de\">www.overline-poetry.de<\/a><\/strong><br><br><em><strong>Raffz\u00e4hne<\/strong> (Plural von Raffzahn) bezeichnet umgangssprachlich abwertend gierige, besitzgierige Personen oder Menschen<br>Internet &#8211; KI<br><br><strong>Karin Baum\u00fcller-S\u00f6der<\/strong>, die Ehefrau von <strong>Markus S\u00f6der<\/strong>, ist Gesellschafterin der Baum\u00fcller Gruppe, einem erfolgreichen N\u00fcrnberger Maschinenbauunternehmen mit Millionenumsatz. Ihr Verm\u00f6gen stammt prim\u00e4r aus dieser Unternehmensbeteiligung, was wesentlich zum Reichtum der Familie beitr\u00e4gt.<br>Internet &#8211; KI<br><br><strong>S\u00f6der zweifelt daran, dass die Koalition zu schnellen Reformen &#8230;<\/strong><br>Mit Blick auf die Beratungen der Spitzen von CDU, CSU und SPD sagte er beim Parlamentskreis Mittelstand am Donnerstagabend &#8230;<br>Internet &#8211; Spiegel &#8211; 30.01.2026<br><br><strong>S\u00f6der: Koalition muss wichtige Reformen bis Pfingsten &#8230;<\/strong><br>CSU-Chef Markus S\u00f6der hat von der schwarz-roten Koalition im Bund wichtige Reformbeschl\u00fcsse bis Pfingsten gefordert<br>Internet &#8211; Stern &#8211; 24.03.2026<br><br><strong>Markus S\u00f6der: Berlin, wir haben ein Problem<\/strong><br>In der Haupstadt halten viele den CSU-Chef f\u00fcr einen Reformblockierer &#8211; der sieht das allerdings anders.<br>Internet &#8211; Die Zeit &#8211; 08.04.2026<\/em><\/p>\n\n\n\n<p> <br><br><br><br><\/p>\n","protected":false},"excerpt":{"rendered":"<p>Den Part von Christian Lindner hat Markus S\u00f6der \u00fcbernommen,so wie man, bei seinem destruktiven Populismus, t\u00e4glich erf\u00e4hrt.Bei Kritik von Markus S\u00f6der einem &#8222;kalte Schauer&#8220; \u00fcberkommen,er haut auf die Regierung ein, was doch jeder Vernunft entbehrt. Markus S\u00f6der: Wir brauchen doch im Sozialbereich Reformen,aber nur bei Sozialschwachen Gelder sparen oder abkassieren.Nicht bei Reichen und nur au\u00dferhalb [&hellip;]<\/p>\n","protected":false},"author":3,"featured_media":0,"parent":0,"menu_order":0,"comment_status":"closed","ping_status":"closed","template":"","meta":{"footnotes":""},"class_list":["post-11337","page","type-page","status-publish","hentry"],"jetpack_sharing_enabled":true,"_links":{"self":[{"href":"https:\/\/www.overline-design.de\/poetry\/index.php?rest_route=\/wp\/v2\/pages\/11337","targetHints":{"allow":["GET"]}}],"collection":[{"href":"https:\/\/www.overline-design.de\/poetry\/index.php?rest_route=\/wp\/v2\/pages"}],"about":[{"href":"https:\/\/www.overline-design.de\/poetry\/index.php?rest_route=\/wp\/v2\/types\/page"}],"author":[{"embeddable":true,"href":"https:\/\/www.overline-design.de\/poetry\/index.php?rest_route=\/wp\/v2\/users\/3"}],"replies":[{"embeddable":true,"href":"https:\/\/www.overline-design.de\/poetry\/index.php?rest_route=%2Fwp%2Fv2%2Fcomments&post=11337"}],"version-history":[{"count":21,"href":"https:\/\/www.overline-design.de\/poetry\/index.php?rest_route=\/wp\/v2\/pages\/11337\/revisions"}],"predecessor-version":[{"id":11364,"href":"https:\/\/www.overline-design.de\/poetry\/index.php?rest_route=\/wp\/v2\/pages\/11337\/revisions\/11364"}],"wp:attachment":[{"href":"https:\/\/www.overline-design.de\/poetry\/index.php?rest_route=%2Fwp%2Fv2%2Fmedia&parent=11337"}],"curies":[{"name":"wp","href":"https:\/\/api.w.org\/{rel}","templated":true}]}}