
{"id":11366,"date":"2026-04-14T16:20:41","date_gmt":"2026-04-14T16:20:41","guid":{"rendered":"https:\/\/www.overline-design.de\/poetry\/?page_id=11366"},"modified":"2026-04-14T16:43:56","modified_gmt":"2026-04-14T16:43:56","slug":"viktor-orban-die-verlorene-wahl","status":"publish","type":"page","link":"https:\/\/www.overline-design.de\/poetry\/?page_id=11366","title":{"rendered":"Viktor Orban, die verlorene Wahl"},"content":{"rendered":"\n<p>Was hat die verlorene Wahl <strong>Viktor Orban<\/strong> mit <strong>Patriotismus<\/strong> zu tun?<br>So wird traurig kommentiert: &#8222;<strong>Ungarn werde jetzt in Frieden ruhn<\/strong>&#8222;.<br><strong>Viktor Orban<\/strong> hat sich und seinem Umfeld &#8222;die Taschen&#8220; gut bef\u00fcllt<br>und zu informative Gespr\u00e4che mit <strong>Wladimir Putin<\/strong> wurden enth\u00fcllt.<br><br>Ministerpr\u00e4sident und Wendehals <strong>Viktor Orban<\/strong> bekam nie genug,<br>jetzt ihm die Macht entzogen, aber seine Fans wittern Wahlbetrug.<br>Er wurde f\u00fcr die Blockade von dem Kredit f\u00fcr die <strong>Ukraine<\/strong> entlohnt,<br>denn die H\u00f6rigkeit nach <strong>Russland<\/strong>, die war von ihm doch gewohnt.<br><br><strong>Orbans Veto<\/strong> bei der <strong>Ukraine<\/strong> belastete den europ\u00e4ischen Verbund,<br>eine gute Verbindung zu <strong>Putin<\/strong> und <strong>Orbans Finanzen<\/strong> sind gesund.<br>Per Diktat bekommt <strong>Viktor Orban<\/strong> von <strong>Wladimir Putin<\/strong> die Befehle.<br><strong>Putin<\/strong> will den Ukraine Sieg, deshalb auf das <strong>Veto<\/strong> von <strong>Orban<\/strong> z\u00e4hle.<br><br>Auch von <strong>Donald Trump<\/strong> wurden bei Wahlerfolg Gelder zugesagt,<br>mit dieser &#8222;Pr\u00e4mienzusage&#8220; den euphorischen Wahlkampf gewagt.<br>&#8222;<strong>Hochmut kommt vor dem Fall<\/strong>&#8222;, das biblische Sprichwort besagt,<br>anstatt dem erhofftem Wahlsieg, das gro\u00dfe Wahldebakel \u00fcberragt.<br><br>Mit <strong>Rechtspopulisten<\/strong> f\u00fchrt der Irrweg direkt zu einer <strong>Autokratie<\/strong>,<br>denn f\u00fcr <strong>Autokraten<\/strong> ist es die H\u00f6lle, regieren in einer <strong>Demokratie<\/strong>,<br><strong>Autokraten<\/strong> wollen &#8222;befehlen&#8220;, nicht die L\u00f6sungswege diskutieren,<br>denn mit demokratischen Strukturen, werden sie viel Zeit verlieren.<br><br>Die <strong>Ungarn<\/strong> rechtzeitig erkannt, welche Ver\u00e4nderungen passieren,<br>wenn <strong>Rechtspopulisten<\/strong> zusammen mit Russland ein Land regieren.<br>Die Justiz dem System angepasst, Medieninformation beschr\u00e4nkt,<br>die Regierung gibt vor, wie der <strong>ungarische B\u00fcrger<\/strong> &#8222;richtig denkt&#8220;!<br><br><strong>Viktor Orban<\/strong> konnte die <strong>Ungarn<\/strong>, in seinem Sinne, manipulieren<br>und nur Informationen vorgeben, was B\u00fcrger hat zu interessieren.<br>Die marode Wirtschaft in <strong>Ungarn<\/strong>, wird der EU Br\u00fcssel angeh\u00e4ngt,<br>aber Verdacht auf verschobene Verm\u00f6genwerte nicht aufgedr\u00e4ngt.<br><br>\u00a9 Rainer Dambroth \u2013 14.04.2026 \u2013 <strong><a href=\"https:\/\/www.overline-poetry.de\">www.overline-poetry.de<\/a><\/strong><br><br><em><strong>Ruhe in Frieden = Rest In Peace (R.I.P.<\/strong><\/em>)<br><br><em>&#8222;<strong>Hochmut kommt vor dem Fall<\/strong>&#8220; so ein biblisches Sprichwort (Spr\u00fcche 16,18), das besagt, dass \u00fcbertriebene Arroganz, Selbst\u00fcbersch\u00e4tzung oder \u00dcberheblichkeit oft zu einem j\u00e4hen Scheitern oder eine Blamage f\u00fchren.<br>Internet KI<\/em><\/p>\n","protected":false},"excerpt":{"rendered":"<p>Was hat die verlorene Wahl Viktor Orban mit Patriotismus zu tun?So wird traurig kommentiert: &#8222;Ungarn werde jetzt in Frieden ruhn&#8222;.Viktor Orban hat sich und seinem Umfeld &#8222;die Taschen&#8220; gut bef\u00fclltund zu informative Gespr\u00e4che mit Wladimir Putin wurden enth\u00fcllt. Ministerpr\u00e4sident und Wendehals Viktor Orban bekam nie genug,jetzt ihm die Macht entzogen, aber seine Fans wittern Wahlbetrug.Er [&hellip;]<\/p>\n","protected":false},"author":3,"featured_media":0,"parent":0,"menu_order":0,"comment_status":"closed","ping_status":"closed","template":"","meta":{"footnotes":""},"class_list":["post-11366","page","type-page","status-publish","hentry"],"jetpack_sharing_enabled":true,"_links":{"self":[{"href":"https:\/\/www.overline-design.de\/poetry\/index.php?rest_route=\/wp\/v2\/pages\/11366","targetHints":{"allow":["GET"]}}],"collection":[{"href":"https:\/\/www.overline-design.de\/poetry\/index.php?rest_route=\/wp\/v2\/pages"}],"about":[{"href":"https:\/\/www.overline-design.de\/poetry\/index.php?rest_route=\/wp\/v2\/types\/page"}],"author":[{"embeddable":true,"href":"https:\/\/www.overline-design.de\/poetry\/index.php?rest_route=\/wp\/v2\/users\/3"}],"replies":[{"embeddable":true,"href":"https:\/\/www.overline-design.de\/poetry\/index.php?rest_route=%2Fwp%2Fv2%2Fcomments&post=11366"}],"version-history":[{"count":15,"href":"https:\/\/www.overline-design.de\/poetry\/index.php?rest_route=\/wp\/v2\/pages\/11366\/revisions"}],"predecessor-version":[{"id":11381,"href":"https:\/\/www.overline-design.de\/poetry\/index.php?rest_route=\/wp\/v2\/pages\/11366\/revisions\/11381"}],"wp:attachment":[{"href":"https:\/\/www.overline-design.de\/poetry\/index.php?rest_route=%2Fwp%2Fv2%2Fmedia&parent=11366"}],"curies":[{"name":"wp","href":"https:\/\/api.w.org\/{rel}","templated":true}]}}