
{"id":11386,"date":"2026-04-21T03:59:07","date_gmt":"2026-04-21T03:59:07","guid":{"rendered":"https:\/\/www.overline-design.de\/poetry\/?page_id=11386"},"modified":"2026-04-21T09:08:53","modified_gmt":"2026-04-21T09:08:53","slug":"corrida-de-toros-no-gracias-stierkampf-nein-danke","status":"publish","type":"page","link":"https:\/\/www.overline-design.de\/poetry\/?page_id=11386","title":{"rendered":"Corrida de toros? No gracias! &#8211; Touradas? N\u00e3o, obrigado! &#8211; (S)Tierkampf? Nein danke!"},"content":{"rendered":"\n<p>Der <strong>(S)Tier<\/strong> wird aus dem dunklen Stall in die Arena getrieben,<br>weil &#8222;<strong>Blutd\u00fcrstige<\/strong>&#8220; diese <strong>(S)Tierqu\u00e4lerei<\/strong> und Tradition lieben.<br>Was ist das f\u00fcr ein Kampf, wenn der<strong> (S)Tier<\/strong> sein Leben verliert,<br>weil der <strong>Torero<\/strong> in dieser Show auf &#8222;<strong>(S)Tierangriffe<\/strong>&#8220; gut pariert.<br><br>Erst <strong>Picadores<\/strong> auf Pferden die <strong>(S)Tiere<\/strong> durch die Arena hetzen,<br>versuchen mit Lanzen die <strong>(S)Tiere<\/strong> zu reizen, auch zu verletzen.<br>Picadore-Pferde mit Matten gegen den <strong>(S)Tierangriff<\/strong> gesch\u00fctzt,<br>aber gegen die spitzen H\u00f6rner vom <strong>(S)Tier<\/strong>, dieses wenig n\u00fctzt.<br><br>Der <strong>(S)Tier<\/strong> muss zur &#8222;Belustigung&#8220; k\u00e4mpfen, sein Leben riskiert,<br>wird am Ende des Kampfes, mit dem T\u00f6tungsdegen massakriert.<br>Was ist das f\u00fcr eine Leistung, wenn ein (<strong>S)Tier<\/strong> bewusst gequ\u00e4lt,<br>der nur f\u00fcr diesen unfairen Kampf zum T\u00f6ten wurde ausgew\u00e4hlt.<br><br>Die <strong>Toreros<\/strong> von den Zuschauern wie ber\u00fchmte Popstars verehrt<br>und von <strong>Toreros<\/strong>, wird diese Huldigung &#8222;schmachtend begehrt&#8220;.<br>Am &#8222;Kampfende&#8220;, wenn der <strong>(S)TIer<\/strong> get\u00f6tet, hat zu Ende gelitten,<br>dem <strong>(S)Tier<\/strong> Ohren und der Schwanz als &#8222;Troph\u00e4e&#8220; abgeschnitten.<br><br>F\u00fcr &#8222;<strong>Blutd\u00fcrstige<\/strong>&#8220; sollten Schlachth\u00f6fe in Arenen umgewandelt,<br>so k\u00f6nnen sie sehen, wie die (<strong>S)Tiere<\/strong> werden brutal misshandelt.<br>Jeden get\u00f6teten <strong>(S)Tier<\/strong> k\u00f6nnen sie dann mit Beifall &#8222;anerkennen&#8220;,<br>um hier eine echte Parallele zu den <strong>(S)Tierk\u00e4mpfen<\/strong> zu benennen.<br><br>Der <strong>Torero<\/strong>, der da herumfuchtelt mit der Muleta, dem roten Tuch,<br>um den <strong>(S)Tier<\/strong> zu reizen und dann zu t\u00f6ten, der geplante Versuch. <br>Die <strong>Schlachter<\/strong> tragen nicht bunt, sondern befleckt, mit rotem Blut,  <br>und <strong>(S)TIere<\/strong> riechen sofort: <strong>Was jetzt kommt, das wird nicht gut!<\/strong><br><br>\u00a9 Rainer Dambroth \u2013 20.04.2026 \u2013 <strong><a href=\"https:\/\/www.overline-poetry.de\">www.overline-poetry.de<\/a><\/strong><br><br><em><strong>Blutd\u00fcrstig<\/strong> (oder h\u00e4ufiger: blutr\u00fcnstig) bedeutet mordlustig, grausam und voller Begierde, anderen Gewalt anzutun. Es beschreibt eine extreme, bestialische Haltung, die Blutvergie\u00dfen verherrlicht oder genie\u00dft.<\/em><br><em>Internet KI<\/em><br><br><em>Ein <strong>Picador<\/strong> (oder Pikador) ist ein berittener Stierk\u00e4mpfer im spanischen Stierkampf, der den Stier in der ersten Phase, dem Tercio de Varas, mit einer Lanze (Pica) in den Nackenmuskel sticht. Diese Aktion soll den Stier schw\u00e4chen, seinen Kopf senken und ihn f\u00fcr den Hauptk\u00e4mpfer, den Matador, vorbereiten.\u00a0<br>Wikipedia<\/em><br><br><em>Ein <strong>Torero<\/strong> ist ein spanischer Stierk\u00e4mpfer, der aktiv an einer Corrida (Stierkampfveranstaltung) teilnimmt. Der Begriff umfasst verschiedene Rollen wie den hauptverantwortlichen Matador, die Banderilleros und die berittenen Picadores. Es ist ein traditioneller, aber gef\u00e4hrlicher Beruf, der oft mit den Farben Rot und dem Tod des Tieres assoziiert wird.<br>Wikipedia\u00a0<\/em><\/p>\n","protected":false},"excerpt":{"rendered":"<p>Der (S)Tier wird aus dem dunklen Stall in die Arena getrieben,weil &#8222;Blutd\u00fcrstige&#8220; diese (S)Tierqu\u00e4lerei und Tradition lieben.Was ist das f\u00fcr ein Kampf, wenn der (S)Tier sein Leben verliert,weil der Torero in dieser Show auf &#8222;(S)Tierangriffe&#8220; gut pariert. Erst Picadores auf Pferden die (S)Tiere durch die Arena hetzen,versuchen mit Lanzen die (S)Tiere zu reizen, auch zu [&hellip;]<\/p>\n","protected":false},"author":3,"featured_media":0,"parent":0,"menu_order":0,"comment_status":"closed","ping_status":"closed","template":"","meta":{"footnotes":""},"class_list":["post-11386","page","type-page","status-publish","hentry"],"jetpack_sharing_enabled":true,"_links":{"self":[{"href":"https:\/\/www.overline-design.de\/poetry\/index.php?rest_route=\/wp\/v2\/pages\/11386","targetHints":{"allow":["GET"]}}],"collection":[{"href":"https:\/\/www.overline-design.de\/poetry\/index.php?rest_route=\/wp\/v2\/pages"}],"about":[{"href":"https:\/\/www.overline-design.de\/poetry\/index.php?rest_route=\/wp\/v2\/types\/page"}],"author":[{"embeddable":true,"href":"https:\/\/www.overline-design.de\/poetry\/index.php?rest_route=\/wp\/v2\/users\/3"}],"replies":[{"embeddable":true,"href":"https:\/\/www.overline-design.de\/poetry\/index.php?rest_route=%2Fwp%2Fv2%2Fcomments&post=11386"}],"version-history":[{"count":15,"href":"https:\/\/www.overline-design.de\/poetry\/index.php?rest_route=\/wp\/v2\/pages\/11386\/revisions"}],"predecessor-version":[{"id":11406,"href":"https:\/\/www.overline-design.de\/poetry\/index.php?rest_route=\/wp\/v2\/pages\/11386\/revisions\/11406"}],"wp:attachment":[{"href":"https:\/\/www.overline-design.de\/poetry\/index.php?rest_route=%2Fwp%2Fv2%2Fmedia&parent=11386"}],"curies":[{"name":"wp","href":"https:\/\/api.w.org\/{rel}","templated":true}]}}