
{"id":1291,"date":"2016-01-10T16:00:03","date_gmt":"2016-01-10T16:00:03","guid":{"rendered":"https:\/\/overline-design.de\/poetry\/?page_id=1291"},"modified":"2023-01-04T06:19:24","modified_gmt":"2023-01-04T06:19:24","slug":"ueber-30-jahre-waehlte-ich-gruen-2","status":"publish","type":"page","link":"https:\/\/www.overline-design.de\/poetry\/?page_id=1291","title":{"rendered":"\u00dcber 30 Jahre w\u00e4hlte ich gr\u00fcn"},"content":{"rendered":"\n<p>Ich will euch jetzt und heute etwas erz\u00e4hlen,<br>ich gehe diesesmal garnicht hin zum W\u00e4hlen.<br>Mit M\u00fche und &#8222;Zeitnot&#8220; war ich immer bereit<br>und ich habe investiert auch sehr viel Zeit.<br>Die Bassumer Gr\u00fcnen w\u00e4ren nicht im Rat<br>und so war ich auch diesmal daf\u00fcr parat.<br>Der Klaus h\u00e4tte sich jetzt auch dazu gesellt<br>und h\u00e4tte seine Zeit zur Verf\u00fcgung gestellt.<br>Dann kam ein Mail-Angriff aus dem Hinterhalt:<br>&#8222;Der Rat mu\u00df j\u00fcnger werden; viele sind zu alt&#8220;.<br>&#8222;Mich zu w\u00e4hlen, dass hat sich nicht gelohnt&#8220;;<br>mit Kritik an meiner Arbeit hat er nicht geschont.<br>Verstanden hat er nicht die politischen Gruppe,<br>warum ich das machte, dass war ihm &#8222;schnuppe&#8220;.<br>Ein Freund hatte mir diese Mail zugesendet,<br>die unsere Bereitschaft zur Wahl hat beendet.<br>Hatte dieser &#8222;Angreifer&#8220; nicht sowiel Hirn,<br>und bietet mir mutig und offen seine Stirn.<br>Ich h\u00e4tte gerne einen Platz f\u00fcr ihn ger\u00e4umt,<br>oder wovon hatte er denn sonst noch getr\u00e4umt.<br>Ich halte nichts von listigen &#8222;Heckensch\u00fctzen&#8220;,<br>denn die wollen nur ihre eigenen Vorteile n\u00fctzen.<br>Ich passe nun mal in keine Parteischablone rein,<br>denn f\u00fcr die Organisation werde ich nicht klein.<br>Nach meinem R\u00fcckzug hatte er auf einmal Zeit<br>und war auf einmal zu vielen Dingen bereit.<br>Und da die Zeit bis zur Wahl sehr pressierte,<br>er sein gew\u00fcnschtes Umfeld schnell organisierte.<br>Die Bassumer Gr\u00fcnen k\u00f6nnen nicht auf mich z\u00e4hlen,<br>denn bei dieser Auswahl gehe ich nicht zum W\u00e4hlen,<br>Schwarz oder Rot sind nicht meine Farben im Rat,<br>obwohl ich zu vielen Vertretern einen guten Draht.<br>Auch die hellrote Farbe, die will und mag ich nicht,<br>darum hei\u00dft bei dieser Wahl f\u00fcr mich Verzicht.<br>Bei dieser Wahl w\u00fcrde ich mich doch sehr qu\u00e4len,<br>darum gehe ich diesesmal gar nicht zum W\u00e4hlen.<\/p>\n\n\n\n<p><strong>\u00a9<\/strong> Rainer Dambroth &#8211; Kommunalwahl Bassum 2011, 2016 &#8211; <strong><a href=\"https:\/\/www.overline-poetry.de\">www.overline-poetry.de<\/a><\/strong><\/p>\n\n\n\n<p>Mit gro\u00dfer Freude habe ich geh\u00f6rt und empfunden,<br>dass er bei den Gr\u00fcnen ist endlich verschwunden.<br><br>\ud83d\udd17 <a href=\"https:\/\/www.overline-design.de\/poetry\/?page_id=843\" data-type=\"URL\" data-id=\"https:\/\/www.overline-design.de\/poetry\/?page_id=843\"><strong>Warum ich aufgeh\u00f6rt habe<\/strong><\/a><\/p>\n","protected":false},"excerpt":{"rendered":"<p>Ich will euch jetzt und heute etwas erz\u00e4hlen,ich gehe diesesmal garnicht hin zum W\u00e4hlen.Mit M\u00fche und &#8222;Zeitnot&#8220; war ich immer bereitund ich habe investiert auch sehr viel Zeit.Die Bassumer Gr\u00fcnen w\u00e4ren nicht im Ratund so war ich auch diesmal daf\u00fcr parat.Der Klaus h\u00e4tte sich jetzt auch dazu geselltund h\u00e4tte seine Zeit zur Verf\u00fcgung gestellt.Dann kam [&hellip;]<\/p>\n","protected":false},"author":3,"featured_media":0,"parent":0,"menu_order":0,"comment_status":"closed","ping_status":"closed","template":"","meta":{"footnotes":""},"class_list":["post-1291","page","type-page","status-publish","hentry"],"jetpack_sharing_enabled":true,"_links":{"self":[{"href":"https:\/\/www.overline-design.de\/poetry\/index.php?rest_route=\/wp\/v2\/pages\/1291","targetHints":{"allow":["GET"]}}],"collection":[{"href":"https:\/\/www.overline-design.de\/poetry\/index.php?rest_route=\/wp\/v2\/pages"}],"about":[{"href":"https:\/\/www.overline-design.de\/poetry\/index.php?rest_route=\/wp\/v2\/types\/page"}],"author":[{"embeddable":true,"href":"https:\/\/www.overline-design.de\/poetry\/index.php?rest_route=\/wp\/v2\/users\/3"}],"replies":[{"embeddable":true,"href":"https:\/\/www.overline-design.de\/poetry\/index.php?rest_route=%2Fwp%2Fv2%2Fcomments&post=1291"}],"version-history":[{"count":6,"href":"https:\/\/www.overline-design.de\/poetry\/index.php?rest_route=\/wp\/v2\/pages\/1291\/revisions"}],"predecessor-version":[{"id":6609,"href":"https:\/\/www.overline-design.de\/poetry\/index.php?rest_route=\/wp\/v2\/pages\/1291\/revisions\/6609"}],"wp:attachment":[{"href":"https:\/\/www.overline-design.de\/poetry\/index.php?rest_route=%2Fwp%2Fv2%2Fmedia&parent=1291"}],"curies":[{"name":"wp","href":"https:\/\/api.w.org\/{rel}","templated":true}]}}