
{"id":1333,"date":"2020-10-14T08:38:14","date_gmt":"2020-10-14T08:38:14","guid":{"rendered":"https:\/\/overline-design.de\/poetry\/?page_id=1333"},"modified":"2025-02-06T10:33:51","modified_gmt":"2025-02-06T10:33:51","slug":"zentralkrankenhaus-landkreis-diepholz","status":"publish","type":"page","link":"https:\/\/www.overline-design.de\/poetry\/?page_id=1333","title":{"rendered":"Zentralklinik Landkreis Diepholz"},"content":{"rendered":"\n<p>Es wurde politisch beschlossen, nun ist es raus,<br>der Landkreis bekommt ein Zentralkrankenhaus.<br>Eines gebe ich im Vorfeld schon zu bedenken,<br>man wird hier sehr viel Steuergeld versenken.<br><br>Die Politik ist wieder mal &#8222;zu kurz gesprungen&#8220;,<br>als sie diese Entscheidung hat sich abgerungen.<br>Hat man die Nachbarkreise schon informiert?<br>Was ist, wenn im Grenzbereich etwas passiert?<br><br>Die Nachbarkreise werden sich wohl bedanken,<br>wenn sie kein Bett mehr f\u00fcr den neuen Kranken,<br>der \u00fcber die &#8222;Grenze&#8220; wurde ihnen zugeschoben,<br>denn der Kranke ist nicht \u00fcberall gut aufgehoben.<br><br>Man wollte damit die Personalkosten reduzieren,<br>nur Patienten und Personal werden dabei verlieren.<br>Was, wenn geplante Bettenzahl wird nicht reichen<br>und man kann nicht mehr im Kreis ausweichen?<br><br>Da die Menschen heutzutage auch l\u00e4nger leben,<br>wird es in der Zukunft auch mehr Kranke geben.<br>Ans ortsgebundene Personal hat man nicht gedacht,<br>wenn die &#8222;alten&#8220; Krankenh\u00e4user werden zugemacht.<br><br>Um die neue Arbeitsst\u00e4tte in Zukunft zu erreichen,<br>kann man nicht auf Bus oder Bahn ausweichen.<br>Nicht zu Fuss oder mit Rad, wie man es gerne h\u00e4tte<br>man mu\u00df mit dem Auto zur neuen Arbeitsst\u00e4tte.<br><br>Den Krankentourimus wird es auch sehr beleben,<br>wenn es nur ein Krankenhaus in Kreis wird geben.<br>Wenn bei gro\u00dfer Not, geht um Minuten und Sekunden,<br>rechnet man durch die lange Fahrt schon mit Stunden.<br><br>Der Kranken wird herum gekarrt, das wird ein Graus,<br>man mu\u00df den Weg planen, ins n\u00e4chste Krankenhaus.<br>Wenn die Krankenh\u00e4user voll, so hat man vernommen,<br>sind die Kranken aus Platzgr\u00fcnden nicht willkommen.<br><br>Aber man kennt doch die strategisch planende Politik,<br>da wird geplant mit viel Hoffnung und ganz viel Gl\u00fcck.<br>Man braucht nur den Flughafen in Berlin zu sehen,<br>dann begreift man Politik und wird vieles verstehen.<br><br>H\u00e4tte man doch die Krankenh\u00e4user vor Ort erhalten,<br>denn die geplanten Kosten werden nicht eingehalten.<br>Doch Dinge werden nicht mit geplant oder bedacht,<br>das sind die Fehler, die beim Bauen werden gemacht.<br><br>Die Finanzgestaltung in der Verwaltung und Politik,<br>geht nur nach vorne und macht keinen Schritt zur\u00fcck.<br>Wurde der Bau begonnen und W\u00e4nde hochgezogen,<br>sind die Zweifel der Finanzierung bereits verflogen.<br><br><strong>Wurde finanziell schlecht geplant und es wird teuer?<br>Man baut weiter, denn man hat ja das Geld der Steuer.<br><\/strong><br><strong>\u00a9<\/strong> Rainer Dambroth &#8211; 14.10.2020 &#8211; <strong><a href=\"https:\/\/www.overline-poetry.de\">www.overline-poetry.de<\/a><\/strong><br><\/p>\n","protected":false},"excerpt":{"rendered":"<p>Es wurde politisch beschlossen, nun ist es raus,der Landkreis bekommt ein Zentralkrankenhaus.Eines gebe ich im Vorfeld schon zu bedenken,man wird hier sehr viel Steuergeld versenken. Die Politik ist wieder mal &#8222;zu kurz gesprungen&#8220;,als sie diese Entscheidung hat sich abgerungen.Hat man die Nachbarkreise schon informiert?Was ist, wenn im Grenzbereich etwas passiert? Die Nachbarkreise werden sich wohl [&hellip;]<\/p>\n","protected":false},"author":3,"featured_media":0,"parent":0,"menu_order":0,"comment_status":"closed","ping_status":"closed","template":"","meta":{"footnotes":""},"class_list":["post-1333","page","type-page","status-publish","hentry"],"jetpack_sharing_enabled":true,"_links":{"self":[{"href":"https:\/\/www.overline-design.de\/poetry\/index.php?rest_route=\/wp\/v2\/pages\/1333","targetHints":{"allow":["GET"]}}],"collection":[{"href":"https:\/\/www.overline-design.de\/poetry\/index.php?rest_route=\/wp\/v2\/pages"}],"about":[{"href":"https:\/\/www.overline-design.de\/poetry\/index.php?rest_route=\/wp\/v2\/types\/page"}],"author":[{"embeddable":true,"href":"https:\/\/www.overline-design.de\/poetry\/index.php?rest_route=\/wp\/v2\/users\/3"}],"replies":[{"embeddable":true,"href":"https:\/\/www.overline-design.de\/poetry\/index.php?rest_route=%2Fwp%2Fv2%2Fcomments&post=1333"}],"version-history":[{"count":13,"href":"https:\/\/www.overline-design.de\/poetry\/index.php?rest_route=\/wp\/v2\/pages\/1333\/revisions"}],"predecessor-version":[{"id":9902,"href":"https:\/\/www.overline-design.de\/poetry\/index.php?rest_route=\/wp\/v2\/pages\/1333\/revisions\/9902"}],"wp:attachment":[{"href":"https:\/\/www.overline-design.de\/poetry\/index.php?rest_route=%2Fwp%2Fv2%2Fmedia&parent=1333"}],"curies":[{"name":"wp","href":"https:\/\/api.w.org\/{rel}","templated":true}]}}