
{"id":1367,"date":"2020-12-03T16:16:57","date_gmt":"2020-12-03T16:16:57","guid":{"rendered":"https:\/\/overline-design.de\/poetry\/?page_id=1367"},"modified":"2023-01-22T14:54:01","modified_gmt":"2023-01-22T14:54:01","slug":"vegetarisch-oder-vegan","status":"publish","type":"page","link":"https:\/\/www.overline-design.de\/poetry\/?page_id=1367","title":{"rendered":"Vegetarisch oder Vegan"},"content":{"rendered":"\n<p class=\"has-text-align-left\">Die gro\u00dfe Frage kommt bei uns nun auf den Tisch,<br>wollen wir ganz vegan leben oder nur vegetarisch.<br>Bei Vegan, dass ist doch verst\u00e4ndlich und somit klar,<br>muss kein Tier sterben und das ist doch wunderbar.<br><br>Bei Vegetarisch kommt kein Fleisch und kein Fisch,<br>als Mahlzeit bei uns auf den gedeckten Mittagstisch.<br>Aber Eier, Milch und K\u00e4se, die d\u00fcrfen es schon sein,<br>aber kein Fleisch von Huhn, Pute, Kuh und Schwein.<br><br>Auch alles was leben will, dazu geh\u00f6rt auch der Fisch<br>kommt bei uns auch nicht mehr auf den Essenstisch.<br>F\u00fcr Milch, K\u00e4se und Butter &#8222;stirbt&#8220; direkt keine Kuh,<br>trotzdem bekommt unser Gewissen noch keine Ruh\u00b4.<br><br>Man muss die Kuh j\u00e4hrlich k\u00fcnstlich besamt zwingen,<br>Zeit ihres kurzen Lebens K\u00e4lber zur Welt zu bringen.<br>Denn ohne Geburt eines Kalbes und das jedes Jahr,<br>gibt es nun mal keine Milch, das ist wohl jedem klar.<br><br>Der Kreislauf ist festgelegt, die Kuh bekommt Futter<br>und sie liefert uns daf\u00fcr Milch f\u00fcr K\u00e4se und Butter.<br>Die K\u00e4lber sind die Verlierer bei diesen Prozessen,<br>l\u00e4sst man sie leben, dann wollen sie auch fressen.<br><br>Ist die Kuh zu alt und kann keine Milch mehr geben,<br>hat sie das Ende erreicht, von ihrem kurzen Leben.<br>Auch bei H\u00fchnern ist das Schicksal schon vorgeplant,<br>denn legen sie keine Eier mehr, ihr es wohl schon ahnt.<br><br>Sie werden dann billig verkauft als Huhn f\u00fcr die Suppe, <br>wie sie leben mussten, das ist dem K\u00e4ufer &#8222;schnuppe&#8220;.<br>Die neuen Eierleger wurden produziert in der Br\u00fcterei<br>damit ihr nicht verzichten m\u00fcsst auf das Fr\u00fchst\u00fccksei.<br><br>Die Gewissensentscheidung steht bei vielen \u00f6fter an,<br>ern\u00e4hrt man sich Vegetarisch oder lieber doch Vegan.<br>Man isst mit Augen, Mund und vor allem mit dem Kopf,<br>und kann es nicht ertragen, hat man Gequ\u00e4ltes im Topf.<br><br>Das Fleisch aus den Tierfabriken kaufen wir nicht ein,<br>nicht von der Kuh, auch nicht von Huhn und Schwein.<br>Fleisch von Pute, Gans und Ente kann man vergessen,<br>denn auf Zeit gequ\u00e4ltes Fleisch mag man nicht essen.<br><br><strong>\u00a9<\/strong> Rainer Dambroth &#8211; 24.11.2020 &#8211; <strong><a href=\"https:\/\/www.overline-poetry.de\">www.overline-poetry.de<\/a><\/strong><br><br>\ud83d\udd17 <a href=\"https:\/\/www.overline-design.de\/poetry\/?page_id=3464\" data-type=\"URL\" data-id=\"https:\/\/www.overline-design.de\/poetry\/?page_id=3464\"><strong>Apfelsaft rein, gekl\u00e4rt mit Gelantine vom Schwein, mu\u00df das sein?<\/strong><\/a><\/p>\n","protected":false},"excerpt":{"rendered":"<p>Die gro\u00dfe Frage kommt bei uns nun auf den Tisch,wollen wir ganz vegan leben oder nur vegetarisch.Bei Vegan, dass ist doch verst\u00e4ndlich und somit klar,muss kein Tier sterben und das ist doch wunderbar. Bei Vegetarisch kommt kein Fleisch und kein Fisch,als Mahlzeit bei uns auf den gedeckten Mittagstisch.Aber Eier, Milch und K\u00e4se, die d\u00fcrfen es [&hellip;]<\/p>\n","protected":false},"author":3,"featured_media":0,"parent":0,"menu_order":0,"comment_status":"closed","ping_status":"closed","template":"","meta":{"footnotes":""},"class_list":["post-1367","page","type-page","status-publish","hentry"],"jetpack_sharing_enabled":true,"_links":{"self":[{"href":"https:\/\/www.overline-design.de\/poetry\/index.php?rest_route=\/wp\/v2\/pages\/1367","targetHints":{"allow":["GET"]}}],"collection":[{"href":"https:\/\/www.overline-design.de\/poetry\/index.php?rest_route=\/wp\/v2\/pages"}],"about":[{"href":"https:\/\/www.overline-design.de\/poetry\/index.php?rest_route=\/wp\/v2\/types\/page"}],"author":[{"embeddable":true,"href":"https:\/\/www.overline-design.de\/poetry\/index.php?rest_route=\/wp\/v2\/users\/3"}],"replies":[{"embeddable":true,"href":"https:\/\/www.overline-design.de\/poetry\/index.php?rest_route=%2Fwp%2Fv2%2Fcomments&post=1367"}],"version-history":[{"count":28,"href":"https:\/\/www.overline-design.de\/poetry\/index.php?rest_route=\/wp\/v2\/pages\/1367\/revisions"}],"predecessor-version":[{"id":6802,"href":"https:\/\/www.overline-design.de\/poetry\/index.php?rest_route=\/wp\/v2\/pages\/1367\/revisions\/6802"}],"wp:attachment":[{"href":"https:\/\/www.overline-design.de\/poetry\/index.php?rest_route=%2Fwp%2Fv2%2Fmedia&parent=1367"}],"curies":[{"name":"wp","href":"https:\/\/api.w.org\/{rel}","templated":true}]}}