
{"id":1429,"date":"2021-08-29T16:32:00","date_gmt":"2021-08-29T16:32:00","guid":{"rendered":"https:\/\/overline-design.de\/poetry\/?page_id=1429"},"modified":"2022-12-09T05:15:21","modified_gmt":"2022-12-09T05:15:21","slug":"wem-gott-gibt-ein-amt-dem-gibt-er-auch-verstand","status":"publish","type":"page","link":"https:\/\/www.overline-design.de\/poetry\/?page_id=1429","title":{"rendered":"Wem Gott gibt ein Amt, dem gibt er auch Verstand"},"content":{"rendered":"\n<p>Diesen Sinnesspruch werde ich hier nicht kommentieren,<br>sonst kann ich beim n\u00e4chsten Amtsbesuch nur verlieren.<br>Beim Amt, da tr\u00e4gt man nach, einen solchen Kommentar,<br>weil es angeblich nicht die Praxis und ist somit nicht wahr.<br><br>Vom Stapel nimmt man herunter den n\u00e4chsten Bittsteller.<br>Jeder der Wartenden hofft, geht es nicht doch schneller?<br>Es dauert in einem Amt nun mal seine Bearbeitungszeit,<br>bis man im Amt ist f\u00fcr den N\u00e4chsten zum Handeln bereit.<br><br>Mit dem Wort Amt dahinter kann man nichts erzwingen,<br>aber dann man sollte Geduld und auch Zeit mitbringen.<br>Eile darf man nicht erwarten, hier geht alles seinen Gang,<br>im Amt &#8222;hangelt&#8220; man sich jeden Tag an Akten entlang.<br><br>In den \u00c4mtern gibt es Pferde, sie wiehern zum Himmel,<br>in &#8222;B\u00fcrgerdeutsch&#8220; nennt man sie auch Amtsschimmel.<br>Es gibt einen Sinnesspruch, aber ich sage es wie es ist,<br>so manches mal, macht ein Amtschimmel sehr viel Mist.<br><br>Denn f\u00fcr manches, wie es in einem Amt wird praktiziert,<br>man den Glauben an eine praxisnahe Bearbeitung verliert.<br>Eines sollte die Mitarbeitern vom Amt schon interessieren,<br>dass wir sie mit den Steuergeldern der B\u00fcrger finanzieren.<br> <br>Aufgrund einer nicht immer ganz klaren Gesetzesvorlage,<br>werden Ausf\u00fchrungen f\u00fcr den B\u00fcrger auch mal zur Plage.<br>Aber warum ganz einfach, wenn es geht auch kompliziert?<br>Das Wichtigste ist dabei, dass nur der B\u00fcrger dabei verliert!<br><br>Manchmal werden in einem Amt auch Dinge beschlossen,<br>die die B\u00fcrger ver\u00e4rgern und die werden dann verdrossen.<br>Es wurde wohl nicht richtig recherchiert oder nachgedacht,<br>oder einen Profi gefragt, wie man es h\u00e4tte richtig gemacht.<br><br>Der Begriff &#8222;Amt&#8220; im Volksmund schon so negativ besetzt,<br>das man &#8222;Amt&#8220; durch wohl klingende Namen hat ersetzt.<br>Das Arbeitsamt wurde in &#8222;Agentur f\u00fcr Arbeit&#8220; umbenannt.<br>Das &#8222;Sozialamt f\u00fcr Arbeitsf\u00e4hige&#8220; als &#8222;Jobcenter&#8220; bekannt.<br><br>Jeder neuen Akte wird eine neutrale Bearbeitung garantiert,<br>denn der private oder gesch\u00e4ftliche Stress nicht interessiert.<br>Im Amt die &#8222;Augenh\u00f6he&#8220; und ein angemessener Ton z\u00e4hlt,<br>sonst hat man doch sein Begehren schon im Vorfeld verfehlt.<br><br><strong>\u00a9<\/strong> Rainer Dambroth &#8211; 29.08.2021 &#8211; <strong><a href=\"https:\/\/www.overline-poetry.de\">www.overline-poetry.de<\/a><\/strong><br><br>\ud83d\udd17 <a href=\"https:\/\/www.overline-design.de\/poetry\/?page_id=5011\"><strong>Amtsschimmelreiter<\/strong><\/a><br><br><\/p>\n","protected":false},"excerpt":{"rendered":"<p>Diesen Sinnesspruch werde ich hier nicht kommentieren,sonst kann ich beim n\u00e4chsten Amtsbesuch nur verlieren.Beim Amt, da tr\u00e4gt man nach, einen solchen Kommentar,weil es angeblich nicht die Praxis und ist somit nicht wahr. Vom Stapel nimmt man herunter den n\u00e4chsten Bittsteller.Jeder der Wartenden hofft, geht es nicht doch schneller?Es dauert in einem Amt nun mal seine [&hellip;]<\/p>\n","protected":false},"author":3,"featured_media":0,"parent":0,"menu_order":0,"comment_status":"closed","ping_status":"closed","template":"","meta":{"footnotes":""},"class_list":["post-1429","page","type-page","status-publish","hentry"],"jetpack_sharing_enabled":true,"_links":{"self":[{"href":"https:\/\/www.overline-design.de\/poetry\/index.php?rest_route=\/wp\/v2\/pages\/1429","targetHints":{"allow":["GET"]}}],"collection":[{"href":"https:\/\/www.overline-design.de\/poetry\/index.php?rest_route=\/wp\/v2\/pages"}],"about":[{"href":"https:\/\/www.overline-design.de\/poetry\/index.php?rest_route=\/wp\/v2\/types\/page"}],"author":[{"embeddable":true,"href":"https:\/\/www.overline-design.de\/poetry\/index.php?rest_route=\/wp\/v2\/users\/3"}],"replies":[{"embeddable":true,"href":"https:\/\/www.overline-design.de\/poetry\/index.php?rest_route=%2Fwp%2Fv2%2Fcomments&post=1429"}],"version-history":[{"count":34,"href":"https:\/\/www.overline-design.de\/poetry\/index.php?rest_route=\/wp\/v2\/pages\/1429\/revisions"}],"predecessor-version":[{"id":6479,"href":"https:\/\/www.overline-design.de\/poetry\/index.php?rest_route=\/wp\/v2\/pages\/1429\/revisions\/6479"}],"wp:attachment":[{"href":"https:\/\/www.overline-design.de\/poetry\/index.php?rest_route=%2Fwp%2Fv2%2Fmedia&parent=1429"}],"curies":[{"name":"wp","href":"https:\/\/api.w.org\/{rel}","templated":true}]}}