
{"id":1473,"date":"2021-09-11T08:54:00","date_gmt":"2021-09-11T08:54:00","guid":{"rendered":"https:\/\/overline-design.de\/poetry\/?page_id=1473"},"modified":"2022-09-16T09:35:51","modified_gmt":"2022-09-16T09:35:51","slug":"seit-wann-seid-ihr-da","status":"publish","type":"page","link":"https:\/\/www.overline-design.de\/poetry\/?page_id=1473","title":{"rendered":"Seit wann seid ihr da?"},"content":{"rendered":"\n<p>Der Kasper fragt laut in die Zuh\u00f6rerrunde: \u201e<strong>Seid<\/strong> ihr alle da\u201c<br>und die Kinder der Runde antworten dann gemeinsam mit \u201eJa\u201c.<br>Und <strong>seit<\/strong> wann <strong>seid<\/strong> ihr da, fragt der Kasper dann in die Runde?<br>Da antwortet die Runde: \u201cNicht lange, <strong>seit<\/strong> etwa einer Stunde\u201c.<br><br>Der Lehrer schl\u00e4gt in dem Geschichtsbuch dann eine <strong>Seite<\/strong> auf<br>und die Geschichte auf dieser <strong>Seite<\/strong> nimmt erz\u00e4hlend ihren Lauf.<br>Der Lehrer behauptet: \u201eDie Geschichte auf dieser <strong>Seite<\/strong> ist wahr\u201c,<br>aber den Kindern ist der Inhalt dieser <strong>Seite<\/strong> noch nicht ganz klar.<br><br>Der S\u00e4nger zupft an den <strong>Saiten<\/strong> seiner Gitarre zu seinem Gesang.<br>Das Publikum in der Mitte und an den <strong>Seiten<\/strong> lauschen dem Klang.<br>Vom begleitenden Klavier werden dann angeschlagen die <strong>Saiten<\/strong>,<br>die mit T\u00f6nen der angeschlagenen <strong>Saiten<\/strong> dann Freude bereiten.<br><br>Das kostbare Buch steckt in einer edel verzierten <strong>seidenen<\/strong> H\u00fclle.<br>Darin gedruckt auf vielen <strong>Seiten<\/strong>, Geschichten in \u201eH\u00fclle und F\u00fclle\u201c.<br>Wir schlagen im Buch eine <strong>Seite<\/strong> auf, welches gebunden in <strong>Seide.<\/strong> <strong><br><\/strong>Die Illustrationen auf dieser <strong>Seite<\/strong> sind doch eine \u201eAugenweide\u201c.<br><br>Der Landweg von China nach Europa ist als <strong>Seiden<\/strong>stra\u00dfe bekannt<br>und die Abzweigung von einer Stra\u00dfe wird <strong>Seiten<\/strong>stra\u00dfe genannt.<br>Die <strong>Seidenstra\u00dfe<\/strong>, von H\u00e4ndlern genutzt f\u00fcr den Warenverkehr.<br>Sie kamen von China nach Venedig und Rom, auf Kamelen daher.<br><br>Sie hatten orientalische Gew\u00fcrze dabei und nat\u00fcrlich auch <strong>Seide<\/strong>,<strong><br><\/strong>f\u00fcr die Herrscher in Venedig und Rom brachten sie \u201eGeschmeide\u201c.<br>Die Reisedauer der <strong>Seidenh\u00e4ndler<\/strong> waren zwei Jahre dann schon<br>und sie machten an der <strong>Seidenstra\u00dfe<\/strong> in Karawansereien Station.<br><br><strong>Seide<\/strong> wird von den <strong>Seidenspinnern<\/strong> zu ihrem Schutze produziert.<br>Die <strong>Seidenraupen<\/strong> spinnen sich in <strong>Seidenkokon<\/strong> schutzorientiert.<br>Die Kokons mit lebenden <strong>Seidenraupen<\/strong> dann in Wasser gekocht!<br>und die Gedanken an \u201elebend kochen\u201c habe ich noch nie gemocht.<br><br><strong>\u00a9<\/strong> Rainer Dambroth \u2013 11.09.2021 &#8211; <strong><a href=\"http:\/\/www.overline-poetry.de\/\">www.overline-poetry.de<\/a><br><\/strong><br><\/p>\n\n\n\n<p><br><\/p>\n","protected":false},"excerpt":{"rendered":"<p>Der Kasper fragt laut in die Zuh\u00f6rerrunde: \u201eSeid ihr alle da\u201cund die Kinder der Runde antworten dann gemeinsam mit \u201eJa\u201c.Und seit wann seid ihr da, fragt der Kasper dann in die Runde?Da antwortet die Runde: \u201cNicht lange, seit etwa einer Stunde\u201c. Der Lehrer schl\u00e4gt in dem Geschichtsbuch dann eine Seite aufund die Geschichte auf dieser [&hellip;]<\/p>\n","protected":false},"author":3,"featured_media":0,"parent":0,"menu_order":0,"comment_status":"closed","ping_status":"closed","template":"","meta":{"footnotes":""},"class_list":["post-1473","page","type-page","status-publish","hentry"],"jetpack_sharing_enabled":true,"_links":{"self":[{"href":"https:\/\/www.overline-design.de\/poetry\/index.php?rest_route=\/wp\/v2\/pages\/1473","targetHints":{"allow":["GET"]}}],"collection":[{"href":"https:\/\/www.overline-design.de\/poetry\/index.php?rest_route=\/wp\/v2\/pages"}],"about":[{"href":"https:\/\/www.overline-design.de\/poetry\/index.php?rest_route=\/wp\/v2\/types\/page"}],"author":[{"embeddable":true,"href":"https:\/\/www.overline-design.de\/poetry\/index.php?rest_route=\/wp\/v2\/users\/3"}],"replies":[{"embeddable":true,"href":"https:\/\/www.overline-design.de\/poetry\/index.php?rest_route=%2Fwp%2Fv2%2Fcomments&post=1473"}],"version-history":[{"count":7,"href":"https:\/\/www.overline-design.de\/poetry\/index.php?rest_route=\/wp\/v2\/pages\/1473\/revisions"}],"predecessor-version":[{"id":5957,"href":"https:\/\/www.overline-design.de\/poetry\/index.php?rest_route=\/wp\/v2\/pages\/1473\/revisions\/5957"}],"wp:attachment":[{"href":"https:\/\/www.overline-design.de\/poetry\/index.php?rest_route=%2Fwp%2Fv2%2Fmedia&parent=1473"}],"curies":[{"name":"wp","href":"https:\/\/api.w.org\/{rel}","templated":true}]}}