
{"id":1516,"date":"2020-12-07T11:08:54","date_gmt":"2020-12-07T11:08:54","guid":{"rendered":"https:\/\/overline-design.de\/poetry\/?page_id=1516"},"modified":"2026-01-17T09:43:57","modified_gmt":"2026-01-17T09:43:57","slug":"der-buergermeister-an-der-supermarktkasse","status":"publish","type":"page","link":"https:\/\/www.overline-design.de\/poetry\/?page_id=1516","title":{"rendered":"Der B\u00fcrgermeister an der Supermarktkasse"},"content":{"rendered":"\n<p>Der Bassumer B\u00fcrgermeister bei Inkoop an der Supermarktkasse,<br>f\u00fcr den guten Zweck: Tierpark Petermoor, das finde ich Klasse.<br>Nebenbei hat B\u00fcrgermeister Christian Porsch auch so erfahren,<br>wie es zu Coronazeiten funktioniert, das Verkaufen von Waren.<br>Ganz nebenbei hat er dem Tierpark Petermoor sehr unterst\u00fctzt<br>damit die Tiere nicht verhungern m\u00fcssen, daf\u00fcr hat es gen\u00fctzt.<br>Wenn es beim n\u00e4chsten Mal reicht nicht zur B\u00fcrgermeisterwahl,<br>dann hat er den Job als Kassierer sicher und das auf jeden Fall.<br>Zum Kennenlernen der Bassumer B\u00fcrger hat es nicht geschadet,<br>so hatte er ganz nebenbei in der Bassumer-B\u00fcrgermenge gebadet.<br>Die Bassumer B\u00fcrger durften das auch als B\u00fcrgern\u00e4he verstehen,<br>so konnten sie den B\u00fcrgermeister auch beim &#8222;Arbeiten&#8220; zusehen.<\/p>\n\n\n\n<p><strong>\u00a9<\/strong> Rainer Dambroth &#8211; 05.12.2020 &#8211; <strong><a href=\"https:\/\/www.overline-poetry.de\">www.overline-poetry.de<\/a><\/strong><br><\/p>\n","protected":false},"excerpt":{"rendered":"<p>Der Bassumer B\u00fcrgermeister bei Inkoop an der Supermarktkasse,f\u00fcr den guten Zweck: Tierpark Petermoor, das finde ich Klasse.Nebenbei hat B\u00fcrgermeister Christian Porsch auch so erfahren,wie es zu Coronazeiten funktioniert, das Verkaufen von Waren.Ganz nebenbei hat er dem Tierpark Petermoor sehr unterst\u00fctztdamit die Tiere nicht verhungern m\u00fcssen, daf\u00fcr hat es gen\u00fctzt.Wenn es beim n\u00e4chsten Mal reicht nicht [&hellip;]<\/p>\n","protected":false},"author":3,"featured_media":0,"parent":0,"menu_order":0,"comment_status":"closed","ping_status":"closed","template":"","meta":{"footnotes":""},"class_list":["post-1516","page","type-page","status-publish","hentry"],"jetpack_sharing_enabled":true,"_links":{"self":[{"href":"https:\/\/www.overline-design.de\/poetry\/index.php?rest_route=\/wp\/v2\/pages\/1516","targetHints":{"allow":["GET"]}}],"collection":[{"href":"https:\/\/www.overline-design.de\/poetry\/index.php?rest_route=\/wp\/v2\/pages"}],"about":[{"href":"https:\/\/www.overline-design.de\/poetry\/index.php?rest_route=\/wp\/v2\/types\/page"}],"author":[{"embeddable":true,"href":"https:\/\/www.overline-design.de\/poetry\/index.php?rest_route=\/wp\/v2\/users\/3"}],"replies":[{"embeddable":true,"href":"https:\/\/www.overline-design.de\/poetry\/index.php?rest_route=%2Fwp%2Fv2%2Fcomments&post=1516"}],"version-history":[{"count":6,"href":"https:\/\/www.overline-design.de\/poetry\/index.php?rest_route=\/wp\/v2\/pages\/1516\/revisions"}],"predecessor-version":[{"id":11032,"href":"https:\/\/www.overline-design.de\/poetry\/index.php?rest_route=\/wp\/v2\/pages\/1516\/revisions\/11032"}],"wp:attachment":[{"href":"https:\/\/www.overline-design.de\/poetry\/index.php?rest_route=%2Fwp%2Fv2%2Fmedia&parent=1516"}],"curies":[{"name":"wp","href":"https:\/\/api.w.org\/{rel}","templated":true}]}}