
{"id":1521,"date":"2020-12-07T13:20:04","date_gmt":"2020-12-07T13:20:04","guid":{"rendered":"https:\/\/overline-design.de\/poetry\/?page_id=1521"},"modified":"2022-12-05T16:40:13","modified_gmt":"2022-12-05T16:40:13","slug":"donald-trump-spielt-lotto","status":"publish","type":"page","link":"https:\/\/www.overline-design.de\/poetry\/?page_id=1521","title":{"rendered":"Donald Trump spielt Lotto"},"content":{"rendered":"\n<p>Ich wurde beim Lotto um meinen hohen Gewinn betrogen,<br>denn bei der Bekanntgabe der Lottozahlen hat man gelogen.<br>Fake News war es auch in diesem Fall und das ist doch klar,<br>denn was die Presse dar\u00fcber schreibt, das ist nicht wahr.<br><br>Ich habe bei der Auslosung auch nur meine Zahlen gesehen,<br>das andere Zahlen kamen, war bestimmt nur ein Versehen.<br>Die Lottogesellschaft sich gegen die Gewinnauszahlung stellt,<br>denn sie wollen mich betr\u00fcgen, um mein gewonnenes Geld.<br><br>Ich habe gen\u00fcgende Beweise f\u00fcr diese Unregelm\u00e4ssigkeiten<br>und die werde ich bei Gericht vorlegen zu gegebenen Zeiten.<br>Meine gesamte Familie und meine Freunde hinter mir stehen,<br>denn die haben genauso wie ich, nur meine Zahlen gesehen.<br><br>Ich muss mir nur noch einige &#8222;abh\u00e4ngige&#8220; Zeugen buchen,<br>dann werde ich es mit einer Gerichtsklage doch versuchen.<br>Ich werde k\u00e4mpfen und habe doch eines nur fest im Sinn,<br>denn ich glaube fest an meinen gewonnenen Lottogewinn.<br><br>Ich werde mich beim h\u00f6chsten Gericht dagegen wehren,<br>aber mich vorher schon mal zum Lottogewinner erkl\u00e4ren.<br>Die Lottogesellschaft erkl\u00e4rt mir ihre v\u00f6llige Neutralit\u00e4t,<br>und ich habe keine Ahnung was das ist und wie das geht.<br><br>Der von mir bezahlte Zeuge hat nur meine Zahlen gesehen.<br>Die von der Lottogesellschaft m\u00fcssen das doch verstehen.<br>Mein Ehrenwort, dass muss zum Gewinnen doch reichen,<br>dann mu\u00df auch die Lottogesellschaft sich doch erweichen.<br><br>Ich werde es den Menschen, die mich m\u00f6gen, auch erz\u00e4hlen,<br>dann werden sie mich bestimmt zum Lottogewinner w\u00e4hlen.<br>Bis zum Gewinn reise ich entt\u00e4uscht durch das ganze Land,<br>und habe meinen Schein mit meinen Zahlen in der Hand.<br><br>Lass uns alle gemeinsam f\u00fcr meinen Lottogewinn k\u00e4mpfen,<br>wenn auch die Wahrheiten meine Siegeschancen d\u00e4mpfen.<br>Ich bin Donald Trump und das m\u00fcsst ihr mir alle glauben,<br>ich bin der einzig Wahre und ich kann mir alles erlauben.<br><br><strong>\u00a9<\/strong> Rainer Dambroth &#8211; 07.12.2020 &#8211; <strong><a href=\"https:\/\/www.overline-poetry.de\">www.overline-poetry.de<\/a><\/strong><br><br>\ud83d\udd17 <strong><a href=\"https:\/\/overline-design.de\/poetry\/?page_id=1521(\u00f6ffnet in neuem Tab)\" data-type=\"URL\" data-id=\"https:\/\/overline-design.de\/poetry\/?page_id=1521(\u00f6ffnet in neuem Tab)\">Gestatten mein Name ist Trump, Donald Trump<\/a><\/strong><br><\/p>\n","protected":false},"excerpt":{"rendered":"<p>Ich wurde beim Lotto um meinen hohen Gewinn betrogen,denn bei der Bekanntgabe der Lottozahlen hat man gelogen.Fake News war es auch in diesem Fall und das ist doch klar,denn was die Presse dar\u00fcber schreibt, das ist nicht wahr. Ich habe bei der Auslosung auch nur meine Zahlen gesehen,das andere Zahlen kamen, war bestimmt nur ein [&hellip;]<\/p>\n","protected":false},"author":3,"featured_media":0,"parent":0,"menu_order":0,"comment_status":"closed","ping_status":"closed","template":"","meta":{"footnotes":""},"class_list":["post-1521","page","type-page","status-publish","hentry"],"jetpack_sharing_enabled":true,"_links":{"self":[{"href":"https:\/\/www.overline-design.de\/poetry\/index.php?rest_route=\/wp\/v2\/pages\/1521","targetHints":{"allow":["GET"]}}],"collection":[{"href":"https:\/\/www.overline-design.de\/poetry\/index.php?rest_route=\/wp\/v2\/pages"}],"about":[{"href":"https:\/\/www.overline-design.de\/poetry\/index.php?rest_route=\/wp\/v2\/types\/page"}],"author":[{"embeddable":true,"href":"https:\/\/www.overline-design.de\/poetry\/index.php?rest_route=\/wp\/v2\/users\/3"}],"replies":[{"embeddable":true,"href":"https:\/\/www.overline-design.de\/poetry\/index.php?rest_route=%2Fwp%2Fv2%2Fcomments&post=1521"}],"version-history":[{"count":14,"href":"https:\/\/www.overline-design.de\/poetry\/index.php?rest_route=\/wp\/v2\/pages\/1521\/revisions"}],"predecessor-version":[{"id":6445,"href":"https:\/\/www.overline-design.de\/poetry\/index.php?rest_route=\/wp\/v2\/pages\/1521\/revisions\/6445"}],"wp:attachment":[{"href":"https:\/\/www.overline-design.de\/poetry\/index.php?rest_route=%2Fwp%2Fv2%2Fmedia&parent=1521"}],"curies":[{"name":"wp","href":"https:\/\/api.w.org\/{rel}","templated":true}]}}