
{"id":1601,"date":"2019-12-17T17:43:31","date_gmt":"2019-12-17T17:43:31","guid":{"rendered":"https:\/\/overline-design.de\/poetry\/?page_id=1601"},"modified":"2021-01-08T18:03:51","modified_gmt":"2021-01-08T18:03:51","slug":"heide-17-dezember-2019","status":"publish","type":"page","link":"https:\/\/www.overline-design.de\/poetry\/?page_id=1601","title":{"rendered":"Heide \u2013 17. Dezember 2019"},"content":{"rendered":"\n<p><strong>mit einem Lied das ihr alle kennt;<\/strong><br><strong>man Geburtstagsst\u00e4ndchen nennt.<\/strong><br><br><strong>Happy Birthday &#8230;&#8230;&#8230;&#8230;&#8230;&#8230;&#8230;&#8230;&#8230;&#8230;&#8230;&#8230;<\/strong><br><br><strong>Trinken wir jetzt alle auf Heides Wohl<\/strong><br><strong>mit Wasser oder jede Form von Alkohol,<\/strong><br><strong>und w\u00fcnschen ihr f\u00fcr die n\u00e4chsten Jahre,<\/strong><br><strong>dass eine gute Gesundheit sie erfahre.<\/strong><br><strong>Gesundheit ist das h\u00f6chste Gut auf Erden;<\/strong><br><strong>eine Vorausetzung mit der wir \u00e4lter werden.<\/strong><br><strong>Heide mache noch lange weiter so<\/strong><br><strong>und mach viele Menschen damit froh.<\/strong><br><strong>Nun ist genug geredet der sch\u00f6nen Worte<\/strong><br><strong>und jetzt ran an die Geburtstagtorte,<\/strong><br><strong>die wir alle gemeinsam jetzt geniessen.<\/strong><br><strong>Danke, dass ihr die Geduld habt bewiesen!<\/strong><\/p>\n\n\n\n<p><strong>\u00a9<\/strong> Rainer Dambroth -17.12.2019 &#8211;<strong><a href=\"https:\/\/www.overline-poetry.de\">www.overline-poetry.de<\/a><\/strong> <br><\/p>\n","protected":false},"excerpt":{"rendered":"<p>mit einem Lied das ihr alle kennt;man Geburtstagsst\u00e4ndchen nennt. Happy Birthday &#8230;&#8230;&#8230;&#8230;&#8230;&#8230;&#8230;&#8230;&#8230;&#8230;&#8230;&#8230; Trinken wir jetzt alle auf Heides Wohlmit Wasser oder jede Form von Alkohol,und w\u00fcnschen ihr f\u00fcr die n\u00e4chsten Jahre,dass eine gute Gesundheit sie erfahre.Gesundheit ist das h\u00f6chste Gut auf Erden;eine Vorausetzung mit der wir \u00e4lter werden.Heide mache noch lange weiter sound mach viele [&hellip;]<\/p>\n","protected":false},"author":3,"featured_media":0,"parent":0,"menu_order":0,"comment_status":"closed","ping_status":"closed","template":"","meta":{"footnotes":""},"class_list":["post-1601","page","type-page","status-publish","hentry"],"jetpack_sharing_enabled":true,"_links":{"self":[{"href":"https:\/\/www.overline-design.de\/poetry\/index.php?rest_route=\/wp\/v2\/pages\/1601","targetHints":{"allow":["GET"]}}],"collection":[{"href":"https:\/\/www.overline-design.de\/poetry\/index.php?rest_route=\/wp\/v2\/pages"}],"about":[{"href":"https:\/\/www.overline-design.de\/poetry\/index.php?rest_route=\/wp\/v2\/types\/page"}],"author":[{"embeddable":true,"href":"https:\/\/www.overline-design.de\/poetry\/index.php?rest_route=\/wp\/v2\/users\/3"}],"replies":[{"embeddable":true,"href":"https:\/\/www.overline-design.de\/poetry\/index.php?rest_route=%2Fwp%2Fv2%2Fcomments&post=1601"}],"version-history":[{"count":5,"href":"https:\/\/www.overline-design.de\/poetry\/index.php?rest_route=\/wp\/v2\/pages\/1601\/revisions"}],"predecessor-version":[{"id":2166,"href":"https:\/\/www.overline-design.de\/poetry\/index.php?rest_route=\/wp\/v2\/pages\/1601\/revisions\/2166"}],"wp:attachment":[{"href":"https:\/\/www.overline-design.de\/poetry\/index.php?rest_route=%2Fwp%2Fv2%2Fmedia&parent=1601"}],"curies":[{"name":"wp","href":"https:\/\/api.w.org\/{rel}","templated":true}]}}