
{"id":1632,"date":"2015-10-10T05:27:00","date_gmt":"2015-10-10T05:27:00","guid":{"rendered":"https:\/\/overline-design.de\/poetry\/?page_id=1632"},"modified":"2025-08-09T07:14:53","modified_gmt":"2025-08-09T07:14:53","slug":"35-jahre-leinwandhochzeit","status":"publish","type":"page","link":"https:\/\/www.overline-design.de\/poetry\/?page_id=1632","title":{"rendered":"35 Jahre Leinwandhochzeit"},"content":{"rendered":"\n<p class=\"has-text-align-center\">Heute feiert ihr 35 Jahre Ehestand<br>die Zeit verrann wie im Glas der Sand.<br>Darum wollen wir zu 35. Gedenken,<br>euch diese kleine \u201eLeinwand\u201c schenken.<br><br>Mit Erinnerungen aus vergangenen Zeiten<br>wollen wir euch Freude jetzt bereiten.<br>Denn mit Erinnerungen ist es wie beim Wein,<br>waren die Trauben gut, so schmeckt er fein.<br><br>Gemeinsam gesetzt, haben sie drei Reben,<br>zwei gut gewachsen und sich gef\u00fcllt mit Leben.<br>Die Zeit vergeht, man kann es nicht glauben,<br>denn zwei davon ernten schon s\u00fc\u00dfe Trauben.<br><br>Die dritte Rebe, die braucht noch Zeit,<br>bevor sie f\u00fcr die Vermehrung ist bereit.<br>Die Biene lieber von Bl\u00fcte zu Bl\u00fcte fliegt,<br>bevor die Pflanze davon Fr\u00fcchte kriegt.<br><br>Alles was ihr habt bisher ges\u00e4t,<br>war nur von allerbester Qualit\u00e4t.<br>Ich meine nicht nur den G\u00e4rtnereibetrieb,<br>denn auch andere Dinge sind euch lieb.<br><br>Andreas Hobby ist der Ballon,<br>damit f\u00e4hrt er oft davon.<br>Er liebt es in der Luft zu schweben<br>und sich gegen Himmel zu erheben.<br><br>Connys gr\u00f6\u00dfte Hobby, jetzt k\u00f6nnt ihr raten.<br>Sind nat\u00fcrlich Pflanzen in jedem Garten.<br>Die Augen leuchten und werden fast rund,<br>wenn die Stauden leuchten bunt.<br><br>Ich meine euren Erlebnisgarten,<br>wo die Kunden sehr gerne warten.<br>Denn bei Kaffee und auch Kuchen,<br>l\u00e4sst sich vieles entspannter suchen.<br><br>Darum sagen wir euch hier zum Gru\u00df,<br>was ihr gemacht, hatte Hand und Fu\u00df.<br>Eure Lebensplanung war perfekt,<br>daf\u00fcr zollen wir euch gro\u00dfen Respekt.<br><br>All die Jahre waren wir bereit,<br>haben genommen uns die Zeit.<br>Dieses Mal geht\u2019s nicht, dass ist klar.<br>Vielleicht dann im n\u00e4chsten Jahr.<br><br><strong>\u00a9<\/strong> Rainer Dambroth &#8211; 10.10.2015 &#8211; <strong><a href=\"https:\/\/www.overline-poetry.de\/\">www.overline-poetry.de<\/a><\/strong><br><br>Wie eine gute Leinwand hat sich die Ehe als unzerrei\u00dfbar erwiesen.<br>Manches ist allerdings aufgebraucht; der W\u00e4scheschrank muss neu aufgef\u00fcllt werden. (kirchenweb.alt)<br><br>F\u00fcr euch weiterhin Erfolg und Gl\u00fcck<br>Eure Trauzeugen<br><\/p>\n","protected":false},"excerpt":{"rendered":"<p>Heute feiert ihr 35 Jahre Ehestanddie Zeit verrann wie im Glas der Sand.Darum wollen wir zu 35. Gedenken,euch diese kleine \u201eLeinwand\u201c schenken. Mit Erinnerungen aus vergangenen Zeitenwollen wir euch Freude jetzt bereiten.Denn mit Erinnerungen ist es wie beim Wein,waren die Trauben gut, so schmeckt er fein. Gemeinsam gesetzt, haben sie drei Reben,zwei gut gewachsen und [&hellip;]<\/p>\n","protected":false},"author":3,"featured_media":0,"parent":0,"menu_order":0,"comment_status":"closed","ping_status":"closed","template":"","meta":{"footnotes":""},"class_list":["post-1632","page","type-page","status-publish","hentry"],"jetpack_sharing_enabled":true,"_links":{"self":[{"href":"https:\/\/www.overline-design.de\/poetry\/index.php?rest_route=\/wp\/v2\/pages\/1632","targetHints":{"allow":["GET"]}}],"collection":[{"href":"https:\/\/www.overline-design.de\/poetry\/index.php?rest_route=\/wp\/v2\/pages"}],"about":[{"href":"https:\/\/www.overline-design.de\/poetry\/index.php?rest_route=\/wp\/v2\/types\/page"}],"author":[{"embeddable":true,"href":"https:\/\/www.overline-design.de\/poetry\/index.php?rest_route=\/wp\/v2\/users\/3"}],"replies":[{"embeddable":true,"href":"https:\/\/www.overline-design.de\/poetry\/index.php?rest_route=%2Fwp%2Fv2%2Fcomments&post=1632"}],"version-history":[{"count":8,"href":"https:\/\/www.overline-design.de\/poetry\/index.php?rest_route=\/wp\/v2\/pages\/1632\/revisions"}],"predecessor-version":[{"id":10430,"href":"https:\/\/www.overline-design.de\/poetry\/index.php?rest_route=\/wp\/v2\/pages\/1632\/revisions\/10430"}],"wp:attachment":[{"href":"https:\/\/www.overline-design.de\/poetry\/index.php?rest_route=%2Fwp%2Fv2%2Fmedia&parent=1632"}],"curies":[{"name":"wp","href":"https:\/\/api.w.org\/{rel}","templated":true}]}}