
{"id":2103,"date":"2020-10-09T09:34:00","date_gmt":"2020-10-09T09:34:00","guid":{"rendered":"https:\/\/overline-design.de\/poetry\/?page_id=2103"},"modified":"2024-06-09T04:44:37","modified_gmt":"2024-06-09T04:44:37","slug":"der-wendler","status":"publish","type":"page","link":"https:\/\/www.overline-design.de\/poetry\/?page_id=2103","title":{"rendered":"Der Wendler"},"content":{"rendered":"\n<p>Was will denn der Wendler auf dieser Welt,<br>nur mit seiner Laura und bald kein Geld.<br>Die Laura wird es sehr schnell erkennen,<br>um es deutlich beim Namen zu benennen,<br>ist das Geld alle, deine Ber\u00fchmheit vorbei,<br>dann bist du, der Wendler, ihr bald einerlei.<br>Die Fans werden sich gegen dich wenden<br>und die \u201cFanschaft\u201d zu dir schnell beenden.<br>Bleib in den USA, da hast du deinesgleichen,<br>denn da stapeln sich die Corona-Leichen.<br>Donald ist auch ein Leugner von Corona.<br>Man sieht es nicht, darum ist es nicht da.<br>Denn Leute, die sich dem Staat entsagen,<br>sind nur f\u00fcr uns nur schlecht zu ertragen.<br>Adios f\u00fcr euch und hoffentlich f\u00fcr immer<br>und auf ein \u201cAuf Wiedersehen Nimmer\u201d<\/p>\n\n\n\n<p><strong>\u00a9<\/strong> Rainer Dambroth \u2013 09.10.2020 &#8211; <strong><a href=\"https:\/\/www.overline-poetry.de\">www.overline-poetry.de<\/a><\/strong><\/p>\n","protected":false},"excerpt":{"rendered":"<p>Was will denn der Wendler auf dieser Welt,nur mit seiner Laura und bald kein Geld.Die Laura wird es sehr schnell erkennen,um es deutlich beim Namen zu benennen,ist das Geld alle, deine Ber\u00fchmheit vorbei,dann bist du, der Wendler, ihr bald einerlei.Die Fans werden sich gegen dich wendenund die \u201cFanschaft\u201d zu dir schnell beenden.Bleib in den USA, [&hellip;]<\/p>\n","protected":false},"author":3,"featured_media":0,"parent":0,"menu_order":0,"comment_status":"closed","ping_status":"closed","template":"","meta":{"footnotes":""},"class_list":["post-2103","page","type-page","status-publish","hentry"],"jetpack_sharing_enabled":true,"_links":{"self":[{"href":"https:\/\/www.overline-design.de\/poetry\/index.php?rest_route=\/wp\/v2\/pages\/2103","targetHints":{"allow":["GET"]}}],"collection":[{"href":"https:\/\/www.overline-design.de\/poetry\/index.php?rest_route=\/wp\/v2\/pages"}],"about":[{"href":"https:\/\/www.overline-design.de\/poetry\/index.php?rest_route=\/wp\/v2\/types\/page"}],"author":[{"embeddable":true,"href":"https:\/\/www.overline-design.de\/poetry\/index.php?rest_route=\/wp\/v2\/users\/3"}],"replies":[{"embeddable":true,"href":"https:\/\/www.overline-design.de\/poetry\/index.php?rest_route=%2Fwp%2Fv2%2Fcomments&post=2103"}],"version-history":[{"count":4,"href":"https:\/\/www.overline-design.de\/poetry\/index.php?rest_route=\/wp\/v2\/pages\/2103\/revisions"}],"predecessor-version":[{"id":8730,"href":"https:\/\/www.overline-design.de\/poetry\/index.php?rest_route=\/wp\/v2\/pages\/2103\/revisions\/8730"}],"wp:attachment":[{"href":"https:\/\/www.overline-design.de\/poetry\/index.php?rest_route=%2Fwp%2Fv2%2Fmedia&parent=2103"}],"curies":[{"name":"wp","href":"https:\/\/api.w.org\/{rel}","templated":true}]}}