
{"id":2122,"date":"2021-01-08T18:52:00","date_gmt":"2021-01-08T18:52:00","guid":{"rendered":"https:\/\/overline-design.de\/poetry\/?page_id=2122"},"modified":"2021-04-06T15:30:41","modified_gmt":"2021-04-06T15:30:41","slug":"corona-app-staatlich","status":"publish","type":"page","link":"https:\/\/www.overline-design.de\/poetry\/?page_id=2122","title":{"rendered":"Corona App (staatlich stattlich honoriert)"},"content":{"rendered":"\n<p>Die Corona-App ist auch kalkuliert viel zu teuer,<br>aber was soll\u00b4s, man hat das Geld der Steuer.<br>Auf welche Fakten diese Kalkulation basiert,<br>dass hat keiner hinterfragt und nachkalkuliert.<br><br>Nur die App zu programmieren ist nicht genug.<br>Hier fehlt der praktische Nutzen und der Bezug.<br>Hier ging es nur um das &#8222;schnelle&#8220; Steuergeld<br>und nicht, ob die App auch in der Praxis gef\u00e4llt.<br><br>F\u00fcr die Pflege und Wartung wird es auch teuer,<br>aber was soll\u00b4s, das ist doch nur Geld der Steuer.<br>Wenn es viel kostet, dann ist es auch was wert.<br>Diese &#8222;Denkweise&#8220; ist mit Sicherheit verkehrt.<br><br>Die App ist leider sinnlos und &#8222;unausgegoren&#8220;,<br>man hat als Corona-App-Nutzer gleich verloren.<br>Sie nur die Handynutzer in den Daten registriert<br>und die werden vielleicht mit Chance informiert.<br><br>Der Datenschutz hat die Corona-APP degradiert,<br>so dass sie als Warn-App ihre Wirkung verliert.<br>Wer durch wen wird wann und wie alarmiert,<br>wenn sich jemand sich mit Corona hat infiziert?<\/p>\n\n\n\n<p><strong>\u00a9<\/strong> Rainer Dambroth &#8211; 08.01.2021 &#8211; <strong><a href=\"https:\/\/www.overline-poetry.de\">www.overline-poetry.de<\/a><\/strong><br><br>Hinweis: <br>Die <strong>Luca-App<\/strong> arbeitet anonym und dient als Zeiterfassung bei Lokalbesuchen oder Veranstaltungen anstatt der G\u00e4stelisten! <br>Von der Praxis f\u00fcr die Praxis! Das Konzept hat mich \u00fcberzeugt!<br><br><\/p>\n","protected":false},"excerpt":{"rendered":"<p>Die Corona-App ist auch kalkuliert viel zu teuer,aber was soll\u00b4s, man hat das Geld der Steuer.Auf welche Fakten diese Kalkulation basiert,dass hat keiner hinterfragt und nachkalkuliert. Nur die App zu programmieren ist nicht genug.Hier fehlt der praktische Nutzen und der Bezug.Hier ging es nur um das &#8222;schnelle&#8220; Steuergeldund nicht, ob die App auch in der [&hellip;]<\/p>\n","protected":false},"author":3,"featured_media":0,"parent":0,"menu_order":0,"comment_status":"closed","ping_status":"closed","template":"","meta":{"footnotes":""},"class_list":["post-2122","page","type-page","status-publish","hentry"],"jetpack_sharing_enabled":true,"_links":{"self":[{"href":"https:\/\/www.overline-design.de\/poetry\/index.php?rest_route=\/wp\/v2\/pages\/2122","targetHints":{"allow":["GET"]}}],"collection":[{"href":"https:\/\/www.overline-design.de\/poetry\/index.php?rest_route=\/wp\/v2\/pages"}],"about":[{"href":"https:\/\/www.overline-design.de\/poetry\/index.php?rest_route=\/wp\/v2\/types\/page"}],"author":[{"embeddable":true,"href":"https:\/\/www.overline-design.de\/poetry\/index.php?rest_route=\/wp\/v2\/users\/3"}],"replies":[{"embeddable":true,"href":"https:\/\/www.overline-design.de\/poetry\/index.php?rest_route=%2Fwp%2Fv2%2Fcomments&post=2122"}],"version-history":[{"count":13,"href":"https:\/\/www.overline-design.de\/poetry\/index.php?rest_route=\/wp\/v2\/pages\/2122\/revisions"}],"predecessor-version":[{"id":3402,"href":"https:\/\/www.overline-design.de\/poetry\/index.php?rest_route=\/wp\/v2\/pages\/2122\/revisions\/3402"}],"wp:attachment":[{"href":"https:\/\/www.overline-design.de\/poetry\/index.php?rest_route=%2Fwp%2Fv2%2Fmedia&parent=2122"}],"curies":[{"name":"wp","href":"https:\/\/api.w.org\/{rel}","templated":true}]}}