
{"id":2124,"date":"2021-01-08T18:15:00","date_gmt":"2021-01-08T18:15:00","guid":{"rendered":"https:\/\/overline-design.de\/poetry\/?page_id=2124"},"modified":"2022-12-16T04:50:24","modified_gmt":"2022-12-16T04:50:24","slug":"donald-trump-und-sturm-auf-das-kapitol","status":"publish","type":"page","link":"https:\/\/www.overline-design.de\/poetry\/?page_id=2124","title":{"rendered":"Donald Trump und Sturm auf das Kapitol"},"content":{"rendered":"\n<p>Donald Trump hat lange \u00fcberschritten die Grenzen <br>und als Pr\u00e4sident \u00fcberschritten seine Kompetenzen.<br>Er wusste genau, was er macht und hat es kalkuliert,<br>denn er hat den Mob st\u00e4ndig mit L\u00fcgen konfrontiert.<br><br>Polizei und Sicherheitdienst es sichtbar tolerieren,<br>dass der &#8222;Mob&#8220; konnte die Absperrungen passieren.<br>Die Nationalgarde wurde beordert, aber viel zu sp\u00e4t<br>Donald Trump wollte wohl wissen, wie weit das geht.<br><br>Er hat die Menge &#8222;aufgewiegelt&#8220; und wusste es wohl,<br>dass seine &#8222;Anh\u00e4nger&#8220; werden st\u00fcrmen das Kapitol.<br>Die Aktion ist f\u00fcr einen Demokraten nicht zu fassen,<br>die Konsequenz: &#8222;Den Pr\u00e4sidenten sofort entlassen!&#8220;<br><br>\u00a9 Rainer Dambroth &#8211; 08.01.2021 &#8211;<strong><a href=\"https:\/\/www.overline-poetry.de\">www.overline-poetry.de<\/a><\/strong> <br><br>Die US-Republikaner haben die gewaltsame Erst\u00fcrmung des Kapitols als legitime politische Meinungs\u00e4u\u00dferung bezeichnet. Ein Parteitag in Salt Lake City stimmte US-Medienberichten zufolge einer Resolution zu, mit der die republikanischen Abgeordneten Liz Cheney und Adam Kinzinger wegen ihrer Mitarbeit im Untersuchungsausschuss zum Kapitol-Angriff formell ger\u00fcgt wurden.<br><br>Februar 2022 <\/p>\n","protected":false},"excerpt":{"rendered":"<p>Donald Trump hat lange \u00fcberschritten die Grenzen und als Pr\u00e4sident \u00fcberschritten seine Kompetenzen.Er wusste genau, was er macht und hat es kalkuliert,denn er hat den Mob st\u00e4ndig mit L\u00fcgen konfrontiert. Polizei und Sicherheitdienst es sichtbar tolerieren,dass der &#8222;Mob&#8220; konnte die Absperrungen passieren.Die Nationalgarde wurde beordert, aber viel zu sp\u00e4tDonald Trump wollte wohl wissen, wie weit [&hellip;]<\/p>\n","protected":false},"author":3,"featured_media":0,"parent":0,"menu_order":0,"comment_status":"closed","ping_status":"closed","template":"","meta":{"footnotes":""},"class_list":["post-2124","page","type-page","status-publish","hentry"],"jetpack_sharing_enabled":true,"_links":{"self":[{"href":"https:\/\/www.overline-design.de\/poetry\/index.php?rest_route=\/wp\/v2\/pages\/2124","targetHints":{"allow":["GET"]}}],"collection":[{"href":"https:\/\/www.overline-design.de\/poetry\/index.php?rest_route=\/wp\/v2\/pages"}],"about":[{"href":"https:\/\/www.overline-design.de\/poetry\/index.php?rest_route=\/wp\/v2\/types\/page"}],"author":[{"embeddable":true,"href":"https:\/\/www.overline-design.de\/poetry\/index.php?rest_route=\/wp\/v2\/users\/3"}],"replies":[{"embeddable":true,"href":"https:\/\/www.overline-design.de\/poetry\/index.php?rest_route=%2Fwp%2Fv2%2Fcomments&post=2124"}],"version-history":[{"count":9,"href":"https:\/\/www.overline-design.de\/poetry\/index.php?rest_route=\/wp\/v2\/pages\/2124\/revisions"}],"predecessor-version":[{"id":6566,"href":"https:\/\/www.overline-design.de\/poetry\/index.php?rest_route=\/wp\/v2\/pages\/2124\/revisions\/6566"}],"wp:attachment":[{"href":"https:\/\/www.overline-design.de\/poetry\/index.php?rest_route=%2Fwp%2Fv2%2Fmedia&parent=2124"}],"curies":[{"name":"wp","href":"https:\/\/api.w.org\/{rel}","templated":true}]}}