
{"id":2280,"date":"2021-01-13T17:44:02","date_gmt":"2021-01-13T17:44:02","guid":{"rendered":"https:\/\/www.overline-design.de\/poetry\/?page_id=2280"},"modified":"2021-01-13T17:44:03","modified_gmt":"2021-01-13T17:44:03","slug":"corona-anschreiben-ueber-dhl-gehts-noch","status":"publish","type":"page","link":"https:\/\/www.overline-design.de\/poetry\/?page_id=2280","title":{"rendered":"Corona-Anschreiben \u00fcber DHL? Gehts noch?"},"content":{"rendered":"\n<p>Heute stand es in der Zeitung als Corona-Impfplanungs-Bericht:<br>Die Anschreiben kommen leider von Melde\u00e4mtern direkt nicht.<br>Aus rechtlichen Gr\u00fcnden d\u00fcrfen sie die Adressen nicht ben\u00fctzen?<br>Die Datensch\u00fctzer sollen uns nur vor Datenmi\u00dfbrauch sch\u00fctzen!<br><br>Der Paketdienst DHL soll diese Anschreiben nun an uns versenden<br>und wohl nicht kostenlos und man wird hier Geld verschwenden.<br>In Niedersachsen die Amtsschimmel wiehern und galoppieren.<br>Man wundert sich, kann man so etwas nicht selbst organisieren.<br><br>Das die Corona-App auch nicht, wie gewollt, kann uns informieren,<br>liegt auch an unserem Datenschutz, mit dem wir auch nur verlieren.<br>H\u00e4tte man bei der Adresse nur bei Google oder Facebbok angefragt,<br>die h\u00e4tten bestimmt mit der Adressbereitstellung sofort zugesagt.<\/p>\n\n\n\n<p><strong>\u00a9<\/strong> Rainer Dambroth &#8211; 13.01.2021 &#8211; <strong><a href=\"https:\/\/www.overline-poetry.de\">www.overline-poetry.de<\/a><\/strong> <\/p>\n","protected":false},"excerpt":{"rendered":"<p>Heute stand es in der Zeitung als Corona-Impfplanungs-Bericht:Die Anschreiben kommen leider von Melde\u00e4mtern direkt nicht.Aus rechtlichen Gr\u00fcnden d\u00fcrfen sie die Adressen nicht ben\u00fctzen?Die Datensch\u00fctzer sollen uns nur vor Datenmi\u00dfbrauch sch\u00fctzen! Der Paketdienst DHL soll diese Anschreiben nun an uns versendenund wohl nicht kostenlos und man wird hier Geld verschwenden.In Niedersachsen die Amtsschimmel wiehern und galoppieren.Man [&hellip;]<\/p>\n","protected":false},"author":3,"featured_media":0,"parent":0,"menu_order":0,"comment_status":"closed","ping_status":"closed","template":"","meta":{"footnotes":""},"class_list":["post-2280","page","type-page","status-publish","hentry"],"jetpack_sharing_enabled":true,"_links":{"self":[{"href":"https:\/\/www.overline-design.de\/poetry\/index.php?rest_route=\/wp\/v2\/pages\/2280","targetHints":{"allow":["GET"]}}],"collection":[{"href":"https:\/\/www.overline-design.de\/poetry\/index.php?rest_route=\/wp\/v2\/pages"}],"about":[{"href":"https:\/\/www.overline-design.de\/poetry\/index.php?rest_route=\/wp\/v2\/types\/page"}],"author":[{"embeddable":true,"href":"https:\/\/www.overline-design.de\/poetry\/index.php?rest_route=\/wp\/v2\/users\/3"}],"replies":[{"embeddable":true,"href":"https:\/\/www.overline-design.de\/poetry\/index.php?rest_route=%2Fwp%2Fv2%2Fcomments&post=2280"}],"version-history":[{"count":10,"href":"https:\/\/www.overline-design.de\/poetry\/index.php?rest_route=\/wp\/v2\/pages\/2280\/revisions"}],"predecessor-version":[{"id":2294,"href":"https:\/\/www.overline-design.de\/poetry\/index.php?rest_route=\/wp\/v2\/pages\/2280\/revisions\/2294"}],"wp:attachment":[{"href":"https:\/\/www.overline-design.de\/poetry\/index.php?rest_route=%2Fwp%2Fv2%2Fmedia&parent=2280"}],"curies":[{"name":"wp","href":"https:\/\/api.w.org\/{rel}","templated":true}]}}