
{"id":2320,"date":"2021-01-15T08:53:00","date_gmt":"2021-01-15T08:53:00","guid":{"rendered":"https:\/\/www.overline-design.de\/poetry\/?page_id=2320"},"modified":"2023-01-04T16:02:16","modified_gmt":"2023-01-04T16:02:16","slug":"mogelpackung-die-indirekte-preiserhoehung","status":"publish","type":"page","link":"https:\/\/www.overline-design.de\/poetry\/?page_id=2320","title":{"rendered":"Mogelpackung &#8211; die indirekte Preiserh\u00f6hung"},"content":{"rendered":"\n<p>Die Aussenverpackung wird maximiert<br>und die Inhaltseinwaage wird minimiert.<br>F\u00fcr den Gewinn und ohne eigenen Fleiss,<br>wird so indirekt erh\u00f6ht der Verkaufspreis.<br><br>Die Verpackungsgr\u00f6\u00dfe bleibt so erhalten,<br>so braucht man diese nicht neu gestalten.<br>Um mit Ver\u00e4nderungen nicht zu irritieren<br>und den Verbraucher nicht zu verlieren.<br><br>Wenn Produkte nebeneinander stehen<br>kann man Unterschiede so nicht sehen.<br>Das ist vom Hersteller auch so  geplant,<br>denn man will nicht, dass ihr es ahnt.<br><br>Der Preisdruck der Discounter ist brutal <br>und das ist f\u00fcr die Produzenten sehr fatal.<br>Die Kreativit\u00e4t dann keine Grenzen kennt,<br>so man das Kind dann beim Namen nennt.<br><br>Man wird man kreativ in der Produktion.<br>Gewichtseinsparung und das war es schon!<br>Die Scheiben werden d\u00fcnner oder kleiner,<br>getreu dem Motto: &#8222;Das merkt doch keiner&#8220;.<br><br>Dem Verbraucher ist es nicht immer klar,<br>das dieses Angebot gar nicht so g\u00fcnstig war.<br>&#8222;Mehr schein als sein&#8220;, der Spruch ist richtig,<br>denn die Wahrheit ist dabei nicht so wichtig.<br><br>Verbraucher die sich nur am Preis orientieren,<br>ohne Gewicht und Inhalt genau zu inspizieren.<br>Die werden beim Kauf um den Inhalt belogen,<br>mit der indirekten &#8222;Preiserh\u00f6hung&#8220; betrogen.<br><br>Neue Rezeptur ist nicht immer ein Gewinn.<br>Das ist bei den Produzenten nicht der Sinn.<br>Minderwertige Ver\u00e4nderung der Inhaltsstoffe<br>ist nicht die Verbesserung, auf die ich hoffe.<br><br>Die Einwaage wird prozentual reduziert,<br>so dass der Gewinn prozentual expandiert.<br>Der Produktwert ist meistens sehr gering,<br>durch die Werbung wird es das gro\u00dfe Ding. <br><br>Das Gewicht in jedem St\u00fcck wird reduziert,<br>dann wird die Differenz zusammen addiert<br>und es gibt mit Rechenkunst und Geschick,<br>in der Verpackung jetzt ein weiteres St\u00fcck.<br><br>Das Produkt wird beworben f\u00fcr kurze Zeit,<br>in dem die Produktionfirma ist dazu bereit.<br>Wieder weniger ein St\u00fcck, das ist der Sinn.<br>Durch das &#8222;Weniger&#8220; wird es dann Gewinn.<br> <br><strong>\u00a9<\/strong> Rainer Dambroth &#8211; 15.01.2021 &#8211; <strong><a href=\"https:\/\/www.overline-poetry.de\">www.overline-poetry.de<\/a><\/strong><br><br>\ud83d\udd17 <a href=\"https:\/\/www.overline-design.de\/poetry\/?page_id=980\" data-type=\"URL\" data-id=\"https:\/\/www.overline-design.de\/poetry\/?page_id=980\"><strong>Die wahre Ware<\/strong><\/a><\/p>\n","protected":false},"excerpt":{"rendered":"<p>Die Aussenverpackung wird maximiertund die Inhaltseinwaage wird minimiert.F\u00fcr den Gewinn und ohne eigenen Fleiss,wird so indirekt erh\u00f6ht der Verkaufspreis. Die Verpackungsgr\u00f6\u00dfe bleibt so erhalten,so braucht man diese nicht neu gestalten.Um mit Ver\u00e4nderungen nicht zu irritierenund den Verbraucher nicht zu verlieren. Wenn Produkte nebeneinander stehenkann man Unterschiede so nicht sehen.Das ist vom Hersteller auch so geplant,denn [&hellip;]<\/p>\n","protected":false},"author":3,"featured_media":0,"parent":0,"menu_order":0,"comment_status":"closed","ping_status":"closed","template":"","meta":{"footnotes":""},"class_list":["post-2320","page","type-page","status-publish","hentry"],"jetpack_sharing_enabled":true,"_links":{"self":[{"href":"https:\/\/www.overline-design.de\/poetry\/index.php?rest_route=\/wp\/v2\/pages\/2320","targetHints":{"allow":["GET"]}}],"collection":[{"href":"https:\/\/www.overline-design.de\/poetry\/index.php?rest_route=\/wp\/v2\/pages"}],"about":[{"href":"https:\/\/www.overline-design.de\/poetry\/index.php?rest_route=\/wp\/v2\/types\/page"}],"author":[{"embeddable":true,"href":"https:\/\/www.overline-design.de\/poetry\/index.php?rest_route=\/wp\/v2\/users\/3"}],"replies":[{"embeddable":true,"href":"https:\/\/www.overline-design.de\/poetry\/index.php?rest_route=%2Fwp%2Fv2%2Fcomments&post=2320"}],"version-history":[{"count":13,"href":"https:\/\/www.overline-design.de\/poetry\/index.php?rest_route=\/wp\/v2\/pages\/2320\/revisions"}],"predecessor-version":[{"id":6619,"href":"https:\/\/www.overline-design.de\/poetry\/index.php?rest_route=\/wp\/v2\/pages\/2320\/revisions\/6619"}],"wp:attachment":[{"href":"https:\/\/www.overline-design.de\/poetry\/index.php?rest_route=%2Fwp%2Fv2%2Fmedia&parent=2320"}],"curies":[{"name":"wp","href":"https:\/\/api.w.org\/{rel}","templated":true}]}}