
{"id":2353,"date":"2021-01-17T17:58:00","date_gmt":"2021-01-17T17:58:00","guid":{"rendered":"https:\/\/www.overline-design.de\/poetry\/?page_id=2353"},"modified":"2023-10-29T04:23:26","modified_gmt":"2023-10-29T04:23:26","slug":"neubruchhausen-l332-autobahnzubringer-a1-a2","status":"publish","type":"page","link":"https:\/\/www.overline-design.de\/poetry\/?page_id=2353","title":{"rendered":"Neubruchhausen  &#8211; L332 Autobahnzubringer A1\/A2"},"content":{"rendered":"\n<p>Als wir hier her gezogen, war doch beschaulich der Ort,<br>bei der jetzigen Verkehrsentwicklung m\u00f6chte man fort.<br>Der Berufsverkehr zu den alten Zeiten war v\u00f6llig normal,<br>aber was heute so abgeht, das ist schon eine gro\u00dfe Qual.<br><br>Im Jahr 1994 wurde die Umgehungsstra\u00dfe freigegeben<br>und zu Ende war das ruhige und beschauliche Leben.<br>Direkt zwischen der B51 und B6 liegt Neubruchhausen  <br>und hier rund um die Uhr die LKW\u00b4s &#8222;durchbrausen&#8220;.<br><br>Die Kanaldeckel lagen abgesenkt in der LKW Radspur<br>und es knallte sehr heftig, wenn ein LKW dar\u00fcber fuhr.<br>Das wurde durch Gummipufferringe auf Niveau gebracht,<br>so dass rollende LKW\u00b4s st\u00f6ren nicht zu sehr in der Nacht.<br><br>Dieser st\u00e4ndige rollende und bebende Schwerlastverkehr,<br>ist f\u00fcr die Stabilit\u00e4t von einigen H\u00e4user doch zu schwer.<br>Es zeigen sich schon etliche Risse in dem &#8222;Hausgem\u00e4uer&#8220;.<br>Eine Erhaltung der alten H\u00e4user wird aufw\u00e4ndig und teuer.<br><br>Oftmals wird untersch\u00e4tzt bei Begegnungsverkehr,<br>dabei ist die Berechnung doch gar nicht so schwer.<br>So musste mancher Spiegel dabei sein Leben lassen,.<br>denn drei Autobreiten kann die Stra\u00dfe nicht fassen.<br><br>Die \u00fcbergro\u00dfen Erntemaschinen der Landwirtschaft,<br>die daf\u00fcr zu schmale Landesstrasse auch nicht schafft.<br>Begegnen sich zwei gro\u00dfe Maschinen direkt in dem Ort,<br>dann setzt eine Maschine die Fahrt auf den Fu\u00dfweg fort.<br><br>Durch einen unebenen Deckel wurde die Stra\u00dfe lediert,<br>doch der Schaden wurde nach Meldung schnell repariert.<br>Denn w\u00e4re die Stra\u00dfe weiter aufgerissen, das w\u00e4re fatal,<br>dann f\u00e4hrt der n\u00e4chste LKW direkt in den Stra\u00dfenkanal.<br><br>Auf dem br\u00fcchigen Stra\u00dfenbelag wuchs schon das Gras.<br>so habe ich dann vorgeschlagen, aber nur so aus Spass,<br>doch das Gras zu m\u00e4hen oder die Stra\u00dfe zu reparieren,<br>sonst w\u00fcrde durch den &#8222;Erdwall&#8220; ein Unfall passieren.<br><br>Dann von der B51 zur B6 durch Neubruchhausen,<br>Tag und Nacht durch den Ort die Fahrzeuge &#8222;brausen&#8220;.<br>Nachts im Ort zu parken an der Stra\u00dfe verkehrsgerecht,<br>dann schl\u00e4ft man doch die Nacht schon recht schlecht<br><br>Ich habe in der Nacht &#8222;Blut und Wasser&#8220; geschwitzt,<br>weil die Fahrzeuge zu schnell durch den Ort geflitzt.<br>Morgens mein Fahrzeug auf Sch\u00e4den kontrolliert.<br>und dann die Erleichterung, dass ist nichts passiert<br><br>Ein kleiner Lichtblick waren die S\u00e4ulen f\u00fcr die Maut,<br>durch Geb\u00fchren der Fahrer jetzt in seine Kasse schaut.<br>Der Streckenvorteil mit Maut, das rechnet sich nicht,<br>er bleibt auf der Bahn und f\u00fcr die Abk\u00fcrzung Verzicht.<br><br>Radfahren nach Bassum mit Lkw-Begegnungsverkehr,<br>dass macht auch das Radeln doch besonders schwer.<br>Nicht jedes Fahrzeug sich an den Mindestabstand h\u00e4lt,<br>man muss aufpassen, dass man nicht auf die Nase f\u00e4llt.<br><br><strong>\u00a9<\/strong> Rainer Dambroth &#8211; 17.01.2021 &#8211; <strong><a href=\"https:\/\/www.overline-poetry.de\">www.overline-poetry.de<\/a><\/strong><br><br><br> <br><br><br><br><br><br><\/p>\n","protected":false},"excerpt":{"rendered":"<p>Als wir hier her gezogen, war doch beschaulich der Ort,bei der jetzigen Verkehrsentwicklung m\u00f6chte man fort.Der Berufsverkehr zu den alten Zeiten war v\u00f6llig normal,aber was heute so abgeht, das ist schon eine gro\u00dfe Qual. Im Jahr 1994 wurde die Umgehungsstra\u00dfe freigegebenund zu Ende war das ruhige und beschauliche Leben.Direkt zwischen der B51 und B6 liegt [&hellip;]<\/p>\n","protected":false},"author":3,"featured_media":0,"parent":0,"menu_order":0,"comment_status":"closed","ping_status":"closed","template":"","meta":{"footnotes":""},"class_list":["post-2353","page","type-page","status-publish","hentry"],"jetpack_sharing_enabled":true,"_links":{"self":[{"href":"https:\/\/www.overline-design.de\/poetry\/index.php?rest_route=\/wp\/v2\/pages\/2353","targetHints":{"allow":["GET"]}}],"collection":[{"href":"https:\/\/www.overline-design.de\/poetry\/index.php?rest_route=\/wp\/v2\/pages"}],"about":[{"href":"https:\/\/www.overline-design.de\/poetry\/index.php?rest_route=\/wp\/v2\/types\/page"}],"author":[{"embeddable":true,"href":"https:\/\/www.overline-design.de\/poetry\/index.php?rest_route=\/wp\/v2\/users\/3"}],"replies":[{"embeddable":true,"href":"https:\/\/www.overline-design.de\/poetry\/index.php?rest_route=%2Fwp%2Fv2%2Fcomments&post=2353"}],"version-history":[{"count":28,"href":"https:\/\/www.overline-design.de\/poetry\/index.php?rest_route=\/wp\/v2\/pages\/2353\/revisions"}],"predecessor-version":[{"id":8043,"href":"https:\/\/www.overline-design.de\/poetry\/index.php?rest_route=\/wp\/v2\/pages\/2353\/revisions\/8043"}],"wp:attachment":[{"href":"https:\/\/www.overline-design.de\/poetry\/index.php?rest_route=%2Fwp%2Fv2%2Fmedia&parent=2353"}],"curies":[{"name":"wp","href":"https:\/\/api.w.org\/{rel}","templated":true}]}}