
{"id":2388,"date":"2021-01-20T07:59:00","date_gmt":"2021-01-20T07:59:00","guid":{"rendered":"https:\/\/www.overline-design.de\/poetry\/?page_id=2388"},"modified":"2023-02-06T08:16:41","modified_gmt":"2023-02-06T08:16:41","slug":"donald-trump-ein-albtraum-endet","status":"publish","type":"page","link":"https:\/\/www.overline-design.de\/poetry\/?page_id=2388","title":{"rendered":"Donald Trump &#8211; Ein Albtraum endet"},"content":{"rendered":"\n<p>Der &#8222;Politclown&#8220; hat die Politikmanege verlassen,<br>aber er wird uns wohl noch weiter &#8222;bespassen&#8220;.<br>Dieser Mensch ist eine gro\u00dfe Gefahr f\u00fcr das Land,<br>weil seine W\u00e4hler sind ausser &#8222;Rand und Band&#8220;.<\/p>\n\n\n\n<p>Er hatte den Wahlverr\u00e4ter mit Vergeltung gedroht.<br>Insgesamt ist der Umgangston doch sehr verroht.<br>Er hat seinen W\u00e4hlern auch mit Worten garantiert,<br>dass Donald Trump als Pr\u00e4sident niemals verliert.<\/p>\n\n\n\n<p>Und hat seine W\u00e4hler aufgerufen, das zu holen,<br>was man bei der letzten Wahl hat ihm gestohlen.<br>Er forderte seine W\u00e4hlerschaft auf zum &#8222;Krieg&#8220;<br>und damit sie ihm noch verhelfen zu seinem Sieg.<\/p>\n\n\n\n<p>Er verl\u00e4sst sein Amt ohne Anstand und W\u00fcrde.<br>Der neue Pr\u00e4sident \u00fcbernimmt eine gro\u00dfe B\u00fcrde.<br>Er hatte an der Vereidigung nicht teil genommen,<br>was bei den G\u00e4sten auch nicht gut angekommen.<\/p>\n\n\n\n<p>Seine W\u00e4hler werde ihn wohl bald wiedersehen!<br>Ich frage mich nur, wie soll das denn wohl gehen?<br>Denkbar w\u00e4re ein Wiedersehen &#8222;hinter Gitter&#8220;,<br>wo er nicht die Hetze betreiben kann auf Twitter.<\/p>\n\n\n\n<p><strong>\u00a9<\/strong> Rainer Dambroth &#8211; 20.01.2021 &#8211; <strong><a href=\"https:\/\/www.overline-poetry.de\">www.overline-poetry.de<\/a><\/strong><\/p>\n\n\n\n<p><br><br><br><br><\/p>\n","protected":false},"excerpt":{"rendered":"<p>Der &#8222;Politclown&#8220; hat die Politikmanege verlassen,aber er wird uns wohl noch weiter &#8222;bespassen&#8220;.Dieser Mensch ist eine gro\u00dfe Gefahr f\u00fcr das Land,weil seine W\u00e4hler sind ausser &#8222;Rand und Band&#8220;. Er hatte den Wahlverr\u00e4ter mit Vergeltung gedroht.Insgesamt ist der Umgangston doch sehr verroht.Er hat seinen W\u00e4hlern auch mit Worten garantiert,dass Donald Trump als Pr\u00e4sident niemals verliert. Und [&hellip;]<\/p>\n","protected":false},"author":3,"featured_media":0,"parent":0,"menu_order":0,"comment_status":"closed","ping_status":"closed","template":"","meta":{"footnotes":""},"class_list":["post-2388","page","type-page","status-publish","hentry"],"jetpack_sharing_enabled":true,"_links":{"self":[{"href":"https:\/\/www.overline-design.de\/poetry\/index.php?rest_route=\/wp\/v2\/pages\/2388","targetHints":{"allow":["GET"]}}],"collection":[{"href":"https:\/\/www.overline-design.de\/poetry\/index.php?rest_route=\/wp\/v2\/pages"}],"about":[{"href":"https:\/\/www.overline-design.de\/poetry\/index.php?rest_route=\/wp\/v2\/types\/page"}],"author":[{"embeddable":true,"href":"https:\/\/www.overline-design.de\/poetry\/index.php?rest_route=\/wp\/v2\/users\/3"}],"replies":[{"embeddable":true,"href":"https:\/\/www.overline-design.de\/poetry\/index.php?rest_route=%2Fwp%2Fv2%2Fcomments&post=2388"}],"version-history":[{"count":21,"href":"https:\/\/www.overline-design.de\/poetry\/index.php?rest_route=\/wp\/v2\/pages\/2388\/revisions"}],"predecessor-version":[{"id":6904,"href":"https:\/\/www.overline-design.de\/poetry\/index.php?rest_route=\/wp\/v2\/pages\/2388\/revisions\/6904"}],"wp:attachment":[{"href":"https:\/\/www.overline-design.de\/poetry\/index.php?rest_route=%2Fwp%2Fv2%2Fmedia&parent=2388"}],"curies":[{"name":"wp","href":"https:\/\/api.w.org\/{rel}","templated":true}]}}