
{"id":2425,"date":"2021-02-11T18:36:52","date_gmt":"2021-02-11T18:36:52","guid":{"rendered":"https:\/\/www.overline-design.de\/poetry\/?page_id=2425"},"modified":"2022-02-06T05:46:23","modified_gmt":"2022-02-06T05:46:23","slug":"buergerbus-verbindet-orte","status":"publish","type":"page","link":"https:\/\/www.overline-design.de\/poetry\/?page_id=2425","title":{"rendered":"B\u00fcrgerbus verbindet die Bassumer Ortschaften"},"content":{"rendered":"\n<p>Hier fahren B\u00fcrger f\u00fcr die B\u00fcrger den B\u00fcrgerbus<br>und ersparen den B\u00fcrger so manchen Gang zu Fu\u00df.<br>Kann der B\u00fcrger nicht mehr in dem Ort einkaufen,<br>oder kann nicht zum Einkaufen zu Fu\u00df dann laufen.<br><br>Die L\u00e4den im Ort haben mangels Kunden geschlossen,<br>dass macht gerade unsere \u00e4lteren B\u00fcrger verdrossen.<br>Auch die lieben Nachbarn sind nicht immer bereit,<br>oder sie sind im Beruf und haben deshalb keine Zeit.<br><br>Der B\u00fcrgerbus als Kleinbus im Linienverkehr f\u00e4hrt,<br>auch zum Rathaus, Bahnhof, Krankenhaus verkehrt.<br>Mit nur acht Sitzen, damit ihn, ob Frau oder Mann,<br>mit einem normalen Pkw-F\u00fchrerschein fahren kann.<br><br>Du willst Familie oder Freunde in der Stadt besuchen,<br>dann brauchst du auch kein Taxi mehr zu buchen.<br>Du hast beim Bus feste Abfahrt- und Ankunftzeiten<br>und kannst deine Termine deshalb gut vorbereiten.<br><br>Mit dem Rollstuhl im B\u00fcrgerbus wirst du wieder frei<br>und bist beim gesellschaftlichen Leben auch mit dabei.<br>Zum Treffen mit dem B\u00fcrgerbus in die Orte oder Stadt,<br>oder was Bassum und umzu sonst noch zu bieten hat.<br><br>Auch f\u00fcr den Kinderwagen gibt es im Bus einen Platz<br>dann f\u00e4hrt er in gewohnter Umgebung, der &#8222;Schatz&#8220;.<br>Wenn beim Arzt ein Untersuchungstermin steht an,<br>oder ein Besuch bei der Familie ist mal wieder dran.<br><br>Der B\u00fcrgerbus f\u00e4hrt mit jeder Linie den Bahnhof an,<br>so dass man mit dem Zug oder Bus weiterfahren kann.<br>Du kommst am Bahnhof an, willst weiter nach Haus,<br>dann f\u00e4hrst mit dem B\u00fcrgerbus in die Orte hinaus.<br><br>Du willst zum Friseur, zum Markt oder zum \u00c4rztehaus,<br>dann sieht das ohne den B\u00fcrgerbus schon planlos aus.<br>Du willst einfach mal wieder zu deinen Freunden hin,<br>dann erf\u00fcllt auch hier der B\u00fcrgerbus seinen Sinn.<br><br>Hast du etwas Zeit, bist gesund und im Kopf noch fit,<br>dann schlie\u00dfe dich dem Verein an und fahre auch mit.<br>Hilf auch du mit Engagement und ein bisschen Zeit,<br>dass der Bus auch weiter steht f\u00fcr die B\u00fcrger bereit.<br><br><strong>\u00a9<\/strong> Rainer Dambroth &#8211; 11.02.2021 &#8211; <a href=\"https:\/\/www.overline-poetryde\" data-type=\"URL\" data-id=\"https:\/\/www.overline-poetryde\"><strong>www.overline-poetry.de<\/strong> <\/a><br><br><br><br><br><br><\/p>\n","protected":false},"excerpt":{"rendered":"<p>Hier fahren B\u00fcrger f\u00fcr die B\u00fcrger den B\u00fcrgerbusund ersparen den B\u00fcrger so manchen Gang zu Fu\u00df.Kann der B\u00fcrger nicht mehr in dem Ort einkaufen,oder kann nicht zum Einkaufen zu Fu\u00df dann laufen. Die L\u00e4den im Ort haben mangels Kunden geschlossen,dass macht gerade unsere \u00e4lteren B\u00fcrger verdrossen.Auch die lieben Nachbarn sind nicht immer bereit,oder sie sind [&hellip;]<\/p>\n","protected":false},"author":3,"featured_media":0,"parent":0,"menu_order":0,"comment_status":"closed","ping_status":"closed","template":"","meta":{"footnotes":""},"class_list":["post-2425","page","type-page","status-publish","hentry"],"jetpack_sharing_enabled":true,"_links":{"self":[{"href":"https:\/\/www.overline-design.de\/poetry\/index.php?rest_route=\/wp\/v2\/pages\/2425","targetHints":{"allow":["GET"]}}],"collection":[{"href":"https:\/\/www.overline-design.de\/poetry\/index.php?rest_route=\/wp\/v2\/pages"}],"about":[{"href":"https:\/\/www.overline-design.de\/poetry\/index.php?rest_route=\/wp\/v2\/types\/page"}],"author":[{"embeddable":true,"href":"https:\/\/www.overline-design.de\/poetry\/index.php?rest_route=\/wp\/v2\/users\/3"}],"replies":[{"embeddable":true,"href":"https:\/\/www.overline-design.de\/poetry\/index.php?rest_route=%2Fwp%2Fv2%2Fcomments&post=2425"}],"version-history":[{"count":46,"href":"https:\/\/www.overline-design.de\/poetry\/index.php?rest_route=\/wp\/v2\/pages\/2425\/revisions"}],"predecessor-version":[{"id":5055,"href":"https:\/\/www.overline-design.de\/poetry\/index.php?rest_route=\/wp\/v2\/pages\/2425\/revisions\/5055"}],"wp:attachment":[{"href":"https:\/\/www.overline-design.de\/poetry\/index.php?rest_route=%2Fwp%2Fv2%2Fmedia&parent=2425"}],"curies":[{"name":"wp","href":"https:\/\/api.w.org\/{rel}","templated":true}]}}