
{"id":2554,"date":"2021-02-02T10:27:51","date_gmt":"2021-02-02T10:27:51","guid":{"rendered":"https:\/\/www.overline-design.de\/poetry\/?page_id=2554"},"modified":"2021-02-02T16:44:07","modified_gmt":"2021-02-02T16:44:07","slug":"corona-es-ist-kein-impfstoff-da","status":"publish","type":"page","link":"https:\/\/www.overline-design.de\/poetry\/?page_id=2554","title":{"rendered":"Corona &#8211; &#8222;Es ist kein Impfstoff da&#8220;"},"content":{"rendered":"\n<p>In der Politik wird viel laut &#8222;herum get\u00f6nt&#8220;<br>und die erbrachte Leistung wird &#8222;gesch\u00f6nt&#8220;.<br>Die Schuld wird weit von sich weg geschoben,<br>das Positive f\u00fcr die n\u00e4chste Wahl aufgehoben.<br><br>Nur wie das ganze Problem wird organisiert,<br>in der Politik das wohl keinem interessiert.<br>Zuviel Dilettantismus und ohne viel Geschick,<br>so geht sie vor, unsere Gesundheitspolitik.<br><br>Ein Unternehmer h\u00e4tte das besser gemacht,<br>er h\u00e4tte vorher geplant und nachgedacht.<br>H\u00e4tte ein Unternehmer die Impfung geplant,<br>g\u00e4be es den Termin, schneller als man ahnt.<br><br>Beim Datenschutz man den Glauben verliert,<br>denn der sorgt daf\u00fcr, dass zu wenig passiert.<br>Wo kommen die Adressen der B\u00fcrger her,<br>bei unseren Datensch\u00fctzern ist das schwer.<br><br>So steigert sich bei einem die &#8222;innere Wut&#8220;,<br>die Vorgehenweise gibt einem wenig Mut.<br>Man h\u00f6rt zu oft den Spruch: &#8222;man m\u00fcsste&#8220;.<br>Ach, wenn man vieles doch vorher w\u00fcsste.<br><br>Telefonisch einen Impf-Termin reservieren,<br>nur besetzt und man wird bald resignieren.<br>Das ganze Verfahren ist auch zu kompliziert,<br>so dass die Impfung nicht mehr interessiert.<br><br>Man will nicht auf der Zielgeraden verlieren,<br>also wird man es \u00fcber das Internet riskieren.<br>Auch hier wird man mit Absage konfrontiert!<br>Gut, wenn telefonisch den Termin reserviert?<br><br>W\u00fcrde man f\u00fcr jeden Anruf Geld kassieren,<br>k\u00f6nnte man die Impfung damit finanzieren. <br>Zeitlich begrenzt zu erreichen ist das Telefon,<br>kommst man nicht durch, war es das schon.<br><br>Der einzige Planer, der das Telefon bedient,<br>hat seinen Feierabend sehr wohl verdient.<br>Das ist der Eindruck, den man so gewinnt,<br>wenn einem am Telefon die Zeit &#8222;verinnt&#8220;.<br><br>Morgen neues Gl\u00fcck, vielleicht ein Gewinn.<br>Corona als Lotterie, dass macht keinen Sinn.<br>Jeden Tag soll man es mal wieder versuchen,<br>nur um endlich einen Impftermin zu buchen.<br><br><strong>\u00a9<\/strong> Rainer Dambroth &#8211; 02.02.2021 &#8211; <strong><a href=\"https:\/\/www.overline-poetry.de\">www.overline-poetry.de<\/a><\/strong><br> <br> <br><br><br><br><br><br><br><br><\/p>\n","protected":false},"excerpt":{"rendered":"<p>In der Politik wird viel laut &#8222;herum get\u00f6nt&#8220;und die erbrachte Leistung wird &#8222;gesch\u00f6nt&#8220;.Die Schuld wird weit von sich weg geschoben,das Positive f\u00fcr die n\u00e4chste Wahl aufgehoben. Nur wie das ganze Problem wird organisiert,in der Politik das wohl keinem interessiert.Zuviel Dilettantismus und ohne viel Geschick,so geht sie vor, unsere Gesundheitspolitik. Ein Unternehmer h\u00e4tte das besser gemacht,er [&hellip;]<\/p>\n","protected":false},"author":3,"featured_media":0,"parent":0,"menu_order":0,"comment_status":"closed","ping_status":"closed","template":"","meta":{"footnotes":""},"class_list":["post-2554","page","type-page","status-publish","hentry"],"jetpack_sharing_enabled":true,"_links":{"self":[{"href":"https:\/\/www.overline-design.de\/poetry\/index.php?rest_route=\/wp\/v2\/pages\/2554","targetHints":{"allow":["GET"]}}],"collection":[{"href":"https:\/\/www.overline-design.de\/poetry\/index.php?rest_route=\/wp\/v2\/pages"}],"about":[{"href":"https:\/\/www.overline-design.de\/poetry\/index.php?rest_route=\/wp\/v2\/types\/page"}],"author":[{"embeddable":true,"href":"https:\/\/www.overline-design.de\/poetry\/index.php?rest_route=\/wp\/v2\/users\/3"}],"replies":[{"embeddable":true,"href":"https:\/\/www.overline-design.de\/poetry\/index.php?rest_route=%2Fwp%2Fv2%2Fcomments&post=2554"}],"version-history":[{"count":13,"href":"https:\/\/www.overline-design.de\/poetry\/index.php?rest_route=\/wp\/v2\/pages\/2554\/revisions"}],"predecessor-version":[{"id":2581,"href":"https:\/\/www.overline-design.de\/poetry\/index.php?rest_route=\/wp\/v2\/pages\/2554\/revisions\/2581"}],"wp:attachment":[{"href":"https:\/\/www.overline-design.de\/poetry\/index.php?rest_route=%2Fwp%2Fv2%2Fmedia&parent=2554"}],"curies":[{"name":"wp","href":"https:\/\/api.w.org\/{rel}","templated":true}]}}