
{"id":2557,"date":"2021-02-05T18:41:33","date_gmt":"2021-02-05T18:41:33","guid":{"rendered":"https:\/\/www.overline-design.de\/poetry\/?page_id=2557"},"modified":"2022-11-01T09:52:45","modified_gmt":"2022-11-01T09:52:45","slug":"feiertage-die-auf-das-wochenende-fallen-in-der-woche-nachholen-gehts-noch","status":"publish","type":"page","link":"https:\/\/www.overline-design.de\/poetry\/?page_id=2557","title":{"rendered":"Feiertage, die auf das Wochenende fallen, in der Woche nachholen? Gehts noch?"},"content":{"rendered":"\n<p>Den Menschen geht schon die finanzielle &#8222;Puste&#8220; aus,<br>nun redet die Politik von einem weiteren Tag zu Haus.<br>Wir leben nicht mehr in dem wirtschaftlichen \u00dcberfluss,<br>aber bei solchen abstrusen Ideen kommt nur Verdru\u00df.<br><br>Die Idee kann nur einem Beamten &#8222;entsprungen&#8220; sein,<br>denn der m\u00fc\u00dfte jeden Tag an seinem Schreibtisch sein.<br>Oder sind dies Kapriolen einer verzweifelnden Politik, <br>aber beweisen gegen\u00fcber den B\u00fcrgern wenig Geschick.<br><br>In der Katastrophe beweisst sich die St\u00e4rke der Politik<br>und nicht nur Effekthascherei im falschen Augenblick.<br>Man kann diesem Ideengeber jetzt schon versprechen,<br>im Herbst ist Wahl und das wird sich vielleicht r\u00e4chen.<br><br>\u00a9 Rainer Dambroth &#8211; 05.02.2021 &#8211; <strong><a href=\"https:\/\/www.overline-poetry.de\">www.overline-poetry.de<\/a><\/strong><br><br><br><\/p>\n","protected":false},"excerpt":{"rendered":"<p>Den Menschen geht schon die finanzielle &#8222;Puste&#8220; aus,nun redet die Politik von einem weiteren Tag zu Haus.Wir leben nicht mehr in dem wirtschaftlichen \u00dcberfluss,aber bei solchen abstrusen Ideen kommt nur Verdru\u00df. Die Idee kann nur einem Beamten &#8222;entsprungen&#8220; sein,denn der m\u00fc\u00dfte jeden Tag an seinem Schreibtisch sein.Oder sind dies Kapriolen einer verzweifelnden Politik, aber beweisen [&hellip;]<\/p>\n","protected":false},"author":3,"featured_media":0,"parent":0,"menu_order":0,"comment_status":"closed","ping_status":"closed","template":"","meta":{"footnotes":""},"class_list":["post-2557","page","type-page","status-publish","hentry"],"jetpack_sharing_enabled":true,"_links":{"self":[{"href":"https:\/\/www.overline-design.de\/poetry\/index.php?rest_route=\/wp\/v2\/pages\/2557","targetHints":{"allow":["GET"]}}],"collection":[{"href":"https:\/\/www.overline-design.de\/poetry\/index.php?rest_route=\/wp\/v2\/pages"}],"about":[{"href":"https:\/\/www.overline-design.de\/poetry\/index.php?rest_route=\/wp\/v2\/types\/page"}],"author":[{"embeddable":true,"href":"https:\/\/www.overline-design.de\/poetry\/index.php?rest_route=\/wp\/v2\/users\/3"}],"replies":[{"embeddable":true,"href":"https:\/\/www.overline-design.de\/poetry\/index.php?rest_route=%2Fwp%2Fv2%2Fcomments&post=2557"}],"version-history":[{"count":9,"href":"https:\/\/www.overline-design.de\/poetry\/index.php?rest_route=\/wp\/v2\/pages\/2557\/revisions"}],"predecessor-version":[{"id":6159,"href":"https:\/\/www.overline-design.de\/poetry\/index.php?rest_route=\/wp\/v2\/pages\/2557\/revisions\/6159"}],"wp:attachment":[{"href":"https:\/\/www.overline-design.de\/poetry\/index.php?rest_route=%2Fwp%2Fv2%2Fmedia&parent=2557"}],"curies":[{"name":"wp","href":"https:\/\/api.w.org\/{rel}","templated":true}]}}