
{"id":2591,"date":"2021-02-03T17:28:17","date_gmt":"2021-02-03T17:28:17","guid":{"rendered":"https:\/\/www.overline-design.de\/poetry\/?page_id=2591"},"modified":"2021-02-20T18:27:35","modified_gmt":"2021-02-20T18:27:35","slug":"corona-impftermin-telefon-staendig-besetzt","status":"publish","type":"page","link":"https:\/\/www.overline-design.de\/poetry\/?page_id=2591","title":{"rendered":"Corona &#8211; Impftermin-Telefon st\u00e4ndig besetzt!?"},"content":{"rendered":"\n<p>Will man die Impfwilligen damit nur frustrieren!<br>Man bekommt das Gef\u00fchl, st\u00e4ndig zu verlieren.<br>Eine Ansage mit Absage w\u00e4re hier doch angesagt,<br>damit man den Anruf auf den n\u00e4chsten Tag vertagt.<br><br>In Bayern war ein Termin in kurzer Zeit gemacht,<br>aber in Niedersachsen ist das wohl anders gedacht.<br>Man hatte zum vorbereiten ein ganzes langes Jahr,<br>dass man die Zeit nicht genutzt hat, wird nun klar.<br><br><strong>\u00a9<\/strong> Rainer Dambroth &#8211; 03.02.2021 &#8211; <strong><a href=\"https:\/\/www.overline-poetry.de\">www.overline-poetry.de<\/a><\/strong><br><br><br><\/p>\n","protected":false},"excerpt":{"rendered":"<p>Will man die Impfwilligen damit nur frustrieren!Man bekommt das Gef\u00fchl, st\u00e4ndig zu verlieren.Eine Ansage mit Absage w\u00e4re hier doch angesagt,damit man den Anruf auf den n\u00e4chsten Tag vertagt. In Bayern war ein Termin in kurzer Zeit gemacht,aber in Niedersachsen ist das wohl anders gedacht.Man hatte zum vorbereiten ein ganzes langes Jahr,dass man die Zeit nicht [&hellip;]<\/p>\n","protected":false},"author":3,"featured_media":0,"parent":0,"menu_order":0,"comment_status":"closed","ping_status":"closed","template":"","meta":{"footnotes":""},"class_list":["post-2591","page","type-page","status-publish","hentry"],"jetpack_sharing_enabled":true,"_links":{"self":[{"href":"https:\/\/www.overline-design.de\/poetry\/index.php?rest_route=\/wp\/v2\/pages\/2591","targetHints":{"allow":["GET"]}}],"collection":[{"href":"https:\/\/www.overline-design.de\/poetry\/index.php?rest_route=\/wp\/v2\/pages"}],"about":[{"href":"https:\/\/www.overline-design.de\/poetry\/index.php?rest_route=\/wp\/v2\/types\/page"}],"author":[{"embeddable":true,"href":"https:\/\/www.overline-design.de\/poetry\/index.php?rest_route=\/wp\/v2\/users\/3"}],"replies":[{"embeddable":true,"href":"https:\/\/www.overline-design.de\/poetry\/index.php?rest_route=%2Fwp%2Fv2%2Fcomments&post=2591"}],"version-history":[{"count":2,"href":"https:\/\/www.overline-design.de\/poetry\/index.php?rest_route=\/wp\/v2\/pages\/2591\/revisions"}],"predecessor-version":[{"id":2593,"href":"https:\/\/www.overline-design.de\/poetry\/index.php?rest_route=\/wp\/v2\/pages\/2591\/revisions\/2593"}],"wp:attachment":[{"href":"https:\/\/www.overline-design.de\/poetry\/index.php?rest_route=%2Fwp%2Fv2%2Fmedia&parent=2591"}],"curies":[{"name":"wp","href":"https:\/\/api.w.org\/{rel}","templated":true}]}}