
{"id":2609,"date":"2021-02-25T19:18:14","date_gmt":"2021-02-25T19:18:14","guid":{"rendered":"https:\/\/www.overline-design.de\/poetry\/?page_id=2609"},"modified":"2023-03-25T07:59:24","modified_gmt":"2023-03-25T07:59:24","slug":"schweine-co2-betaeubung","status":"publish","type":"page","link":"https:\/\/www.overline-design.de\/poetry\/?page_id=2609","title":{"rendered":"Schweine CO2-Bet\u00e4ubung"},"content":{"rendered":"\n<p>Die nachfolgenden Zeilen zeigen auf die &#8222;bittere&#8220; Realit\u00e4t,<br>wie man mit den Tieren in den Schlachtfabriken umgeht.<br>Bitte nur diesen Text nur weiterlesen, wenn ihr es wollt<br>und nicht, weil es Wahrheit ist, ihr mit mir dann &#8222;grollt&#8220;.<br> <br>Die Automation in der Schlachtung wurde rationalisiert,<br>was aber zum Leiden der Tiere nicht perfekt funktioniert.<br>Die Bet\u00e4ubung der Schweine wird mit CO2 vorgenommen,<br>so dass die Tiere dann qualvoll ersticken und umkommen.<br><br>Mit Gewalt hineingetrieben, dann qualvoll das Tier erstickt<br>denn ist man im Paternoster gefangen, gibt es kein zur\u00fcck.<br>Bei einer Leistung von bis zu 16.000(!) Schweinen t\u00e4glich,<br>scheitert jedes andere Massent\u00f6tungssystem doch kl\u00e4glich.<br><br>Keiner muss sich nicht mehr das Leiden der Tiere ansehen!<br>Es l\u00e4uft automatisch ab, wenn die Paternoster sich drehen.<br>Unter Ausschluss der Sichtbarkeit wird dieses durchgef\u00fchrt,<br>so erf\u00e4hrt keiner das Tierleid und bleibt somit &#8222;unger\u00fchrt&#8220;.<br><br>Die Verweildauer in der Co2-Grube sind etwa 1,5 Minuten,<br>danach bekommt das Schwein den Bruststich zum Ausbluten.<br>Durch Unregelm\u00e4ssigkeiten, Stress oder einen Lungenschaden,<br>langt die Zeit nicht bis zur Bewusstlosigkeit beim &#8222;CO2-Baden&#8220;.<br><br>Manches Schwein wird bei vollem Bewusstsein aufgeh\u00e4ngt<br>weil eine Nachkontrolle fehlt und die Zeit auch sehr dr\u00e4ngt.<br>Hier geht es nicht um das Tier, sondern nur um St\u00fcck-Akkord!<br>Mit einem Menschen so durchgef\u00fchrt, dann w\u00e4re es Mord!<br><br>Mit dem Zeitdruck wurde der &#8222;Co2-Paternoster&#8220; so eingestellt,<br>dass man die maximalen Bet\u00e4ubungen f\u00fcr die Schweine erh\u00e4lt.<br>Es gibt &#8222;bet\u00e4ubungssichere&#8220; Gase, f\u00fcr diese gro\u00dfe &#8222;Tiermasse&#8220;, <br>aber die sind der Schlachtfabrik zu teuer f\u00fcr die Firmenkasse.<br><br>Vielleicht werden die Schweine schon erstickt bei der Anfahrt,<br>mit dem Co2-Ausstoss vom Viehlaster, der wieder Kosten spart.<br>F\u00fcr den Schlachtfabrikbetreiber w\u00e4re das auf jeden Fall ideal<br>und nat\u00fcrlich auch gut, f\u00fcr das Schlachtfabrikbetreiberkapital.<br><br><strong>\u00a9<\/strong> Rainer Dambroth &#8211; 25.02.2021 &#8211; <strong><a href=\"https:\/\/www.overline-poetry.de\">www.overline-poetry.de<\/a><\/strong><br><br><strong>Hinweis:<\/strong><br>Die Vergasung mit CO2 ist sehr qualvoll, da die Bet\u00e4ubung durch eine zu langsame Erstickung verursacht wird.<br>Andere, schonendere Gase (z.B. Argon, Kohlenmonoxyd) wurden bisher von der Fleischindustrie abgelehnt, da zu teuer.<br>Hier sind die Landwirtschaftministerien gefragt, um zwingende Vorgaben zu machen.<\/p>\n\n\n\n<p><br><\/p>\n","protected":false},"excerpt":{"rendered":"<p>Die nachfolgenden Zeilen zeigen auf die &#8222;bittere&#8220; Realit\u00e4t,wie man mit den Tieren in den Schlachtfabriken umgeht.Bitte nur diesen Text nur weiterlesen, wenn ihr es wolltund nicht, weil es Wahrheit ist, ihr mit mir dann &#8222;grollt&#8220;. Die Automation in der Schlachtung wurde rationalisiert,was aber zum Leiden der Tiere nicht perfekt funktioniert.Die Bet\u00e4ubung der Schweine wird mit [&hellip;]<\/p>\n","protected":false},"author":3,"featured_media":0,"parent":0,"menu_order":0,"comment_status":"closed","ping_status":"closed","template":"","meta":{"footnotes":""},"class_list":["post-2609","page","type-page","status-publish","hentry"],"jetpack_sharing_enabled":true,"_links":{"self":[{"href":"https:\/\/www.overline-design.de\/poetry\/index.php?rest_route=\/wp\/v2\/pages\/2609","targetHints":{"allow":["GET"]}}],"collection":[{"href":"https:\/\/www.overline-design.de\/poetry\/index.php?rest_route=\/wp\/v2\/pages"}],"about":[{"href":"https:\/\/www.overline-design.de\/poetry\/index.php?rest_route=\/wp\/v2\/types\/page"}],"author":[{"embeddable":true,"href":"https:\/\/www.overline-design.de\/poetry\/index.php?rest_route=\/wp\/v2\/users\/3"}],"replies":[{"embeddable":true,"href":"https:\/\/www.overline-design.de\/poetry\/index.php?rest_route=%2Fwp%2Fv2%2Fcomments&post=2609"}],"version-history":[{"count":23,"href":"https:\/\/www.overline-design.de\/poetry\/index.php?rest_route=\/wp\/v2\/pages\/2609\/revisions"}],"predecessor-version":[{"id":7153,"href":"https:\/\/www.overline-design.de\/poetry\/index.php?rest_route=\/wp\/v2\/pages\/2609\/revisions\/7153"}],"wp:attachment":[{"href":"https:\/\/www.overline-design.de\/poetry\/index.php?rest_route=%2Fwp%2Fv2%2Fmedia&parent=2609"}],"curies":[{"name":"wp","href":"https:\/\/api.w.org\/{rel}","templated":true}]}}